{"id":5252,"date":"2018-05-22T12:52:48","date_gmt":"2018-05-22T10:52:48","guid":{"rendered":"http:\/\/ksiegarnia-akademicka.pl\/index.php\/product\/podstawy-ekonomii-czesc-2-makroekonomia-podrecznik-technikum-szkola-policealna\/"},"modified":"2018-12-10T14:20:45","modified_gmt":"2018-12-10T13:20:45","slug":"podstawy-ekonomii-czesc-2-makroekonomia-podrecznik-technikum-szkola-policealna","status":"publish","type":"product","link":"https:\/\/ksiegarnia-akademicka.pl\/index.php\/product\/podstawy-ekonomii-czesc-2-makroekonomia-podrecznik-technikum-szkola-policealna\/","title":{"rendered":"Podstawy ekonomii cz\u0119\u015b\u0107 2 Makroekonomia Podr\u0119cznik Technikum, szko\u0142a policealna"},"content":{"rendered":"<p>Autor:<br \/>\nJanina Mierzejewska-Majcherek<br \/>\nWydawca: Difin<br \/>\nOprawa: Mi\u0119kka<br \/>\nFormat: 16.0&#215;23.0cm<br \/>\nLiczba stron: 222<br \/>\nRok wydania: 2012<\/p>\n<p>Podr\u0119cznik Podstawy ekonomii. Cz\u0119\u015b\u0107 2. Makroekonomia zosta\u0142 opracowany na podstawie programu nauczania podstaw ekonomii, zawartego w dokumentacji programowej dla zawodu technika ekonomisty nr 341[02]\/MEN\/2008.05.20. Jest kontynuacj\u0105 podr\u0119cznika Podstawy ekonomii. Cz\u0119\u015b\u0107 1. Mikroekonomia. <\/p>\n<p>Podr\u0119cznik jest przeznaczony do kszta\u0142cenia na poziomie technikum i szko\u0142y policealnej. Jego tre\u015bci s\u0105 zgodne z podstaw\u0105 programow\u0105 i standardami wymaga\u0144 egzaminacyjnych dla technika ekonomisty. Struktura i tre\u015bci podr\u0119cznika by\u0142y konsultowane z nauczycielami podstaw ekonomii i innych przedmiot\u00f3w ekonomicznych. Podr\u0119cznik sk\u0142ada si\u0119 z czterech cz\u0119\u015bci zawieraj\u0105cych rozdzia\u0142y odpowiadaj\u0105ce dzia\u0142om programu nauczania z zakresu makroekonomii. Ka\u017cdy rozdzia\u0142 zawiera: &#8211; cele uczenia si\u0119, &#8211; wiadomo\u015bci poparte przyk\u0142adami z rzeczywisto\u015bci gospodarczej (w tym z gospodarki polskiej), &#8211; \u0107wiczenia w formie zada\u0144 zamkni\u0119tych i otwartych, &#8211; tre\u015bci dla zainteresowanych, wykaz literatury i stron internetowych.<br \/>\nPokazana jest te\u017c korelacja mi\u0119dzyprzedmiotowa, u\u017cyteczno\u015b\u0107 nabywanej wiedzy i zdobywanych umiej\u0119tno\u015bci w \u017cyciu codziennym, w dalszym uczeniu si\u0119 oraz w przygotowaniu do egzaminu potwierdzaj\u0105cego kwalifikacje zawodowe.<\/p>\n","protected":false},"excerpt":{"rendered":"<p>Autor: Janina Mierzejewska-Majcherek Wydawca: Difin Oprawa: Mi\u0119kka Format: 16.0&#215;23.0cm Liczba [&hellip;]<\/p>\n","protected":false},"featured_media":9332,"template":"","meta":[],"product_brand":[],"product_cat":[17,7499],"product_tag":[337,342,6631],"class_list":{"0":"post-5252","1":"product","2":"type-product","3":"status-publish","4":"has-post-thumbnail","6":"product_cat-ekonomia","7":"product_cat-makro-i-mikroekonomia","8":"product_tag-ekonomia","9":"product_tag-makroekonomia","10":"product_tag-podreczniki-dla-liceow-i-technikow","12":"first","13":"instock","14":"sale","15":"shipping-taxable","16":"purchasable","17":"product-type-simple"},"_links":{"self":[{"href":"https:\/\/ksiegarnia-akademicka.pl\/index.php\/wp-json\/wp\/v2\/product\/5252","targetHints":{"allow":["GET"]}}],"collection":[{"href":"https:\/\/ksiegarnia-akademicka.pl\/index.php\/wp-json\/wp\/v2\/product"}],"about":[{"href":"https:\/\/ksiegarnia-akademicka.pl\/index.php\/wp-json\/wp\/v2\/types\/product"}],"wp:featuredmedia":[{"embeddable":true,"href":"https:\/\/ksiegarnia-akademicka.pl\/index.php\/wp-json\/wp\/v2\/media\/9332"}],"wp:attachment":[{"href":"https:\/\/ksiegarnia-akademicka.pl\/index.php\/wp-json\/wp\/v2\/media?parent=5252"}],"wp:term":[{"taxonomy":"product_brand","embeddable":true,"href":"https:\/\/ksiegarnia-akademicka.pl\/index.php\/wp-json\/wp\/v2\/product_brand?post=5252"},{"taxonomy":"product_cat","embeddable":true,"href":"https:\/\/ksiegarnia-akademicka.pl\/index.php\/wp-json\/wp\/v2\/product_cat?post=5252"},{"taxonomy":"product_tag","embeddable":true,"href":"https:\/\/ksiegarnia-akademicka.pl\/index.php\/wp-json\/wp\/v2\/product_tag?post=5252"}],"curies":[{"name":"wp","href":"https:\/\/api.w.org\/{rel}","templated":true}]}}