{"id":5229,"date":"2018-05-22T12:52:44","date_gmt":"2018-05-22T10:52:44","guid":{"rendered":"http:\/\/ksiegarnia-akademicka.pl\/index.php\/product\/kapital-spoleczny-w-rozwoju-regionu\/"},"modified":"2018-12-15T09:55:36","modified_gmt":"2018-12-15T08:55:36","slug":"kapital-spoleczny-w-rozwoju-regionu","status":"publish","type":"product","link":"https:\/\/ksiegarnia-akademicka.pl\/index.php\/product\/kapital-spoleczny-w-rozwoju-regionu\/","title":{"rendered":"Kapita\u0142 spo\u0142eczny w rozwoju regionu"},"content":{"rendered":"<p>Redakcja: Skawi\u0144ska Eulalia<br \/>\nWydawca: Wydawnictwo Naukowe PWN<br \/>\nOprawa: Mi\u0119kka<br \/>\nFormat: 17.2&#215;24.1<br \/>\nLiczba stron: 224<br \/>\nWydanie: 1<br \/>\nRok wydania: 2012<\/p>\n<p>Obecnie trudno jest o poj\u0119cie tak cz\u0119sto przywo\u0142ywane, tak odmiennie interpretowane oraz jednocze\u015bnie tak jednomy\u015blnie przez przedstawicieli r\u00f3\u017cnych dziedzin nauki uznane za nowoczesny czynnik kreuj\u0105cy Smithowskie \u201ebogactwo narod\u00f3w\u201d jak kapita\u0142 spo\u0142eczny. Mimo wielu publikacji na ten temat brakowa\u0142o na rynku wydawniczym kompleksowego opracowania gromadz\u0105cego i porz\u0105dkuj\u0105cego wiedz\u0119 z tego obszaru.<br \/>\nCelem publikacji jest identyfikacja kapita\u0142u spo\u0142ecznego jako niematerialnego czynnika rozwoju regionu. W ksi\u0105\u017cce przedstawiono:<br \/>\n&#8211;\tpodstawowe koncepcje i poj\u0119cia w \u015bwietle najnowszej \u015bwiatowej literatury;<br \/>\n&#8211;\tfunkcje kapita\u0142u spo\u0142ecznego i propozycj\u0119 metodologii jego bada\u0144;<br \/>\n&#8211;\tuwarunkowania wzrostu kapita\u0142u spo\u0142ecznego, w tym uwzgl\u0119dniono rol\u0119 pa\u0144stwa, samorz\u0105d\u00f3w i instytucji edukacyjnych w kszta\u0142towaniu jego rozwoju.<br \/>\n&#8211;\tjaki wp\u0142yw na efektywno\u015b\u0107 zarz\u0105dzania publicznego ma kapita\u0142 spo\u0142eczny oraz jak przek\u0142ada si\u0119 to na rozw\u00f3j i konkurencyjno\u015b\u0107 region\u00f3w i kraj\u00f3w. <\/p>\n<p>Publikacja \u0142\u0105czy wiedz\u0119 ekonomiczn\u0105, socjologiczn\u0105 oraz politologiczn\u0105 z wyeksponowaniem skutk\u00f3w gospodarczych. Autorzy przeprowadzili badania oraz przedstawili nowe propozycje badawcze kapita\u0142u spo\u0142ecznego z zastosowaniem autorsko opracowanej metody MAKS (multiwymiarowej analizy kapita\u0142u spo\u0142ecznego) na przyk\u0142adzie Wielkopolski.<\/p>\n<p>Ksi\u0105\u017cka powsta\u0142a pod kierunkiem prof. dr hab. Eulalii Skawi\u0144skiej, kt\u00f3ra do wsp\u00f3\u0142pracy zaprosi\u0142a pracownik\u00f3w naukowych Katedry Nauk Ekonomicznych Wydzia\u0142u In\u017cynierii Zarz\u0105dzania Politechniki Pozna\u0144skiej.<\/p>\n","protected":false},"excerpt":{"rendered":"<p>Redakcja: Skawi\u0144ska Eulalia Wydawca: Wydawnictwo Naukowe PWN Oprawa: Mi\u0119kka Format: [&hellip;]<\/p>\n","protected":false},"featured_media":8052,"template":"","meta":[],"product_brand":[],"product_cat":[17,7499,7494],"product_tag":[337,2208,3553,3828,6611,246],"class_list":{"0":"post-5229","1":"product","2":"type-product","3":"status-publish","4":"has-post-thumbnail","6":"product_cat-ekonomia","7":"product_cat-makro-i-mikroekonomia","8":"product_cat-samorzad-terytorialny","9":"product_tag-ekonomia","10":"product_tag-kapital-spoleczny","11":"product_tag-polityka-regionalna","12":"product_tag-rozwoj-regionalny","13":"product_tag-rozwoj-regionu","14":"product_tag-socjologia","16":"first","17":"instock","18":"sale","19":"shipping-taxable","20":"purchasable","21":"product-type-simple"},"_links":{"self":[{"href":"https:\/\/ksiegarnia-akademicka.pl\/index.php\/wp-json\/wp\/v2\/product\/5229","targetHints":{"allow":["GET"]}}],"collection":[{"href":"https:\/\/ksiegarnia-akademicka.pl\/index.php\/wp-json\/wp\/v2\/product"}],"about":[{"href":"https:\/\/ksiegarnia-akademicka.pl\/index.php\/wp-json\/wp\/v2\/types\/product"}],"wp:featuredmedia":[{"embeddable":true,"href":"https:\/\/ksiegarnia-akademicka.pl\/index.php\/wp-json\/wp\/v2\/media\/8052"}],"wp:attachment":[{"href":"https:\/\/ksiegarnia-akademicka.pl\/index.php\/wp-json\/wp\/v2\/media?parent=5229"}],"wp:term":[{"taxonomy":"product_brand","embeddable":true,"href":"https:\/\/ksiegarnia-akademicka.pl\/index.php\/wp-json\/wp\/v2\/product_brand?post=5229"},{"taxonomy":"product_cat","embeddable":true,"href":"https:\/\/ksiegarnia-akademicka.pl\/index.php\/wp-json\/wp\/v2\/product_cat?post=5229"},{"taxonomy":"product_tag","embeddable":true,"href":"https:\/\/ksiegarnia-akademicka.pl\/index.php\/wp-json\/wp\/v2\/product_tag?post=5229"}],"curies":[{"name":"wp","href":"https:\/\/api.w.org\/{rel}","templated":true}]}}