{"id":5187,"date":"2018-05-22T12:52:37","date_gmt":"2018-05-22T10:52:37","guid":{"rendered":"http:\/\/ksiegarnia-akademicka.pl\/index.php\/product\/w-poszukiwaniu-socjologicznej-teorii-rozwoju-miast-meandry-ekonomii-politycznej\/"},"modified":"2021-03-16T12:19:04","modified_gmt":"2021-03-16T11:19:04","slug":"w-poszukiwaniu-socjologicznej-teorii-rozwoju-miast-meandry-ekonomii-politycznej","status":"publish","type":"product","link":"https:\/\/ksiegarnia-akademicka.pl\/index.php\/product\/w-poszukiwaniu-socjologicznej-teorii-rozwoju-miast-meandry-ekonomii-politycznej\/","title":{"rendered":"W poszukiwaniu socjologicznej teorii rozwoju miast Meandry ekonomii politycznej"},"content":{"rendered":"<p>Autor:<br \/>\nMateusz B\u0142aszczak<br \/>\nWydawca: Scholar<br \/>\nOprawa: Mi\u0119kka<br \/>\nFormat: 16.5&#215;23.5cm<br \/>\nLiczba stron: 208<br \/>\nWydanie: 1<br \/>\nRok wydania: 2012<\/p>\n<p>W jaki spos\u00f3b globalizacja zmieni\u0142a trajektorie rozwoju miast?<br \/>\nNa czym polega wsp\u00f3\u0142czesna konkurencja na \u015bwiatowym rynku miejsc?<br \/>\nJak w dobie postfordyzmu kszta\u0142tuj\u0105 si\u0119 relacje mi\u0119dzy gospodark\u0105, polityk\u0105 i mieszka\u0144cami miast?<br \/>\nDlaczego kwestie kultury, lokalnej to\u017csamo\u015bci czy konsumpcji staj\u0105 si\u0119 centralnymi zagadnieniami miejskich polityk?<br \/>\n? Czy \u201ekreatywno\u015b\u0107\u201d rzeczywi\u015bcie jest kluczem do sukcesu i prosperity miasta?<br \/>\n? A w ko\u0144cu: kto dzi\u015b posiada &#8222;prawo do miasta&#8221;?<br \/>\nMi\u0119dzy innymi odpowiedzi na te pytania poszukuje autor w niniejszej ksi\u0105\u017cce. <\/p>\n<p>Mateusz B\u0142aszczyk \u2013 socjolog, adiunkt w Instytucie Socjologii Uniwersytetu Wroc\u0142awskiego. Jako stypendysta Fundacji Batorego studiowa\u0142 statystyk\u0119 stosowan\u0105 na Uniwersytecie \u015arodkowoeuropejskim w Budapeszcie. Swoje zainteresowania naukowe ogniskuje w obszarach studi\u00f3w regionalnych i miejskich, polityki spo\u0142ecznej oraz przemian \u0142adu instytucjonalnego we wsp\u00f3\u0142czesnym spo\u0142ecze\u0144stwie polskim. Bra\u0142 udzia\u0142 w wielu projektach badawczych i rozwojowych, g\u0142\u00f3wnie dotycz\u0105cych Wroc\u0142awia i Dolnego \u015al\u0105ska. Pracuj\u0105c przez 9 lat w administracji samorz\u0105dowej, dzia\u0142alno\u015b\u0107 akademick\u0105 \u0142\u0105czy\u0142 z praktyk\u0105 kreowania polityki rozwoju lokalnego i regionalnego oraz marketingu terytorialnego.<\/p>\n","protected":false},"excerpt":{"rendered":"<p>Autor: Mateusz B\u0142aszczak Wydawca: Scholar Oprawa: Mi\u0119kka Format: 16.5&#215;23.5cm Liczba [&hellip;]<\/p>\n","protected":false},"featured_media":8032,"template":"","meta":[],"product_brand":[],"product_cat":[27,7494,7508],"product_tag":[337,6587,3636,6588,246],"class_list":{"0":"post-5187","1":"product","2":"type-product","3":"status-publish","4":"has-post-thumbnail","6":"product_cat-nauki-spoleczne","7":"product_cat-samorzad-terytorialny","8":"product_cat-socjologia","9":"product_tag-ekonomia","10":"product_tag-lad-przestrzenny","11":"product_tag-miasto","12":"product_tag-osadnictwo","13":"product_tag-socjologia","15":"first","16":"instock","17":"sale","18":"shipping-taxable","19":"purchasable","20":"product-type-simple"},"_links":{"self":[{"href":"https:\/\/ksiegarnia-akademicka.pl\/index.php\/wp-json\/wp\/v2\/product\/5187","targetHints":{"allow":["GET"]}}],"collection":[{"href":"https:\/\/ksiegarnia-akademicka.pl\/index.php\/wp-json\/wp\/v2\/product"}],"about":[{"href":"https:\/\/ksiegarnia-akademicka.pl\/index.php\/wp-json\/wp\/v2\/types\/product"}],"wp:featuredmedia":[{"embeddable":true,"href":"https:\/\/ksiegarnia-akademicka.pl\/index.php\/wp-json\/wp\/v2\/media\/8032"}],"wp:attachment":[{"href":"https:\/\/ksiegarnia-akademicka.pl\/index.php\/wp-json\/wp\/v2\/media?parent=5187"}],"wp:term":[{"taxonomy":"product_brand","embeddable":true,"href":"https:\/\/ksiegarnia-akademicka.pl\/index.php\/wp-json\/wp\/v2\/product_brand?post=5187"},{"taxonomy":"product_cat","embeddable":true,"href":"https:\/\/ksiegarnia-akademicka.pl\/index.php\/wp-json\/wp\/v2\/product_cat?post=5187"},{"taxonomy":"product_tag","embeddable":true,"href":"https:\/\/ksiegarnia-akademicka.pl\/index.php\/wp-json\/wp\/v2\/product_tag?post=5187"}],"curies":[{"name":"wp","href":"https:\/\/api.w.org\/{rel}","templated":true}]}}