{"id":4960,"date":"2018-05-22T12:51:57","date_gmt":"2018-05-22T10:51:57","guid":{"rendered":"http:\/\/ksiegarnia-akademicka.pl\/index.php\/product\/polski-system-podatkowy\/"},"modified":"2018-07-24T11:02:28","modified_gmt":"2018-07-24T09:02:28","slug":"polski-system-podatkowy","status":"publish","type":"product","link":"https:\/\/ksiegarnia-akademicka.pl\/index.php\/product\/polski-system-podatkowy\/","title":{"rendered":"Polski system podatkowy"},"content":{"rendered":"<p>Autor:<br \/>\nGrzegorz Szczodrowski<br \/>\nWydawca: Wydawnictwo Naukowe PWN<br \/>\nOprawa: Mi\u0119kka<br \/>\nFormat: 17.0&#215;23.5cm<br \/>\nLiczba stron: 250<br \/>\nWydanie: 1<br \/>\nRok wydania: 2018<\/p>\n<p>Ksi\u0105\u017cka prezentuje podstawowe cechy polskiego systemu podatkowego. Zawiera teori\u0119 i opis polskich podatk\u00f3w, a tak\u017ce oceny obowi\u0105zuj\u0105cych rozwi\u0105za\u0144, uwarunkowania mi\u0119dzynarodowe systemu podatkowego w Polsce oraz analiz\u0119 wp\u0142ywu opodatkowania na dzia\u0142alno\u015b\u0107 gospodarcz\u0105 firm.<\/p>\n<p>Autor podzieli\u0142 ksi\u0105\u017ck\u0119 na 4 cz\u0119\u015bci:<br \/>\nPodstawy teorii podatku i system\u00f3w podatkowych;<br \/>\nPolski system podatkowy &#8211; zagadnienia og\u00f3lne;<br \/>\nCharakterystyka podatk\u00f3w;<br \/>\nMi\u0119dzynarodowe aspekty opodatkowania.<\/p>\n<p>Do niew\u0105tpliwych zalet ksi\u0105\u017cki zaliczy\u0107 mo\u017cna to, \u017ce zosta\u0142 napisany zrozumia\u0142ym i pi\u0119knym j\u0119zykiem, wolnym od charakterystycznego dla tej tematyki &#8222;prawniczego szyfru&#8221;.<\/p>\n<p>Publikacja zosta\u0142a pomy\u015blana jako podr\u0119cznik akademicki, szczeg\u00f3lnie polecany studentom politologii i kierunk\u00f3w ekonomicznych.<\/p>\n","protected":false},"excerpt":{"rendered":"<p>Autor: Grzegorz Szczodrowski Wydawca: Wydawnictwo Naukowe PWN Oprawa: Mi\u0119kka Format: [&hellip;]<\/p>\n","protected":false},"featured_media":8231,"template":"","meta":[],"product_brand":[],"product_cat":[22],"product_tag":[269,1055,1158],"class_list":{"0":"post-4960","1":"product","2":"type-product","3":"status-publish","4":"has-post-thumbnail","6":"product_cat-podatki-i-prawo-podatkowe","7":"product_tag-podrecznik-akademicki","8":"product_tag-prawo-podatkowe","9":"product_tag-system-podatkowy","11":"first","12":"instock","13":"sale","14":"shipping-taxable","15":"purchasable","16":"product-type-simple"},"_links":{"self":[{"href":"https:\/\/ksiegarnia-akademicka.pl\/index.php\/wp-json\/wp\/v2\/product\/4960","targetHints":{"allow":["GET"]}}],"collection":[{"href":"https:\/\/ksiegarnia-akademicka.pl\/index.php\/wp-json\/wp\/v2\/product"}],"about":[{"href":"https:\/\/ksiegarnia-akademicka.pl\/index.php\/wp-json\/wp\/v2\/types\/product"}],"wp:featuredmedia":[{"embeddable":true,"href":"https:\/\/ksiegarnia-akademicka.pl\/index.php\/wp-json\/wp\/v2\/media\/8231"}],"wp:attachment":[{"href":"https:\/\/ksiegarnia-akademicka.pl\/index.php\/wp-json\/wp\/v2\/media?parent=4960"}],"wp:term":[{"taxonomy":"product_brand","embeddable":true,"href":"https:\/\/ksiegarnia-akademicka.pl\/index.php\/wp-json\/wp\/v2\/product_brand?post=4960"},{"taxonomy":"product_cat","embeddable":true,"href":"https:\/\/ksiegarnia-akademicka.pl\/index.php\/wp-json\/wp\/v2\/product_cat?post=4960"},{"taxonomy":"product_tag","embeddable":true,"href":"https:\/\/ksiegarnia-akademicka.pl\/index.php\/wp-json\/wp\/v2\/product_tag?post=4960"}],"curies":[{"name":"wp","href":"https:\/\/api.w.org\/{rel}","templated":true}]}}