{"id":4891,"date":"2018-05-22T12:51:45","date_gmt":"2018-05-22T10:51:45","guid":{"rendered":"http:\/\/ksiegarnia-akademicka.pl\/index.php\/product\/ochrona-wlasnosci-intelektualnej-2\/"},"modified":"2019-01-04T14:37:49","modified_gmt":"2019-01-04T13:37:49","slug":"ochrona-wlasnosci-intelektualnej-2","status":"publish","type":"product","link":"https:\/\/ksiegarnia-akademicka.pl\/index.php\/product\/ochrona-wlasnosci-intelektualnej-2\/","title":{"rendered":"Ochrona w\u0142asno\u015bci intelektualnej"},"content":{"rendered":"<p>Nale\u017cy do serii:<br \/>\nPODR\u0118CZNIKI PRAWNICZE<br \/>\nAutor:<br \/>\nGrzegorz Michniewicz<br \/>\nWydawca: C.H. Beck<br \/>\nOprawa: Mi\u0119kka<br \/>\nFormat: 14.5&#215;20.7<br \/>\nLiczba stron: 400<br \/>\nWydanie: 3<br \/>\nRok wydania: 2016<\/p>\n<p>Opracowanie ma charakter podr\u0119cznika akademickiego, zawiera podstawowe wiadomo\u015bci z zakresu w\u0142asno\u015bci intelektualnej. Jest adresowane przede wszystkim do student\u00f3w szk\u00f3\u0142 nieprawniczych, ale mo\u017ce zaciekawi\u0107 r\u00f3wnie\u017c tw\u00f3rc\u00f3w, kt\u00f3rzy bezpo\u015brednio s\u0105 zainteresowani ochron\u0105 swoich dzie\u0142. Ponadto z pewno\u015bci\u0105 ka\u017cdy, kto korzysta z Internetu, powinien mie\u0107 podstawow\u0105 wiedz\u0119 na temat zagro\u017ce\u0144, kt\u00f3re mo\u017ce napotka\u0107, gdyby chcia\u0142 kopiowa\u0107 dane zamieszczone na serwerach.<\/p>\n<p>Podr\u0119cznik zawiera nie tylko podstawowe informacje z zakresu w\u0142asno\u015bci intelektualnej, ale r\u00f3wnie\u017c interpretacj\u0119 dotycz\u0105c\u0105 przepis\u00f3w reguluj\u0105cych t\u0119 dziedzin\u0119 prawa. Niezale\u017cnie od tego w pracy przedstawiono normy, kt\u00f3re chroni\u0105 w\u0142asno\u015b\u0107 intelektualn\u0105, co mo\u017ce by\u0107 pewnym u\u0142atwieniem w podj\u0119ciu decyzji roszczeniowych osobom, kt\u00f3rych w\u0142asno\u015b\u0107 intelektualna zosta\u0142a lub mo\u017ce by\u0107 naruszona.<\/p>\n","protected":false},"excerpt":{"rendered":"<p>Nale\u017cy do serii: PODR\u0118CZNIKI PRAWNICZE Autor: Grzegorz Michniewicz Wydawca: C.H. [&hellip;]<\/p>\n","protected":false},"featured_media":10039,"template":"","meta":[],"product_brand":[],"product_cat":[7491,7495,18],"product_tag":[1016,5167,4307,701],"class_list":{"0":"post-4891","1":"product","2":"type-product","3":"status-publish","4":"has-post-thumbnail","6":"product_cat-cywilne","7":"product_cat-gospodarcze-i-handlowe","8":"product_cat-prawo","9":"product_tag-prawo-autorskie","10":"product_tag-prawo-prasowe","11":"product_tag-prawo-wlasnosci-intelektualnej","12":"product_tag-seria-podreczniki-prawnicze","14":"first","15":"instock","16":"sale","17":"shipping-taxable","18":"purchasable","19":"product-type-simple"},"_links":{"self":[{"href":"https:\/\/ksiegarnia-akademicka.pl\/index.php\/wp-json\/wp\/v2\/product\/4891","targetHints":{"allow":["GET"]}}],"collection":[{"href":"https:\/\/ksiegarnia-akademicka.pl\/index.php\/wp-json\/wp\/v2\/product"}],"about":[{"href":"https:\/\/ksiegarnia-akademicka.pl\/index.php\/wp-json\/wp\/v2\/types\/product"}],"wp:featuredmedia":[{"embeddable":true,"href":"https:\/\/ksiegarnia-akademicka.pl\/index.php\/wp-json\/wp\/v2\/media\/10039"}],"wp:attachment":[{"href":"https:\/\/ksiegarnia-akademicka.pl\/index.php\/wp-json\/wp\/v2\/media?parent=4891"}],"wp:term":[{"taxonomy":"product_brand","embeddable":true,"href":"https:\/\/ksiegarnia-akademicka.pl\/index.php\/wp-json\/wp\/v2\/product_brand?post=4891"},{"taxonomy":"product_cat","embeddable":true,"href":"https:\/\/ksiegarnia-akademicka.pl\/index.php\/wp-json\/wp\/v2\/product_cat?post=4891"},{"taxonomy":"product_tag","embeddable":true,"href":"https:\/\/ksiegarnia-akademicka.pl\/index.php\/wp-json\/wp\/v2\/product_tag?post=4891"}],"curies":[{"name":"wp","href":"https:\/\/api.w.org\/{rel}","templated":true}]}}