{"id":472,"date":"2018-05-22T12:41:31","date_gmt":"2018-05-22T10:41:31","guid":{"rendered":"http:\/\/ksiegarnia-akademicka.pl\/index.php\/product\/wspolczesne-partie-i-systemy-partyjne-zagadnienia-teorii-i-praktyki-politycznej\/"},"modified":"2018-07-18T10:14:36","modified_gmt":"2018-07-18T08:14:36","slug":"wspolczesne-partie-i-systemy-partyjne-zagadnienia-teorii-i-praktyki-politycznej","status":"publish","type":"product","link":"https:\/\/ksiegarnia-akademicka.pl\/index.php\/product\/wspolczesne-partie-i-systemy-partyjne-zagadnienia-teorii-i-praktyki-politycznej\/","title":{"rendered":"Wsp\u00f3\u0142czesne partie i systemy partyjne. Zagadnienia teorii i praktyki politycznej."},"content":{"rendered":"<p>Sok\u00f3\u0142 Wojciech, \u017bmigrodzki Marek Wydawnictwo UMCS 2008 wyd.2 poprawione i poszerzone <\/br><\/br><\/p>\n<p>Opracowanie jest syntetycznym uj\u0119ciem podstawowych za\u0142o\u017ce\u0144 teorii<br \/>\npartii politycznych na podstawie dotychczasowego dorobku politologii<br \/>\npolskiej i zagranicznej. Prezentuje r&oacute;wnie\u017c spos&oacute;b ich wykorzystania w<br \/>\nbadaniu tej p\u0142aszczyzny \u017cycia politycznego. Jest to podr\u0119cznik<br \/>\nakademicki przeznaczony dla student&oacute;w politologii jako pomoc do zaj\u0119\u0107<br \/>\npo\u015bwi\u0119conych partiom i systemom partyjnym. Mo\u017ce by\u0107 on u\u017cyteczny do<br \/>\nnauki przedmiot&oacute;w, w kt&oacute;rych obecna jest problematyka partii i system&oacute;w<br \/>\npartyjnych, m.in.: wst\u0119p do nauki o pa\u0144stwie i polityce, wsp&oacute;\u0142czene<br \/>\nsystemy polityczne, teoria polityki. Opracowanie mo\u017ce tak\u017ce znale\u017a\u0107<br \/>\n\u017cyczliwe przyj\u0119cie u czytelnik&oacute;w poszukuj\u0105cych narz\u0119dzi badawczych do<br \/>\nanalizowania polskiej (ale nie tylko) sceny politycznej.<\/p>\n<p><\/br><\/br>pozycja dost\u0119pna<\/p>\n<p>Ksi\u0105\u017cka uszkodzona (zalana) ale w dobrym stanie (strony nie sklejone)<\/p>\n","protected":false},"excerpt":{"rendered":"<p>Sok\u00f3\u0142 Wojciech, \u017bmigrodzki Marek Wydawnictwo UMCS 2008 wyd.2 poprawione i [&hellip;]<\/p>\n","protected":false},"featured_media":8037,"template":"","meta":[],"product_brand":[],"product_cat":[7496,7497,18],"product_tag":[6285,1245,1250,1249],"class_list":{"0":"post-472","1":"product","2":"type-product","3":"status-publish","4":"has-post-thumbnail","6":"product_cat-konstytucyjne","7":"product_cat-ogolne-zagadnienia-prawa","8":"product_cat-prawo","9":"product_tag-historia-panstwa-i-prawa","10":"product_tag-partie-polityczne","11":"product_tag-system-partyjny-w-polsce","12":"product_tag-systemy-partyjne","14":"first","15":"instock","16":"sale","17":"shipping-taxable","18":"purchasable","19":"product-type-simple"},"_links":{"self":[{"href":"https:\/\/ksiegarnia-akademicka.pl\/index.php\/wp-json\/wp\/v2\/product\/472","targetHints":{"allow":["GET"]}}],"collection":[{"href":"https:\/\/ksiegarnia-akademicka.pl\/index.php\/wp-json\/wp\/v2\/product"}],"about":[{"href":"https:\/\/ksiegarnia-akademicka.pl\/index.php\/wp-json\/wp\/v2\/types\/product"}],"wp:featuredmedia":[{"embeddable":true,"href":"https:\/\/ksiegarnia-akademicka.pl\/index.php\/wp-json\/wp\/v2\/media\/8037"}],"wp:attachment":[{"href":"https:\/\/ksiegarnia-akademicka.pl\/index.php\/wp-json\/wp\/v2\/media?parent=472"}],"wp:term":[{"taxonomy":"product_brand","embeddable":true,"href":"https:\/\/ksiegarnia-akademicka.pl\/index.php\/wp-json\/wp\/v2\/product_brand?post=472"},{"taxonomy":"product_cat","embeddable":true,"href":"https:\/\/ksiegarnia-akademicka.pl\/index.php\/wp-json\/wp\/v2\/product_cat?post=472"},{"taxonomy":"product_tag","embeddable":true,"href":"https:\/\/ksiegarnia-akademicka.pl\/index.php\/wp-json\/wp\/v2\/product_tag?post=472"}],"curies":[{"name":"wp","href":"https:\/\/api.w.org\/{rel}","templated":true}]}}