{"id":4694,"date":"2018-05-22T12:51:12","date_gmt":"2018-05-22T10:51:12","guid":{"rendered":"http:\/\/ksiegarnia-akademicka.pl\/index.php\/product\/pedagogika-spoleczna-t-2-podrecznik-akademicki\/"},"modified":"2018-12-06T10:46:38","modified_gmt":"2018-12-06T09:46:38","slug":"pedagogika-spoleczna-t-2-podrecznik-akademicki","status":"publish","type":"product","link":"https:\/\/ksiegarnia-akademicka.pl\/index.php\/product\/pedagogika-spoleczna-t-2-podrecznik-akademicki\/","title":{"rendered":"Pedagogika spo\u0142eczna t.2 Podr\u0119cznik akademicki"},"content":{"rendered":"<p>Redakcja: Marynowicz-Hetka Ewa<br \/>\nWydawca: Wydawnictwo Naukowe PWN<br \/>\nOprawa: Mi\u0119kka<br \/>\nFormat: 16.5&#215;23.5cm<br \/>\nLiczba stron: 668<br \/>\nWydanie: 1<br \/>\nRok wydania: 2018<\/p>\n<p>Prezentuje dyskusj\u0119 o dyscyplinie, jej zmienno\u015bci i paradygmatach<br \/>\nUkazuje zwi\u0105zki pedagogiki spo\u0142ecznej z innymi naukami o wychowaniu, kulturze i spo\u0142ecze\u0144stwie<br \/>\nOmawia odmiany spo\u0142eczno-pedagogicznego punktu widzenia w innych krajach<br \/>\nWskazuje pola dzia\u0142ania pedagoga spo\u0142ecznego w obszarze andragogiki, gerontologii, poradnictwa, pracy socjalnej<br \/>\nPrzedstawia propozycje praktycznych rozwi\u0105za\u0144 w obr\u0119bie regionu, \u015brodowisk lokalnych, rodziny w \u015bwietle zmian spo\u0142ecznych i post\u0119puj\u0105cej kulturowej globalizacji<\/p>\n","protected":false},"excerpt":{"rendered":"<p>Redakcja: Marynowicz-Hetka Ewa Wydawca: Wydawnictwo Naukowe PWN Oprawa: Mi\u0119kka Format: [&hellip;]<\/p>\n","protected":false},"featured_media":9126,"template":"","meta":[],"product_brand":[],"product_cat":[28],"product_tag":[51,2972,269],"class_list":{"0":"post-4694","1":"product","2":"type-product","3":"status-publish","4":"has-post-thumbnail","6":"product_cat-pedagogika","7":"product_tag-pedagogika","8":"product_tag-pedagogika-spoleczna","9":"product_tag-podrecznik-akademicki","11":"first","12":"instock","13":"sale","14":"shipping-taxable","15":"purchasable","16":"product-type-simple"},"_links":{"self":[{"href":"https:\/\/ksiegarnia-akademicka.pl\/index.php\/wp-json\/wp\/v2\/product\/4694","targetHints":{"allow":["GET"]}}],"collection":[{"href":"https:\/\/ksiegarnia-akademicka.pl\/index.php\/wp-json\/wp\/v2\/product"}],"about":[{"href":"https:\/\/ksiegarnia-akademicka.pl\/index.php\/wp-json\/wp\/v2\/types\/product"}],"wp:featuredmedia":[{"embeddable":true,"href":"https:\/\/ksiegarnia-akademicka.pl\/index.php\/wp-json\/wp\/v2\/media\/9126"}],"wp:attachment":[{"href":"https:\/\/ksiegarnia-akademicka.pl\/index.php\/wp-json\/wp\/v2\/media?parent=4694"}],"wp:term":[{"taxonomy":"product_brand","embeddable":true,"href":"https:\/\/ksiegarnia-akademicka.pl\/index.php\/wp-json\/wp\/v2\/product_brand?post=4694"},{"taxonomy":"product_cat","embeddable":true,"href":"https:\/\/ksiegarnia-akademicka.pl\/index.php\/wp-json\/wp\/v2\/product_cat?post=4694"},{"taxonomy":"product_tag","embeddable":true,"href":"https:\/\/ksiegarnia-akademicka.pl\/index.php\/wp-json\/wp\/v2\/product_tag?post=4694"}],"curies":[{"name":"wp","href":"https:\/\/api.w.org\/{rel}","templated":true}]}}