{"id":4684,"date":"2018-05-22T12:51:11","date_gmt":"2018-05-22T10:51:11","guid":{"rendered":"http:\/\/ksiegarnia-akademicka.pl\/index.php\/product\/skuteczna-rekrutacja-i-selekcja-pracownikow-successful-recruitment-and-ion-a-practical-guide-for-managers\/"},"modified":"2018-07-24T11:27:29","modified_gmt":"2018-07-24T09:27:29","slug":"skuteczna-rekrutacja-i-selekcja-pracownikow-successful-recruitment-and-ion-a-practical-guide-for-managers","status":"publish","type":"product","link":"https:\/\/ksiegarnia-akademicka.pl\/index.php\/product\/skuteczna-rekrutacja-i-selekcja-pracownikow-successful-recruitment-and-ion-a-practical-guide-for-managers\/","title":{"rendered":"Skuteczna rekrutacja i selekcja pracownik\u00f3w Successful recruitment and ion. A Practical Guide for Managers"},"content":{"rendered":"<p>Autor:<br \/>\nMargaret Dale<br \/>\nT\u0142umacze: W\u00f3jcik Leszek<br \/>\nWydawca: Wolters Kluwer<br \/>\nOprawa: Mi\u0119kka<br \/>\nFormat: 15.5&#215;23.5cm<br \/>\nLiczba stron: 308<\/p>\n<p>Dzia\u0142ania podejmowane przez pracodawc\u0119 w celu pozyskania odpowiednich kandydat\u00f3w i wyboru najlepszych z nich mo\u017cna por\u00f3wna\u0107 do decyzji inwestycyjnych. Korygowanie skutk\u00f3w b\u0142\u0119dnej decyzji jest zwykle czasoch\u0142onne i kosztowne. W\u0142a\u015bciwa decyzja natomiast mo\u017ce przynie\u015b\u0107 efekty dalece przewy\u017cszaj\u0105ce oczekiwania obu stron. <\/p>\n<p>W udoskonalaniu procesu rekrutacji i selekcji pomocne b\u0119d\u0105 przedstawione w ksi\u0105\u017cce praktyczne metody przeprowadzania kolejnych jego etap\u00f3w, do kt\u00f3rych zalicza si\u0119:<\/p>\n<p>&#8211; tworzenie opisu stanowiska i profilu osobowego,<br \/>\n&#8211; poszukiwanie odpowiednich kandydat\u00f3w,<br \/>\n&#8211; przeprowadzanie wst\u0119pnej selekcji i testowanie,<br \/>\n&#8211; podejmowanie decyzji dotycz\u0105cej zatrudnienia,<br \/>\n&#8211; przyjmowanie kandydata do pracy,<br \/>\n&#8211; dokonywanie oceny wynik\u00f3w poszczeg\u00f3lnych faz procesu rekrutacji i selekcji.<br \/>\nPoruszane zagadnienia s\u0105 zilustrowane s<\/p>\n","protected":false},"excerpt":{"rendered":"<p>Autor: Margaret Dale T\u0142umacze: W\u00f3jcik Leszek Wydawca: Wolters Kluwer Oprawa: [&hellip;]<\/p>\n","protected":false},"featured_media":8237,"template":"","meta":[],"product_brand":[],"product_cat":[30,7513],"product_tag":[6336,545,538],"class_list":{"0":"post-4684","1":"product","2":"type-product","3":"status-publish","4":"has-post-thumbnail","6":"product_cat-zarzadzanie","7":"product_cat-zarzadzanie-zasobami-ludzkimi","8":"product_tag-rekrutacja-i-selekcja","9":"product_tag-zarzadzanie-personelem","10":"product_tag-zarzadzanie-zasobami-ludzkimi","12":"first","13":"instock","14":"sale","15":"shipping-taxable","16":"purchasable","17":"product-type-simple"},"_links":{"self":[{"href":"https:\/\/ksiegarnia-akademicka.pl\/index.php\/wp-json\/wp\/v2\/product\/4684","targetHints":{"allow":["GET"]}}],"collection":[{"href":"https:\/\/ksiegarnia-akademicka.pl\/index.php\/wp-json\/wp\/v2\/product"}],"about":[{"href":"https:\/\/ksiegarnia-akademicka.pl\/index.php\/wp-json\/wp\/v2\/types\/product"}],"wp:featuredmedia":[{"embeddable":true,"href":"https:\/\/ksiegarnia-akademicka.pl\/index.php\/wp-json\/wp\/v2\/media\/8237"}],"wp:attachment":[{"href":"https:\/\/ksiegarnia-akademicka.pl\/index.php\/wp-json\/wp\/v2\/media?parent=4684"}],"wp:term":[{"taxonomy":"product_brand","embeddable":true,"href":"https:\/\/ksiegarnia-akademicka.pl\/index.php\/wp-json\/wp\/v2\/product_brand?post=4684"},{"taxonomy":"product_cat","embeddable":true,"href":"https:\/\/ksiegarnia-akademicka.pl\/index.php\/wp-json\/wp\/v2\/product_cat?post=4684"},{"taxonomy":"product_tag","embeddable":true,"href":"https:\/\/ksiegarnia-akademicka.pl\/index.php\/wp-json\/wp\/v2\/product_tag?post=4684"}],"curies":[{"name":"wp","href":"https:\/\/api.w.org\/{rel}","templated":true}]}}