{"id":4661,"date":"2018-05-22T12:51:07","date_gmt":"2018-05-22T10:51:07","guid":{"rendered":"http:\/\/ksiegarnia-akademicka.pl\/index.php\/product\/prawo-rodzinne-3\/"},"modified":"2020-11-05T11:00:18","modified_gmt":"2020-11-05T10:00:18","slug":"prawo-rodzinne-3","status":"publish","type":"product","link":"https:\/\/ksiegarnia-akademicka.pl\/index.php\/product\/prawo-rodzinne-3\/","title":{"rendered":"Prawo rodzinne"},"content":{"rendered":"<p>Nale\u017cy do serii:<br \/>\nSERIA AKADEMICKA<br \/>\nAutor:<br \/>\nJerzy Ignatowicz<br \/>\nMiros\u0142aw Nazar<br \/>\nWydawca: Wolters Kluwer<br \/>\nOprawa: Mi\u0119kka<br \/>\nFormat: 16.5&#215;24.0cm<br \/>\nLiczba stron: 682<br \/>\nWydanie: 5<br \/>\nRok wydania: 2016<br \/>\nJ\u0119zyk wydania: polski<\/p>\n<p>Niniejsze opracowanie jest kontynuacj\u0105 podr\u0119cznika Profesora Jerzego Ignatowicza, kt\u00f3rego pierwsze wydanie ukaza\u0142o si\u0119 w 1987 r., ostatnie wydanie zaktualizowane przez samego Profesora &#8211; w 1996 r., a dwa nast\u0119pne uaktualnione wydania &#8211; w latach 2000 i 2001.<\/p>\n<p>Kolejne nowelizacje Kodeksu rodzinnego i opieku\u0144czego oraz zmiany innych ustaw spowodowa\u0142y konieczno\u015b\u0107 opraco wania podr\u0119cznika w zmienionej postaci (I wydanie &#8211; 2005 r.; II wydanie &#8211; 2006 r.; III wydanie &#8211; 2010 r.; IV wydanie &#8211; 2012 r.).<\/p>\n<p>W obecnym pi\u0105tym wydaniu zosta\u0142y uwzgl\u0119dnione wszystkie dotychczasowe nowelizacje Kodeksu rodzinnego i opieku\u0144czego z lat 1975-2016 oraz zmiany odr\u0119bnych unormowa\u0144 dotycz\u0105cych spraw rodzinnych. Zawiera ono r\u00f3wnie\u017c inne uzupe\u0142nienia i zmiany tekstu poprzedniego wydania oraz uwzgl\u0119dnia naj- nowsze orzecznictwo i literatur\u0119.<\/p>\n<p>W celu u\u0142atwienia \u015bledzenia toku wyk\u0142adu zosta\u0142y wprowadzone piktogramy wskazuj\u0105ce na charakter wywod\u00f3w, a tak\u017ce pogrubienie czcionki podkre\u015blaj\u0105ce wa\u017cne partie materia\u0142u. Fragmenty podr\u0119cznika b\u0119d\u0105ce uzupe\u0142nieniem zasadniczego toku wyk\u0142adu s\u0105 sformatowane z zastosowaniem ma\u0142ej czcionki. Wewn\u0119trzna numeracja w tek\u015bcie podr\u0119cznika powinna u\u0142atwi\u0107 odnalezienie poj\u0119\u0107 ze skorowidza i orientacj\u0119 w odes\u0142aniach.<\/p>\n<p>Stan prawny na 1 pa\u017adziernika 2016 roku<\/p>\n","protected":false},"excerpt":{"rendered":"<p>Nale\u017cy do serii: SERIA AKADEMICKA Autor: Jerzy Ignatowicz Miros\u0142aw Nazar [&hellip;]<\/p>\n","protected":false},"featured_media":13524,"template":"","meta":[],"product_brand":[],"product_cat":[7492,7491,18],"product_tag":[615,4584,330],"class_list":{"0":"post-4661","1":"product","2":"type-product","3":"status-publish","4":"has-post-thumbnail","6":"product_cat-administracyjne","7":"product_cat-cywilne","8":"product_cat-prawo","9":"product_tag-prawo-cywilne","10":"product_tag-prawo-rodzinne-i-opiekuncze","11":"product_tag-seria-akademicka","13":"first","14":"instock","15":"sale","16":"shipping-taxable","17":"purchasable","18":"product-type-simple"},"_links":{"self":[{"href":"https:\/\/ksiegarnia-akademicka.pl\/index.php\/wp-json\/wp\/v2\/product\/4661","targetHints":{"allow":["GET"]}}],"collection":[{"href":"https:\/\/ksiegarnia-akademicka.pl\/index.php\/wp-json\/wp\/v2\/product"}],"about":[{"href":"https:\/\/ksiegarnia-akademicka.pl\/index.php\/wp-json\/wp\/v2\/types\/product"}],"wp:featuredmedia":[{"embeddable":true,"href":"https:\/\/ksiegarnia-akademicka.pl\/index.php\/wp-json\/wp\/v2\/media\/13524"}],"wp:attachment":[{"href":"https:\/\/ksiegarnia-akademicka.pl\/index.php\/wp-json\/wp\/v2\/media?parent=4661"}],"wp:term":[{"taxonomy":"product_brand","embeddable":true,"href":"https:\/\/ksiegarnia-akademicka.pl\/index.php\/wp-json\/wp\/v2\/product_brand?post=4661"},{"taxonomy":"product_cat","embeddable":true,"href":"https:\/\/ksiegarnia-akademicka.pl\/index.php\/wp-json\/wp\/v2\/product_cat?post=4661"},{"taxonomy":"product_tag","embeddable":true,"href":"https:\/\/ksiegarnia-akademicka.pl\/index.php\/wp-json\/wp\/v2\/product_tag?post=4661"}],"curies":[{"name":"wp","href":"https:\/\/api.w.org\/{rel}","templated":true}]}}