{"id":4649,"date":"2018-05-22T12:51:05","date_gmt":"2018-05-22T10:51:05","guid":{"rendered":"http:\/\/ksiegarnia-akademicka.pl\/index.php\/product\/podstawy-pielegniarstwa-t-1-zalozenia-teoretyczne-podrecznik-dla-studentow-i-absolwentow-kierunkow-pielegniarstwo-i-poloznictwo\/"},"modified":"2023-04-24T10:00:21","modified_gmt":"2023-04-24T08:00:21","slug":"podstawy-pielegniarstwa-t-1-zalozenia-teoretyczne-podrecznik-dla-studentow-i-absolwentow-kierunkow-pielegniarstwo-i-poloznictwo","status":"publish","type":"product","link":"https:\/\/ksiegarnia-akademicka.pl\/index.php\/product\/podstawy-pielegniarstwa-t-1-zalozenia-teoretyczne-podrecznik-dla-studentow-i-absolwentow-kierunkow-pielegniarstwo-i-poloznictwo\/","title":{"rendered":"Podstawy piel\u0119gniarstwa Tom 1 Za\u0142o\u017cenia koncepcyjno-empiryczne opieki piel\u0119gniarskiej"},"content":{"rendered":"<p>Redakcja: Zarzycka Danuta, \u015alusarska Barbara<br \/>\nWydawca: PZWL<br \/>\nOprawa: Mi\u0119kka ze skrzyde\u0142kami<br \/>\nFormat: 16.5&#215;23.5cm<br \/>\nLiczba stron: 868<br \/>\nRok wydania: 2017<br \/>\nJ\u0119zyk wydania: polski<\/p>\n<p>Nowoczesna publikacja niezb\u0119dna na ka\u017cdym etapie kszta\u0142cenia piel\u0119gniarek. Pozwoli na kszta\u0142towanie zawodowych kompetencji poznawczych, interpersonalnych i etyczno-moralnych piel\u0119gniarek, aby mog\u0142y profesjonalnie i odpowiedzialnie reagowa\u0107 na codzienne problemy pacjent\u00f3w.<\/p>\n<p>W tomie I om\u00f3wiono m.in. teorie piel\u0119gniarstwa, podstawowe koncepcje piel\u0119gniarstwa, podstawy koncepcyjne praktyki piel\u0119gniarskiej, podstawowe role w opiece piel\u0119gniarskiej, zakres i charakter opieki piel\u0119gniarskiej w wybranych stanach pacjenta, planowanie opieki piel\u0119gniarskiej opartej na dowodach naukowych w wybranych diagnozach piel\u0119gniarskich.<\/p>\n<p>Wytyczne opieki piel\u0119gniarskiej przedstawiono, krok po kroku, odnosz\u0105c do opisu sytuacji zdrowotnej pacjenta oraz porz\u0105dkuj\u0105c tre\u015bci w tabelach, co pokazuje jak zastosowa\u0107 koncepcje do praktyki piel\u0119gniarskiej.<\/p>\n<p>Ksi\u0105\u017cka przygotowana zosta\u0142a przez zesp\u00f3\u0142 Autor\u00f3w wywodz\u0105cych si\u0119 z r\u00f3\u017cnych \u015brodowisk akademickich pod redakcj\u0105 naukow\u0105 dr hab. n. zdr. Barbary \u015alusarskiej i dr n. zdr. Danuty Zarzyckiej.<\/p>\n","protected":false},"excerpt":{"rendered":"<p>Redakcja: Zarzycka Danuta, \u015alusarska Barbara Wydawca: PZWL Oprawa: Mi\u0119kka ze [&hellip;]<\/p>\n","protected":false},"featured_media":8744,"template":"","meta":[],"product_brand":[],"product_cat":[7493,7965],"product_tag":[4645,347,6296],"class_list":{"0":"post-4649","1":"product","2":"type-product","3":"status-publish","4":"has-post-thumbnail","6":"product_cat-medycyna","7":"product_cat-pielegniarstwo","8":"product_tag-pielegniarstwo","9":"product_tag-podrecznik","10":"product_tag-podstawy-pielegniarstwa","12":"first","13":"instock","14":"sale","15":"shipping-taxable","16":"purchasable","17":"product-type-simple"},"_links":{"self":[{"href":"https:\/\/ksiegarnia-akademicka.pl\/index.php\/wp-json\/wp\/v2\/product\/4649","targetHints":{"allow":["GET"]}}],"collection":[{"href":"https:\/\/ksiegarnia-akademicka.pl\/index.php\/wp-json\/wp\/v2\/product"}],"about":[{"href":"https:\/\/ksiegarnia-akademicka.pl\/index.php\/wp-json\/wp\/v2\/types\/product"}],"wp:featuredmedia":[{"embeddable":true,"href":"https:\/\/ksiegarnia-akademicka.pl\/index.php\/wp-json\/wp\/v2\/media\/8744"}],"wp:attachment":[{"href":"https:\/\/ksiegarnia-akademicka.pl\/index.php\/wp-json\/wp\/v2\/media?parent=4649"}],"wp:term":[{"taxonomy":"product_brand","embeddable":true,"href":"https:\/\/ksiegarnia-akademicka.pl\/index.php\/wp-json\/wp\/v2\/product_brand?post=4649"},{"taxonomy":"product_cat","embeddable":true,"href":"https:\/\/ksiegarnia-akademicka.pl\/index.php\/wp-json\/wp\/v2\/product_cat?post=4649"},{"taxonomy":"product_tag","embeddable":true,"href":"https:\/\/ksiegarnia-akademicka.pl\/index.php\/wp-json\/wp\/v2\/product_tag?post=4649"}],"curies":[{"name":"wp","href":"https:\/\/api.w.org\/{rel}","templated":true}]}}