{"id":4606,"date":"2018-05-22T12:50:57","date_gmt":"2018-05-22T10:50:57","guid":{"rendered":"http:\/\/ksiegarnia-akademicka.pl\/index.php\/product\/maly-atlas-anatomiczny-2\/"},"modified":"2023-10-12T08:18:35","modified_gmt":"2023-10-12T06:18:35","slug":"maly-atlas-anatomiczny-2","status":"publish","type":"product","link":"https:\/\/ksiegarnia-akademicka.pl\/index.php\/product\/maly-atlas-anatomiczny-2\/","title":{"rendered":"Ma\u0142y atlas anatomiczny"},"content":{"rendered":"<p>Autor:<br \/>\nRyszard Aleksandrowicz<br \/>\nBogdan Ciszek<br \/>\nWydawca: PZWL<br \/>\nOprawa: Mi\u0119kka<br \/>\nFormat: 16.5&#215;23.5cm<br \/>\nLiczba stron: 224<br \/>\nWydanie: 6<br \/>\nRok wydania: 2023<br \/>\nJ\u0119zyk wydania: polski<\/p>\n<p>Kolejne, ju\u017c VI wydanie ciesz\u0105cego si\u0119 ogromn\u0105 popularno\u015bci\u0105 atlasu, kt\u00f3ry przedstawia anatomi\u0119 cz\u0142owieka w przyst\u0119pny i usystematyzowany spos\u00f3b. W obecnej edycji bogaty materia\u0142 ilustracyjny zosta\u0142 rozszerzony o 27 nowych, doskonale opisanych rycin zamieszczonych na 15 nowych, barwnych tablicach zawieraj\u0105cych obja\u015bniaj\u0105ce je teksty. Cz\u0119\u015b\u0107 rycin z poprzedniego wydania zosta\u0142a zmodyfikowana i stosownie do wprowadzonej modyfikacji opisana.<\/p>\n<p>Ma\u0142y atlas anatomiczny to publikacja szczeg\u00f3lnie przydatna nie tylko uczniom, lecz tak\u017ce s\u0142uchaczom studi\u00f3w licencjackich. Powinna r\u00f3wnie\u017c zainteresowa\u0107 wszystkich, kt\u00f3rzy chc\u0105 pozna\u0107 budow\u0119 i mechanizmy funkcjonowania ludzkiego cia\u0142a.<\/p>\n","protected":false},"excerpt":{"rendered":"<p>Autor: Ryszard Aleksandrowicz Bogdan Ciszek Wydawca: PZWL Oprawa: Mi\u0119kka Format: [&hellip;]<\/p>\n","protected":false},"featured_media":8740,"template":"","meta":[],"product_brand":[],"product_cat":[7493,44],"product_tag":[4858,3994],"class_list":{"0":"post-4606","1":"product","2":"type-product","3":"status-publish","4":"has-post-thumbnail","6":"product_cat-medycyna","7":"product_cat-nauki-medyczne","8":"product_tag-atlas-anatomiczny","9":"product_tag-medycyna","11":"first","12":"instock","13":"sale","14":"shipping-taxable","15":"purchasable","16":"product-type-simple"},"_links":{"self":[{"href":"https:\/\/ksiegarnia-akademicka.pl\/index.php\/wp-json\/wp\/v2\/product\/4606","targetHints":{"allow":["GET"]}}],"collection":[{"href":"https:\/\/ksiegarnia-akademicka.pl\/index.php\/wp-json\/wp\/v2\/product"}],"about":[{"href":"https:\/\/ksiegarnia-akademicka.pl\/index.php\/wp-json\/wp\/v2\/types\/product"}],"wp:featuredmedia":[{"embeddable":true,"href":"https:\/\/ksiegarnia-akademicka.pl\/index.php\/wp-json\/wp\/v2\/media\/8740"}],"wp:attachment":[{"href":"https:\/\/ksiegarnia-akademicka.pl\/index.php\/wp-json\/wp\/v2\/media?parent=4606"}],"wp:term":[{"taxonomy":"product_brand","embeddable":true,"href":"https:\/\/ksiegarnia-akademicka.pl\/index.php\/wp-json\/wp\/v2\/product_brand?post=4606"},{"taxonomy":"product_cat","embeddable":true,"href":"https:\/\/ksiegarnia-akademicka.pl\/index.php\/wp-json\/wp\/v2\/product_cat?post=4606"},{"taxonomy":"product_tag","embeddable":true,"href":"https:\/\/ksiegarnia-akademicka.pl\/index.php\/wp-json\/wp\/v2\/product_tag?post=4606"}],"curies":[{"name":"wp","href":"https:\/\/api.w.org\/{rel}","templated":true}]}}