{"id":4535,"date":"2018-05-22T12:50:45","date_gmt":"2018-05-22T10:50:45","guid":{"rendered":"http:\/\/ksiegarnia-akademicka.pl\/index.php\/product\/atlas-anatomii-czlowieka-nettera\/"},"modified":"2025-10-03T15:49:40","modified_gmt":"2025-10-03T13:49:40","slug":"atlas-anatomii-czlowieka-nettera","status":"publish","type":"product","link":"https:\/\/ksiegarnia-akademicka.pl\/index.php\/product\/atlas-anatomii-czlowieka-nettera\/","title":{"rendered":"Atlas anatomii cz\u0142owieka Nettera \u0141aci\u0144skie mianownictwo anatomiczne"},"content":{"rendered":"<p>Frank H. Netter<br \/>\nRed.: J. Mory\u015b<br \/>\nWydawca: Edra Urban &amp; Partner<br \/>\nOprawa: Mi\u0119kka<br \/>\nFormat: 22.0&#215;28.0cm<br \/>\nLiczba stron: 624<br \/>\nWydanie: 7<br \/>\nRok wydania: 2022<\/p>\n<p>Atlas Nettera \u2013 jedyny atlas anatomii zilustrowany przez lekarzy<br \/>\nPoznaj skomplikowan\u0105 budow\u0119 organ\u00f3w ludzkiego cia\u0142a z perspektywy klinicznej Atlas anatomii cz\u0142owieka z \u0142aci\u0144skim mianownictwem anatomicznym to szczeg\u00f3lnie cenna pomoc dydaktyczna dla student\u00f3w kierunk\u00f3w lekarskiego, lekarsko-dentystycznego, fizjoterapii, ratownictwa medycznego, piel\u0119gniarstwa i po\u0142o\u017cnictwa oraz ju\u017c praktykuj\u0105cych lekarzy.<br \/>\nW nowym wydaniu Atlasu m.in.:<br \/>\n\u2022 535 tablic anatomicznych<br \/>\n\u2022 nowy rozdzia\u0142 zawieraj\u0105cy ryciny pogl\u0105dowe dostarczaj\u0105ce og\u00f3lnego spojrzenia na cia\u0142o ludzkie \u201eod st\u00f3p do g\u0142\u00f3w\u201d<br \/>\n\u2022 ponad 50 starannie wyselekcjonowanych obraz\u00f3w radiologicznych wykonanych przy u\u017cyciu nowoczesnych metod obrazowania, u\u0142atwiaj\u0105cych po\u0142\u0105czenie anatomii ilustrowanej z przy\u017cyciow\u0105 anatomi\u0105 obserwowan\u0105 w czasie zaj\u0119\u0107 klinicznych<br \/>\n\u2022 najbardziej aktualna terminologia anatomiczna<br \/>\n\u2022 na ko\u0144cu ka\u017cdego rozdzia\u0142u tabele z wykazem struktur o du\u017cym znaczeniu klinicznym lub anatomicznym<br \/>\n\u2022 materia\u0142y interaktywne w postaci film\u00f3w dost\u0119pne na stronie https:\/\/netteratlas.online.edraurban.pl\/<\/p>\n","protected":false},"excerpt":{"rendered":"<p>Frank H. Netter Red.: J. Mory\u015b Wydawca: Edra Urban &amp; [&hellip;]<\/p>\n","protected":false},"featured_media":16751,"template":"","meta":[],"product_brand":[],"product_cat":[7493,44],"product_tag":[4943,6200,1501,3994],"class_list":{"0":"post-4535","1":"product","2":"type-product","3":"status-publish","4":"has-post-thumbnail","6":"product_cat-medycyna","7":"product_cat-nauki-medyczne","8":"product_tag-anatomia-czlowieka","9":"product_tag-atlas-anatomii-czlowieka","10":"product_tag-fizykoterapia","11":"product_tag-medycyna","13":"first","14":"instock","15":"sale","16":"shipping-taxable","17":"purchasable","18":"product-type-simple"},"_links":{"self":[{"href":"https:\/\/ksiegarnia-akademicka.pl\/index.php\/wp-json\/wp\/v2\/product\/4535","targetHints":{"allow":["GET"]}}],"collection":[{"href":"https:\/\/ksiegarnia-akademicka.pl\/index.php\/wp-json\/wp\/v2\/product"}],"about":[{"href":"https:\/\/ksiegarnia-akademicka.pl\/index.php\/wp-json\/wp\/v2\/types\/product"}],"wp:featuredmedia":[{"embeddable":true,"href":"https:\/\/ksiegarnia-akademicka.pl\/index.php\/wp-json\/wp\/v2\/media\/16751"}],"wp:attachment":[{"href":"https:\/\/ksiegarnia-akademicka.pl\/index.php\/wp-json\/wp\/v2\/media?parent=4535"}],"wp:term":[{"taxonomy":"product_brand","embeddable":true,"href":"https:\/\/ksiegarnia-akademicka.pl\/index.php\/wp-json\/wp\/v2\/product_brand?post=4535"},{"taxonomy":"product_cat","embeddable":true,"href":"https:\/\/ksiegarnia-akademicka.pl\/index.php\/wp-json\/wp\/v2\/product_cat?post=4535"},{"taxonomy":"product_tag","embeddable":true,"href":"https:\/\/ksiegarnia-akademicka.pl\/index.php\/wp-json\/wp\/v2\/product_tag?post=4535"}],"curies":[{"name":"wp","href":"https:\/\/api.w.org\/{rel}","templated":true}]}}