{"id":4508,"date":"2018-05-22T12:50:41","date_gmt":"2018-05-22T10:50:41","guid":{"rendered":"http:\/\/ksiegarnia-akademicka.pl\/index.php\/product\/nauka-administracji-3\/"},"modified":"2019-03-19T16:08:30","modified_gmt":"2019-03-19T15:08:30","slug":"nauka-administracji-3","status":"publish","type":"product","link":"https:\/\/ksiegarnia-akademicka.pl\/index.php\/product\/nauka-administracji-3\/","title":{"rendered":"Nauka administracji"},"content":{"rendered":"<p>Karpiuk Miros\u0142aw, Kitler Waldemar<br \/>\nWydawca: Difin<br \/>\nOprawa: Mi\u0119kka<br \/>\nFormat: 16.0&#215;23.0cm<br \/>\nLiczba stron: 266<br \/>\nWydanie: 1<br \/>\nRok wydania: 2013<\/p>\n<p>Celem ksi\u0105\u017cki jest wskazanie zasad funkcjonowania administracji publicznej zar\u00f3wno w aspekcie historycznym, jak i wsp\u00f3\u0142czesnym. Problematyka opracowania skupia si\u0119 na organizacji i zarz\u0105dzaniu w administracji, obs\u0142udze kancelaryjnej, podziale terytorialnym pa\u0144stwa. Jest ona wizj\u0105 funkcjonowania administracji w dynamicznych warunkach, w kt\u00f3rych potrzeby spo\u0142ecze\u0144stwa musz\u0105 by\u0107 w spos\u00f3b nieprzerwany i na odpowiednim poziomie realizowane. Monografia ma r\u00f3wnie\u017c wskazywa\u0107 na formy zawiadywania sprawami publicznymi. Autorami poszczeg\u00f3lnych rozdzia\u0142\u00f3w ksi\u0105\u017cki s\u0105 przedstawiciele nauk prawnych afiliowani w takich o\u015brodkach naukowych jak: Akademia Obrony Narodowej, Katolicki Uniwersytet Lubelski Jana Paw\u0142a II w Lublinie, Politechnika Rzeszowska, Uniwersytet w Bia\u0142ymstoku, Uniwersytet Marii Curie-Sk\u0142odowskiej w Lublinie, Uniwersytet Przyrodniczo-Humanistyczny w Siedlcach, Uniwersytet Warmi\u0144sko-Mazurski w Olsztynie oraz Wy\u017csza Szko\u0142a Ekonomii i Innowacji w Lublinie.<\/p>\n","protected":false},"excerpt":{"rendered":"<p>Karpiuk Miros\u0142aw, Kitler Waldemar Wydawca: Difin Oprawa: Mi\u0119kka Format: 16.0&#215;23.0cm [&hellip;]<\/p>\n","protected":false},"featured_media":7739,"template":"","meta":[],"product_brand":[],"product_cat":[7492,18],"product_tag":[600,269,485],"class_list":{"0":"post-4508","1":"product","2":"type-product","3":"status-publish","4":"has-post-thumbnail","6":"product_cat-administracyjne","7":"product_cat-prawo","8":"product_tag-nauka-administracji","9":"product_tag-podrecznik-akademicki","10":"product_tag-prawo-administracyjne","12":"first","13":"outofstock","14":"sale","15":"shipping-taxable","16":"purchasable","17":"product-type-simple"},"_links":{"self":[{"href":"https:\/\/ksiegarnia-akademicka.pl\/index.php\/wp-json\/wp\/v2\/product\/4508","targetHints":{"allow":["GET"]}}],"collection":[{"href":"https:\/\/ksiegarnia-akademicka.pl\/index.php\/wp-json\/wp\/v2\/product"}],"about":[{"href":"https:\/\/ksiegarnia-akademicka.pl\/index.php\/wp-json\/wp\/v2\/types\/product"}],"wp:featuredmedia":[{"embeddable":true,"href":"https:\/\/ksiegarnia-akademicka.pl\/index.php\/wp-json\/wp\/v2\/media\/7739"}],"wp:attachment":[{"href":"https:\/\/ksiegarnia-akademicka.pl\/index.php\/wp-json\/wp\/v2\/media?parent=4508"}],"wp:term":[{"taxonomy":"product_brand","embeddable":true,"href":"https:\/\/ksiegarnia-akademicka.pl\/index.php\/wp-json\/wp\/v2\/product_brand?post=4508"},{"taxonomy":"product_cat","embeddable":true,"href":"https:\/\/ksiegarnia-akademicka.pl\/index.php\/wp-json\/wp\/v2\/product_cat?post=4508"},{"taxonomy":"product_tag","embeddable":true,"href":"https:\/\/ksiegarnia-akademicka.pl\/index.php\/wp-json\/wp\/v2\/product_tag?post=4508"}],"curies":[{"name":"wp","href":"https:\/\/api.w.org\/{rel}","templated":true}]}}