{"id":4457,"date":"2018-05-22T12:50:33","date_gmt":"2018-05-22T10:50:33","guid":{"rendered":"http:\/\/ksiegarnia-akademicka.pl\/index.php\/product\/matematyka-finansowa-instrumenty-pochodne\/"},"modified":"2018-12-11T11:59:39","modified_gmt":"2018-12-11T10:59:39","slug":"matematyka-finansowa-instrumenty-pochodne","status":"publish","type":"product","link":"https:\/\/ksiegarnia-akademicka.pl\/index.php\/product\/matematyka-finansowa-instrumenty-pochodne\/","title":{"rendered":"Matematyka finansowa instrumenty pochodne"},"content":{"rendered":"<p>Autor:<br \/>\nJacek Jakubowski<br \/>\nAndrzej Palczewski<br \/>\nMarek Rutkowski<br \/>\n\u0141ukasz Stettner<br \/>\nWydawca: Wydawnictwo Naukowe PWN<br \/>\nOprawa: Mi\u0119kka<br \/>\nFormat: 16.5&#215;23.5cm<br \/>\nLiczba stron: 320<br \/>\nWydanie: 2<br \/>\nRok wydania: 2018<\/p>\n<p>Ksi\u0105\u017cka jest pierwszym podr\u0119cznikiem z matematyki finansowej, kt\u00f3ry mimo stosunkowo niewielkiej obj\u0119to\u015bci obejmuje szeroki zakres materia\u0142u i charakteryzuje si\u0119 wysokim poziomem precyzji matematycznej.<br \/>\nAutorzy, wybitni znawcy prezentowanej dziedziny, w zwarty spos\u00f3b przedstawili podstawy wsp\u00f3\u0142czesnej matematyki finansowej, a w szczeg\u00f3lno\u015bci metody wyceny instrument\u00f3w pochodnych. Ze wzgl\u0119du na gwa\u0142towny rozw\u00f3j sfery bankowo\u015bci i rynk\u00f3w finansowych w Polsce, metody te s\u0105 przedmiotem zainteresowania coraz liczniejszej grupy profesjonalist\u00f3w.<\/p>\n","protected":false},"excerpt":{"rendered":"<p>Autor: Jacek Jakubowski Andrzej Palczewski Marek Rutkowski \u0141ukasz Stettner Wydawca: [&hellip;]<\/p>\n","protected":false},"featured_media":9383,"template":"","meta":[],"product_brand":[],"product_cat":[7519,35,21],"product_tag":[251,4491,4492],"class_list":{"0":"post-4457","1":"product","2":"type-product","3":"status-publish","4":"has-post-thumbnail","6":"product_cat-matematyka","7":"product_cat-matematyka-i-jej-zastosowania","8":"product_cat-ubezpieczenia","9":"product_tag-finanse","10":"product_tag-matematyka-finansowa","11":"product_tag-wartosc-pieniadza-w-czasie","13":"first","14":"instock","15":"sale","16":"shipping-taxable","17":"purchasable","18":"product-type-simple"},"_links":{"self":[{"href":"https:\/\/ksiegarnia-akademicka.pl\/index.php\/wp-json\/wp\/v2\/product\/4457","targetHints":{"allow":["GET"]}}],"collection":[{"href":"https:\/\/ksiegarnia-akademicka.pl\/index.php\/wp-json\/wp\/v2\/product"}],"about":[{"href":"https:\/\/ksiegarnia-akademicka.pl\/index.php\/wp-json\/wp\/v2\/types\/product"}],"wp:featuredmedia":[{"embeddable":true,"href":"https:\/\/ksiegarnia-akademicka.pl\/index.php\/wp-json\/wp\/v2\/media\/9383"}],"wp:attachment":[{"href":"https:\/\/ksiegarnia-akademicka.pl\/index.php\/wp-json\/wp\/v2\/media?parent=4457"}],"wp:term":[{"taxonomy":"product_brand","embeddable":true,"href":"https:\/\/ksiegarnia-akademicka.pl\/index.php\/wp-json\/wp\/v2\/product_brand?post=4457"},{"taxonomy":"product_cat","embeddable":true,"href":"https:\/\/ksiegarnia-akademicka.pl\/index.php\/wp-json\/wp\/v2\/product_cat?post=4457"},{"taxonomy":"product_tag","embeddable":true,"href":"https:\/\/ksiegarnia-akademicka.pl\/index.php\/wp-json\/wp\/v2\/product_tag?post=4457"}],"curies":[{"name":"wp","href":"https:\/\/api.w.org\/{rel}","templated":true}]}}