{"id":4429,"date":"2018-05-22T12:50:29","date_gmt":"2018-05-22T10:50:29","guid":{"rendered":"http:\/\/ksiegarnia-akademicka.pl\/index.php\/product\/mikroekonomia-5\/"},"modified":"2022-10-18T09:20:41","modified_gmt":"2022-10-18T07:20:41","slug":"mikroekonomia-5","status":"publish","type":"product","link":"https:\/\/ksiegarnia-akademicka.pl\/index.php\/product\/mikroekonomia-5\/","title":{"rendered":"Mikroekonomia"},"content":{"rendered":"<p>Autor:<br \/>\nMark P. Taylor<br \/>\nGregory N. Mankiw<br \/>\nT\u0142umacze: Sawicki Jaros\u0142aw<br \/>\nWydawca: PWE<br \/>\nOprawa: Kartonowa Foliowana<br \/>\nFormat: 16.2&#215;23.7<br \/>\nLiczba stron: 680<br \/>\nWydanie: 2<br \/>\nRok wydania: 2015<\/p>\n<p>Jest to nowe wydanie popularnego podr\u0119cznika do nauki ekonomii, kt\u00f3ry sta\u0142 si\u0119 bestsellerem w Stanach Zjednoczonych i Europie Zachodniej. Podr\u0119cznik obejmuje wprowadzenie do ekonomii (w tym: dziesi\u0119\u0107 zasad ekonomii i kr\u00f3tki kurs nauki my\u015blenia jak ekonomista) oraz pe\u0142ny wyk\u0142ad mikroekonomii, uwzgl\u0119dniaj\u0105cy kontekst europejski. Podr\u0119cznik cechuje przyst\u0119pny j\u0119zyk, a refleksja teoretyczna przeplata si\u0119 z praktycznymi przyk\u0142adami, u\u0142atwiaj\u0105cymi studiowanie.<\/p>\n<p>Podr\u0119cznik jest przeznaczony dla student\u00f3w kierunk\u00f3w ekonomicznych, s\u0142uchaczy studi\u00f3w podyplomowych i MBA.<\/p>\n","protected":false},"excerpt":{"rendered":"<p>Autor: Mark P. Taylor Gregory N. Mankiw T\u0142umacze: Sawicki Jaros\u0142aw [&hellip;]<\/p>\n","protected":false},"featured_media":9323,"template":"","meta":[],"product_brand":[],"product_cat":[17,7499],"product_tag":[337,338,269],"class_list":{"0":"post-4429","1":"product","2":"type-product","3":"status-publish","4":"has-post-thumbnail","6":"product_cat-ekonomia","7":"product_cat-makro-i-mikroekonomia","8":"product_tag-ekonomia","9":"product_tag-mikroekonomia","10":"product_tag-podrecznik-akademicki","12":"first","13":"outofstock","14":"sale","15":"shipping-taxable","16":"purchasable","17":"product-type-simple"},"_links":{"self":[{"href":"https:\/\/ksiegarnia-akademicka.pl\/index.php\/wp-json\/wp\/v2\/product\/4429","targetHints":{"allow":["GET"]}}],"collection":[{"href":"https:\/\/ksiegarnia-akademicka.pl\/index.php\/wp-json\/wp\/v2\/product"}],"about":[{"href":"https:\/\/ksiegarnia-akademicka.pl\/index.php\/wp-json\/wp\/v2\/types\/product"}],"wp:featuredmedia":[{"embeddable":true,"href":"https:\/\/ksiegarnia-akademicka.pl\/index.php\/wp-json\/wp\/v2\/media\/9323"}],"wp:attachment":[{"href":"https:\/\/ksiegarnia-akademicka.pl\/index.php\/wp-json\/wp\/v2\/media?parent=4429"}],"wp:term":[{"taxonomy":"product_brand","embeddable":true,"href":"https:\/\/ksiegarnia-akademicka.pl\/index.php\/wp-json\/wp\/v2\/product_brand?post=4429"},{"taxonomy":"product_cat","embeddable":true,"href":"https:\/\/ksiegarnia-akademicka.pl\/index.php\/wp-json\/wp\/v2\/product_cat?post=4429"},{"taxonomy":"product_tag","embeddable":true,"href":"https:\/\/ksiegarnia-akademicka.pl\/index.php\/wp-json\/wp\/v2\/product_tag?post=4429"}],"curies":[{"name":"wp","href":"https:\/\/api.w.org\/{rel}","templated":true}]}}