{"id":4413,"date":"2018-05-22T12:50:27","date_gmt":"2018-05-22T10:50:27","guid":{"rendered":"http:\/\/ksiegarnia-akademicka.pl\/index.php\/product\/fizykoterapia\/"},"modified":"2018-12-19T14:26:52","modified_gmt":"2018-12-19T13:26:52","slug":"fizykoterapia","status":"publish","type":"product","link":"https:\/\/ksiegarnia-akademicka.pl\/index.php\/product\/fizykoterapia\/","title":{"rendered":"Fizykoterapia"},"content":{"rendered":"<p>Autor:<br \/>\nTadeusz Mika<br \/>\nWojciech Kasprzak<br \/>\nWydawca: PZWL<br \/>\nOprawa: Mi\u0119kka<br \/>\nFormat: 14.0&#215;20.0cm<br \/>\nLiczba stron: 448<br \/>\nWydanie: 4<br \/>\nRok wydania: 2018<\/p>\n<p>Profesor dr hab. med. Tadeusz Mika by\u0142 znakomitym specjalist\u0105 w zakresie fizykoterapii, wieloletnim kierownikiem Zak\u0142adu Medycyny Fizykalnej Centralnego Szpitala Klinicznego WAM. Prof. dr hab. med. Wojciech Kasprzak specjalizuje si\u0119 w medycynie uzdrowiskowej i medycynie fizykalnej. Przez wiele lat by\u0142 wicedyrektorem ds. lecznictwa w Instytucie Medycyny Uzdrowiskowej w Poznaniu.<\/p>\n<p>Jest to zmienione i unowocze\u015bnione wydanie ciesz\u0105cego si\u0119 wielkim uznaniem podr\u0119cznika, uwzgl\u0119dniaj\u0105ce najnowsz\u0105 aparatur\u0119 do terapii fizykalnej, a tak\u017ce nowoczesne metody &#8211; m.in. stymulacje s\u0142abymi polami magnetycznymi.<\/p>\n<p>Ksi\u0105\u017cka jest niezb\u0119dna dla s\u0142uchaczy wydzia\u0142\u00f3w fizykoterapii medycznych studi\u00f3w zawodowych i dla student\u00f3w wydzia\u0142\u00f3w rehabilitacji akademii wychowania fizycznego oraz dla lekarzy specjalizuj\u0105cych si\u0119 w reumatologii. ortopedii i rehabilitacji.<\/p>\n","protected":false},"excerpt":{"rendered":"<p>Autor: Tadeusz Mika Wojciech Kasprzak Wydawca: PZWL Oprawa: Mi\u0119kka Format: [&hellip;]<\/p>\n","protected":false},"featured_media":9830,"template":"","meta":[],"product_brand":[],"product_cat":[7493,7625],"product_tag":[1498,1501,3994,6184],"class_list":{"0":"post-4413","1":"product","2":"type-product","3":"status-publish","4":"has-post-thumbnail","6":"product_cat-medycyna","7":"product_cat-nauki-o-zdrowiu","8":"product_tag-fizjoterapia","9":"product_tag-fizykoterapia","10":"product_tag-medycyna","11":"product_tag-nauki-o-zdrowiu","13":"first","14":"instock","15":"sale","16":"shipping-taxable","17":"purchasable","18":"product-type-simple"},"_links":{"self":[{"href":"https:\/\/ksiegarnia-akademicka.pl\/index.php\/wp-json\/wp\/v2\/product\/4413","targetHints":{"allow":["GET"]}}],"collection":[{"href":"https:\/\/ksiegarnia-akademicka.pl\/index.php\/wp-json\/wp\/v2\/product"}],"about":[{"href":"https:\/\/ksiegarnia-akademicka.pl\/index.php\/wp-json\/wp\/v2\/types\/product"}],"wp:featuredmedia":[{"embeddable":true,"href":"https:\/\/ksiegarnia-akademicka.pl\/index.php\/wp-json\/wp\/v2\/media\/9830"}],"wp:attachment":[{"href":"https:\/\/ksiegarnia-akademicka.pl\/index.php\/wp-json\/wp\/v2\/media?parent=4413"}],"wp:term":[{"taxonomy":"product_brand","embeddable":true,"href":"https:\/\/ksiegarnia-akademicka.pl\/index.php\/wp-json\/wp\/v2\/product_brand?post=4413"},{"taxonomy":"product_cat","embeddable":true,"href":"https:\/\/ksiegarnia-akademicka.pl\/index.php\/wp-json\/wp\/v2\/product_cat?post=4413"},{"taxonomy":"product_tag","embeddable":true,"href":"https:\/\/ksiegarnia-akademicka.pl\/index.php\/wp-json\/wp\/v2\/product_tag?post=4413"}],"curies":[{"name":"wp","href":"https:\/\/api.w.org\/{rel}","templated":true}]}}