{"id":441,"date":"2018-05-22T12:41:28","date_gmt":"2018-05-22T10:41:28","guid":{"rendered":"http:\/\/ksiegarnia-akademicka.pl\/index.php\/product\/polskie-prawo-finansowe-zarys-ogolny\/"},"modified":"2025-12-01T13:18:53","modified_gmt":"2025-12-01T12:18:53","slug":"polskie-prawo-finansowe-zarys-ogolny","status":"publish","type":"product","link":"https:\/\/ksiegarnia-akademicka.pl\/index.php\/product\/polskie-prawo-finansowe-zarys-ogolny\/","title":{"rendered":"Polskie prawo finansowe zarys og\u00f3lny"},"content":{"rendered":"<p>Autorzy: Andrzej Borodo<br \/>\nWydawnictwo: Dom Organizatora Towarzystwo Naukowe Organizacji i Kierownictwa<br \/>\nISBN: 9788372857668<br \/>\nStron: 299<br \/>\nKod ksi: DOOR-4603\/5<\/p>\n<p>Praca przedstawia wsp\u00f3\u0142czesny system prawny polskich finans\u00f3w publicznych. Po\u015bwi\u0119cona jest poszczeg\u00f3lnym dziedzinom prawa finansowego. Przedstawia: prawo bud\u017cetowe pa\u0144stwa i samorz\u0105du terytorialnego, prawo o dochodach publicznych i podatkach, prawo o d\u0142ugu publicznym, dochody samorz\u0105d\u00f3w terytorialnych, publiczne prawo bankowe, pozycj\u0119 i instrumenty dzia\u0142ania Narodowego Banku Polskiego, instytucje finansowe ubezpiecze\u0144 spo\u0142ecznych, zdrowotnych, system finansowy Unii Europejskiej. Praca skierowana jest do student\u00f3w i praktyk\u00f3w &#8211; prawnik\u00f3w, urz\u0119dnik\u00f3w pa\u0144stwowych i samorz\u0105dowych, pracownik\u00f3w urz\u0119d\u00f3w skarbowych, regionalnych izb obrachunkowych, samorz\u0105dowych kolegi\u00f3w odwo\u0142awczych, organ\u00f3w kontrolnych, bank\u00f3w, instytucji ubezpiecze\u0144. W pracy uwzgl\u0119dniono orzecznictwo Trybuna\u0142u Konstytucyjnego, S\u0105du Najwy\u017cszego i Naczelnego S\u0105du Administracyjnego. Podr\u0119cznik uwzgl\u0119dnia stan prawny na 30 pa\u017adziernika 2014 r.<\/p>\n","protected":false},"excerpt":{"rendered":"<p>Autorzy: Andrzej Borodo Wydawnictwo: Dom Organizatora Towarzystwo Naukowe Organizacji i [&hellip;]<\/p>\n","protected":false},"featured_media":7838,"template":"","meta":[],"product_brand":[],"product_cat":[19,7500,7501],"product_tag":[1127,1152,327,1153,1149,1150,1136],"class_list":{"0":"post-441","1":"product","2":"type-product","3":"status-publish","4":"has-post-thumbnail","6":"product_cat-finanse-i-prawo-finansowe","7":"product_cat-finanse-publiczne","8":"product_cat-prawo-finansowe","9":"product_tag-dlug-publiczny","10":"product_tag-dochody-publiczne","11":"product_tag-inne","12":"product_tag-podatki-panstwowe","13":"product_tag-prawo-budzetowe-panstwa","14":"product_tag-prawo-budzetowe-samorzadu-terytorialnego","15":"product_tag-prawo-finansowe","17":"first","18":"outofstock","19":"sale","20":"shipping-taxable","21":"purchasable","22":"product-type-simple"},"_links":{"self":[{"href":"https:\/\/ksiegarnia-akademicka.pl\/index.php\/wp-json\/wp\/v2\/product\/441","targetHints":{"allow":["GET"]}}],"collection":[{"href":"https:\/\/ksiegarnia-akademicka.pl\/index.php\/wp-json\/wp\/v2\/product"}],"about":[{"href":"https:\/\/ksiegarnia-akademicka.pl\/index.php\/wp-json\/wp\/v2\/types\/product"}],"wp:featuredmedia":[{"embeddable":true,"href":"https:\/\/ksiegarnia-akademicka.pl\/index.php\/wp-json\/wp\/v2\/media\/7838"}],"wp:attachment":[{"href":"https:\/\/ksiegarnia-akademicka.pl\/index.php\/wp-json\/wp\/v2\/media?parent=441"}],"wp:term":[{"taxonomy":"product_brand","embeddable":true,"href":"https:\/\/ksiegarnia-akademicka.pl\/index.php\/wp-json\/wp\/v2\/product_brand?post=441"},{"taxonomy":"product_cat","embeddable":true,"href":"https:\/\/ksiegarnia-akademicka.pl\/index.php\/wp-json\/wp\/v2\/product_cat?post=441"},{"taxonomy":"product_tag","embeddable":true,"href":"https:\/\/ksiegarnia-akademicka.pl\/index.php\/wp-json\/wp\/v2\/product_tag?post=441"}],"curies":[{"name":"wp","href":"https:\/\/api.w.org\/{rel}","templated":true}]}}