{"id":4373,"date":"2018-05-22T12:50:21","date_gmt":"2018-05-22T10:50:21","guid":{"rendered":"http:\/\/ksiegarnia-akademicka.pl\/index.php\/product\/pozytki-z-pesymizmu-i-niebezpieczenstwa-falszywej-nadziei\/"},"modified":"2020-01-14T10:02:46","modified_gmt":"2020-01-14T09:02:46","slug":"pozytki-z-pesymizmu-i-niebezpieczenstwa-falszywej-nadziei","status":"publish","type":"product","link":"https:\/\/ksiegarnia-akademicka.pl\/index.php\/product\/pozytki-z-pesymizmu-i-niebezpieczenstwa-falszywej-nadziei\/","title":{"rendered":"Po\u017cytki z pesymizmu i niebezpiecze\u0144stwa fa\u0142szywej nadziei"},"content":{"rendered":"<p>Autor:<br \/>\nRoger Scruton<br \/>\nT\u0142umacze: Biero\u0144 Tomasz<br \/>\nWydawca: Zysk i S-ka<br \/>\nOprawa: Mi\u0119kka ze skrzyde\u0142kami<br \/>\nFormat: 12.5&#215;19.5cm<br \/>\nLiczba stron: 240<br \/>\nWydanie: 1<br \/>\nRok wydania: 2012<br \/>\nJ\u0119zyk wydania: polski<\/p>\n<p>W swojej prowokacyjnej i napisanej z pasj\u0105 ksi\u0105\u017cce Roger Scruton przekonuje, \u017ce najwi\u0119ksze szkody i zawieruchy \u015bci\u0105gn\u0119li na \u015bwiat ci, kt\u00f3rzy przedstawiaj\u0105 si\u0119 jako optymi\u015bci i ideali\u015bci, czy to lewicowi, czy prawicowi. Nadszed\u0142 czas, aby zast\u0105pi\u0107 irracjonalny entuzjazm humanistycznym pesymizmem. Scruton pokazuje, \u017ce tragedie i katastrofy europejskiej historii by\u0142y skutkami bezpodstawnego optymizmu i wyp\u0142ywaj\u0105cych z niego fa\u0142szywych stereotyp\u00f3w my\u015blowych. Obalaj\u0105c te b\u0142\u0119dne przekonania, z pasj\u0105 broni spo\u0142ecze\u0144stwa obywatelskiego i wolno\u015bci.<br \/>\nPokazuje, \u017ce prawdziwym dziedzictwem cywilizacji europejskiej nie s\u0105 fa\u0142szywe idealizmy, kt\u00f3re o ma\u0142o jej nie zniszczy\u0142y \u2013 nazizm, faszyzm i komunizm \u2013 lecz kultura przebaczenia i ironii, kt\u00f3r\u0105 dzisiaj musimy chroni\u0107 przed jej ura\u017conymi przeciwnikami. Po\u017cytki z pesymizmu to przekonuj\u0105cy apel o rozs\u0105dek i odpowiedzialno\u015b\u0107, napisany w czasach g\u0142\u0119bokich zmian spo\u0142ecznych i politycznych.<\/p>\n<p>\u201eW Wielkiej Brytanii, a nawet na ca\u0142ym \u015bwiecie, niewielu jest dzisiaj bardziej warto\u015bciowych my\u015blicieli. [&#8230;] Zar\u00f3wno lewica, jak i prawica powinny by\u0107 wdzi\u0119czne za to, \u017ce maj\u0105 takiego cz\u0142owieka, kt\u00f3ry wyostrza i definiuje najwa\u017cniejsze kwestie\u201d.<br \/>\nBryan Appleyard, \u201eSunday Times\u201d<\/p>\n","protected":false},"excerpt":{"rendered":"<p>Autor: Roger Scruton T\u0142umacze: Biero\u0144 Tomasz Wydawca: Zysk i S-ka [&hellip;]<\/p>\n","protected":false},"featured_media":12093,"template":"","meta":[],"product_brand":[],"product_cat":[38,27,7507,7508],"product_tag":[4433,74,246,913],"class_list":{"0":"post-4373","1":"product","2":"type-product","3":"status-publish","4":"has-post-thumbnail","6":"product_cat-historia","7":"product_cat-nauki-spoleczne","8":"product_cat-politologia","9":"product_cat-socjologia","10":"product_tag-historia-europy","11":"product_tag-politologia","12":"product_tag-socjologia","13":"product_tag-spoleczenstwo-obywatelskie","15":"first","16":"outofstock","17":"shipping-taxable","18":"purchasable","19":"product-type-simple"},"_links":{"self":[{"href":"https:\/\/ksiegarnia-akademicka.pl\/index.php\/wp-json\/wp\/v2\/product\/4373","targetHints":{"allow":["GET"]}}],"collection":[{"href":"https:\/\/ksiegarnia-akademicka.pl\/index.php\/wp-json\/wp\/v2\/product"}],"about":[{"href":"https:\/\/ksiegarnia-akademicka.pl\/index.php\/wp-json\/wp\/v2\/types\/product"}],"wp:featuredmedia":[{"embeddable":true,"href":"https:\/\/ksiegarnia-akademicka.pl\/index.php\/wp-json\/wp\/v2\/media\/12093"}],"wp:attachment":[{"href":"https:\/\/ksiegarnia-akademicka.pl\/index.php\/wp-json\/wp\/v2\/media?parent=4373"}],"wp:term":[{"taxonomy":"product_brand","embeddable":true,"href":"https:\/\/ksiegarnia-akademicka.pl\/index.php\/wp-json\/wp\/v2\/product_brand?post=4373"},{"taxonomy":"product_cat","embeddable":true,"href":"https:\/\/ksiegarnia-akademicka.pl\/index.php\/wp-json\/wp\/v2\/product_cat?post=4373"},{"taxonomy":"product_tag","embeddable":true,"href":"https:\/\/ksiegarnia-akademicka.pl\/index.php\/wp-json\/wp\/v2\/product_tag?post=4373"}],"curies":[{"name":"wp","href":"https:\/\/api.w.org\/{rel}","templated":true}]}}