{"id":43,"date":"2018-05-22T12:40:41","date_gmt":"2018-05-22T10:40:41","guid":{"rendered":"http:\/\/ksiegarnia-akademicka.pl\/index.php\/product\/metody-badan-jakosci-powlok-ochronnych\/"},"modified":"2018-07-20T12:57:17","modified_gmt":"2018-07-20T10:57:17","slug":"metody-badan-jakosci-powlok-ochronnych","status":"publish","type":"product","link":"https:\/\/ksiegarnia-akademicka.pl\/index.php\/product\/metody-badan-jakosci-powlok-ochronnych\/","title":{"rendered":"Metody bada\u0144 jako\u015bci pow\u0142ok ochronnych"},"content":{"rendered":"<p>Danuta Kotnarowska, Ma\u0142gorzata Wojtyniak<br \/>\n2015, wyd. II, B-5, str. 244<\/p>\n<p>Podr\u0119cznik prezentuje problematyk\u0119 dotycz\u0105c\u0105 bada\u0144 jako\u015bci polimerowych pow\u0142ok ochronnych. Przedstawiono charakterystyk\u0119 pow\u0142ok polimerowych, rodzaje ich destrukcji, badania normowe w\u0142asno\u015bci pow\u0142oki polimerowych oraz niekonwencjonalne metody bada\u0144 destrukcji pow\u0142ok polimerowych.<\/p>\n","protected":false},"excerpt":{"rendered":"<p>Danuta Kotnarowska, Ma\u0142gorzata Wojtyniak 2015, wyd. II, B-5, str. 244 [&hellip;]<\/p>\n","protected":false},"featured_media":8139,"template":"","meta":[],"product_brand":[],"product_cat":[7528,43],"product_tag":[78,75,76,79],"class_list":{"0":"post-43","1":"product","2":"type-product","3":"status-publish","4":"has-post-thumbnail","6":"product_cat-technologie-chemiczne","7":"product_cat-wydawnictwo-uth","8":"product_tag-metody-badania-destrukcji-powlok-polimerowych","9":"product_tag-powloki-ochronne","10":"product_tag-powloki-polimerowe","11":"product_tag-skrypty-uth","13":"first","14":"instock","15":"shipping-taxable","16":"purchasable","17":"product-type-simple"},"_links":{"self":[{"href":"https:\/\/ksiegarnia-akademicka.pl\/index.php\/wp-json\/wp\/v2\/product\/43","targetHints":{"allow":["GET"]}}],"collection":[{"href":"https:\/\/ksiegarnia-akademicka.pl\/index.php\/wp-json\/wp\/v2\/product"}],"about":[{"href":"https:\/\/ksiegarnia-akademicka.pl\/index.php\/wp-json\/wp\/v2\/types\/product"}],"wp:featuredmedia":[{"embeddable":true,"href":"https:\/\/ksiegarnia-akademicka.pl\/index.php\/wp-json\/wp\/v2\/media\/8139"}],"wp:attachment":[{"href":"https:\/\/ksiegarnia-akademicka.pl\/index.php\/wp-json\/wp\/v2\/media?parent=43"}],"wp:term":[{"taxonomy":"product_brand","embeddable":true,"href":"https:\/\/ksiegarnia-akademicka.pl\/index.php\/wp-json\/wp\/v2\/product_brand?post=43"},{"taxonomy":"product_cat","embeddable":true,"href":"https:\/\/ksiegarnia-akademicka.pl\/index.php\/wp-json\/wp\/v2\/product_cat?post=43"},{"taxonomy":"product_tag","embeddable":true,"href":"https:\/\/ksiegarnia-akademicka.pl\/index.php\/wp-json\/wp\/v2\/product_tag?post=43"}],"curies":[{"name":"wp","href":"https:\/\/api.w.org\/{rel}","templated":true}]}}