{"id":424,"date":"2018-05-22T12:41:25","date_gmt":"2018-05-22T10:41:25","guid":{"rendered":"http:\/\/ksiegarnia-akademicka.pl\/index.php\/product\/wprowadzenie-do-nauki-o-panstwie-i-prawie\/"},"modified":"2018-07-12T09:32:22","modified_gmt":"2018-07-12T07:32:22","slug":"wprowadzenie-do-nauki-o-panstwie-i-prawie","status":"publish","type":"product","link":"https:\/\/ksiegarnia-akademicka.pl\/index.php\/product\/wprowadzenie-do-nauki-o-panstwie-i-prawie\/","title":{"rendered":"Wprowadzenie do nauki o pa\u0144stwie i prawie."},"content":{"rendered":"<p>Antoni Pieni\u0105\u017cek<br \/>\nGrzegorz Leopold Seidler<br \/>\nHenryk Groszyk<br \/>\nWydawca: UMCS<br \/>\nOprawa: Mi\u0119kka<br \/>\nFormat: 16.9&#215;24.0cm<br \/>\nLiczba stron: 222<br \/>\nWydanie: 2<br \/>\nRok wydania: 2017<\/p>\n<p>Ksi\u0105\u017cka zawiera podstawowe poj\u0119cia dotycz\u0105ce prawoznawstwa wraz z najbli\u017cszymi istotnymi poj\u0119ciami i metodami z tej dziedziny. Prezentuje podstawowe konstrukcje i zasady prawa przydatne do studiowania nauk prawnych na wy\u017cszych latach studi\u00f3w.<\/p>\n","protected":false},"excerpt":{"rendered":"<p>Antoni Pieni\u0105\u017cek Grzegorz Leopold Seidler Henryk Groszyk Wydawca: UMCS Oprawa: [&hellip;]<\/p>\n","protected":false},"featured_media":7727,"template":"","meta":[],"product_brand":[],"product_cat":[7492,7496,7497,18],"product_tag":[1090,1089],"class_list":{"0":"post-424","1":"product","2":"type-product","3":"status-publish","4":"has-post-thumbnail","6":"product_cat-administracyjne","7":"product_cat-konstytucyjne","8":"product_cat-ogolne-zagadnienia-prawa","9":"product_cat-prawo","10":"product_tag-panstwo-i-prawo","11":"product_tag-prawoznawstwo","13":"first","14":"instock","15":"sale","16":"shipping-taxable","17":"purchasable","18":"product-type-simple"},"_links":{"self":[{"href":"https:\/\/ksiegarnia-akademicka.pl\/index.php\/wp-json\/wp\/v2\/product\/424","targetHints":{"allow":["GET"]}}],"collection":[{"href":"https:\/\/ksiegarnia-akademicka.pl\/index.php\/wp-json\/wp\/v2\/product"}],"about":[{"href":"https:\/\/ksiegarnia-akademicka.pl\/index.php\/wp-json\/wp\/v2\/types\/product"}],"wp:featuredmedia":[{"embeddable":true,"href":"https:\/\/ksiegarnia-akademicka.pl\/index.php\/wp-json\/wp\/v2\/media\/7727"}],"wp:attachment":[{"href":"https:\/\/ksiegarnia-akademicka.pl\/index.php\/wp-json\/wp\/v2\/media?parent=424"}],"wp:term":[{"taxonomy":"product_brand","embeddable":true,"href":"https:\/\/ksiegarnia-akademicka.pl\/index.php\/wp-json\/wp\/v2\/product_brand?post=424"},{"taxonomy":"product_cat","embeddable":true,"href":"https:\/\/ksiegarnia-akademicka.pl\/index.php\/wp-json\/wp\/v2\/product_cat?post=424"},{"taxonomy":"product_tag","embeddable":true,"href":"https:\/\/ksiegarnia-akademicka.pl\/index.php\/wp-json\/wp\/v2\/product_tag?post=424"}],"curies":[{"name":"wp","href":"https:\/\/api.w.org\/{rel}","templated":true}]}}