{"id":4033,"date":"2018-05-22T12:49:30","date_gmt":"2018-05-22T10:49:30","guid":{"rendered":"http:\/\/ksiegarnia-akademicka.pl\/index.php\/product\/pielegniarstwo-internistyczne-podrecznik-dla-studiow-medycznych-2\/"},"modified":"2023-01-25T15:31:54","modified_gmt":"2023-01-25T14:31:54","slug":"pielegniarstwo-internistyczne-podrecznik-dla-studiow-medycznych-2","status":"publish","type":"product","link":"https:\/\/ksiegarnia-akademicka.pl\/index.php\/product\/pielegniarstwo-internistyczne-podrecznik-dla-studiow-medycznych-2\/","title":{"rendered":"Piel\u0119gniarstwo internistyczne"},"content":{"rendered":"<p>Redakcja: Jurkowska Gra\u017cyna, \u0141agoda Katarzyna<br \/>\nWydawca: PZWL<br \/>\nOprawa: Mi\u0119kka<br \/>\nFormat: 16.5&#215;23.5cm<br \/>\nLiczba stron: 716<br \/>\nWydanie: 1<br \/>\nRok wydania: 2023<\/p>\n<p>Obszerny podr\u0119cznik piel\u0119gniarstwa internistycznego. Om\u00f3wiono w nim piel\u0119gnowanie w chorobach uk\u0142adu pokarmowego, moczowego, endokrynologicznych, sercowo-naczyniowych, uk\u0142adu oddechowego, alergicznych, hematologicznych i reumatologicznych. Ksi\u0105\u017cka jest adresowana przede wszystkim do student\u00f3w kierunku piel\u0119gniarstwo oraz piel\u0119gniarek pracuj\u0105cych na oddzia\u0142ach o profilu internistycznym. Mo\u017ce by\u0107 jednak przydatna r\u00f3wnie\u017c dla opiekun\u00f3w medycznych, pracownik\u00f3w socjalnych i asystent\u00f3w os\u00f3b przewlekle chorych.<\/p>\n","protected":false},"excerpt":{"rendered":"<p>Redakcja: Jurkowska Gra\u017cyna, \u0141agoda Katarzyna Wydawca: PZWL Oprawa: Mi\u0119kka Format: [&hellip;]<\/p>\n","protected":false},"featured_media":8710,"template":"","meta":[],"product_brand":[],"product_cat":[7493,7965],"product_tag":[5946,269],"class_list":{"0":"post-4033","1":"product","2":"type-product","3":"status-publish","4":"has-post-thumbnail","6":"product_cat-medycyna","7":"product_cat-pielegniarstwo","8":"product_tag-pielegniarstwo-internistyczne","9":"product_tag-podrecznik-akademicki","11":"first","12":"instock","13":"sale","14":"shipping-taxable","15":"purchasable","16":"product-type-simple"},"_links":{"self":[{"href":"https:\/\/ksiegarnia-akademicka.pl\/index.php\/wp-json\/wp\/v2\/product\/4033","targetHints":{"allow":["GET"]}}],"collection":[{"href":"https:\/\/ksiegarnia-akademicka.pl\/index.php\/wp-json\/wp\/v2\/product"}],"about":[{"href":"https:\/\/ksiegarnia-akademicka.pl\/index.php\/wp-json\/wp\/v2\/types\/product"}],"wp:featuredmedia":[{"embeddable":true,"href":"https:\/\/ksiegarnia-akademicka.pl\/index.php\/wp-json\/wp\/v2\/media\/8710"}],"wp:attachment":[{"href":"https:\/\/ksiegarnia-akademicka.pl\/index.php\/wp-json\/wp\/v2\/media?parent=4033"}],"wp:term":[{"taxonomy":"product_brand","embeddable":true,"href":"https:\/\/ksiegarnia-akademicka.pl\/index.php\/wp-json\/wp\/v2\/product_brand?post=4033"},{"taxonomy":"product_cat","embeddable":true,"href":"https:\/\/ksiegarnia-akademicka.pl\/index.php\/wp-json\/wp\/v2\/product_cat?post=4033"},{"taxonomy":"product_tag","embeddable":true,"href":"https:\/\/ksiegarnia-akademicka.pl\/index.php\/wp-json\/wp\/v2\/product_tag?post=4033"}],"curies":[{"name":"wp","href":"https:\/\/api.w.org\/{rel}","templated":true}]}}