{"id":401,"date":"2018-05-22T12:41:22","date_gmt":"2018-05-22T10:41:22","guid":{"rendered":"http:\/\/ksiegarnia-akademicka.pl\/index.php\/product\/komentarz-do-ustawy-o-zwalczaniu-nieuczciwej-konkurencji\/"},"modified":"2024-12-14T13:29:05","modified_gmt":"2024-12-14T12:29:05","slug":"komentarz-do-ustawy-o-zwalczaniu-nieuczciwej-konkurencji","status":"publish","type":"product","link":"https:\/\/ksiegarnia-akademicka.pl\/index.php\/product\/komentarz-do-ustawy-o-zwalczaniu-nieuczciwej-konkurencji\/","title":{"rendered":"Komentarz do ustawy o zwalczaniu nieuczciwej konkurencji"},"content":{"rendered":"<p>Nowi\u0144ska Ewa, Du Vall Micha\u0142 Wydawnictwo LexisNexis 2006 wyd.3 <\/br><\/br><\/p>\n<p>Ksi\u0105\u017cka zawiera praktyczny komentarz do ustawy o zwalczaniu nieuczciwej konkurencji. <br \/> W niniejszym, czwartym wydaniu uwzgl\u0119dniono m.in. ustaw\u0119 o<br \/>\nprzeciwdzia\u0142aniu nieuczciwym praktykom rynkowym, kt&oacute;r\u0105 zamieszczono w<br \/>\naneksie.<\/p>\n<p> Istotn\u0105 warto\u015bci\u0105 tej publikacji jest powo\u0142ywane orzecznictwo s\u0105d&oacute;w<br \/>\nkrajowych i zagranicznych oraz Europejskiego Trybuna\u0142u Sprawiedliwo\u015bci,<br \/>\na tak\u017ce przedstawienie koncepcji ochrony uczestnik&oacute;w rynku przed<br \/>\nnieuczciw\u0105 konkurencj\u0105, przyj\u0119te w r&oacute;\u017cnych systemach prawnych.<br \/> Ksi\u0105\u017cka zosta\u0142a przygotowana z my\u015bl\u0105 o prawnikach, kt&oacute;rzy zajmuj\u0105 si\u0119<br \/>\nproblematyk\u0105 zwalczania nieuczciwej konkurencji. B\u0119dzie ona przydatna<br \/>\ntak\u017ce przedsi\u0119biorcom, poniewa\u017c u\u0142atwi im stosowanie standard&oacute;w<br \/>\nuczciwej konkurencji.<\/p>\n<p> Autorzy s\u0105 profesorami Instytutu Prawa W\u0142asno\u015bci Intelektualnej<br \/>\nUniwersytetu Jagiello\u0144skiego i partnerami w krakowskiej kancelarii<br \/>\nprawnej.<\/p>\n<p><\/br><\/br>pozycja dost\u0119pna<\/p>\n","protected":false},"excerpt":{"rendered":"<p>Nowi\u0144ska Ewa, Du Vall Micha\u0142 Wydawnictwo LexisNexis 2006 wyd.3 Ksi\u0105\u017cka [&hellip;]<\/p>\n","protected":false},"featured_media":7639,"template":"","meta":[],"product_brand":[],"product_cat":[7491,7495,18],"product_tag":[1026,687],"class_list":{"0":"post-401","1":"product","2":"type-product","3":"status-publish","4":"has-post-thumbnail","6":"product_cat-cywilne","7":"product_cat-gospodarcze-i-handlowe","8":"product_cat-prawo","9":"product_tag-nieuczciwa-konkurencja","10":"product_tag-odpowiedzialnosc-cywilna","12":"first","13":"instock","14":"sale","15":"shipping-taxable","16":"purchasable","17":"product-type-simple"},"_links":{"self":[{"href":"https:\/\/ksiegarnia-akademicka.pl\/index.php\/wp-json\/wp\/v2\/product\/401","targetHints":{"allow":["GET"]}}],"collection":[{"href":"https:\/\/ksiegarnia-akademicka.pl\/index.php\/wp-json\/wp\/v2\/product"}],"about":[{"href":"https:\/\/ksiegarnia-akademicka.pl\/index.php\/wp-json\/wp\/v2\/types\/product"}],"wp:featuredmedia":[{"embeddable":true,"href":"https:\/\/ksiegarnia-akademicka.pl\/index.php\/wp-json\/wp\/v2\/media\/7639"}],"wp:attachment":[{"href":"https:\/\/ksiegarnia-akademicka.pl\/index.php\/wp-json\/wp\/v2\/media?parent=401"}],"wp:term":[{"taxonomy":"product_brand","embeddable":true,"href":"https:\/\/ksiegarnia-akademicka.pl\/index.php\/wp-json\/wp\/v2\/product_brand?post=401"},{"taxonomy":"product_cat","embeddable":true,"href":"https:\/\/ksiegarnia-akademicka.pl\/index.php\/wp-json\/wp\/v2\/product_cat?post=401"},{"taxonomy":"product_tag","embeddable":true,"href":"https:\/\/ksiegarnia-akademicka.pl\/index.php\/wp-json\/wp\/v2\/product_tag?post=401"}],"curies":[{"name":"wp","href":"https:\/\/api.w.org\/{rel}","templated":true}]}}