{"id":3980,"date":"2018-05-22T12:49:22","date_gmt":"2018-05-22T10:49:22","guid":{"rendered":"http:\/\/ksiegarnia-akademicka.pl\/index.php\/product\/zarzadzanie-strategiczne-w-przedsiebiorstwie\/"},"modified":"2021-02-01T08:40:00","modified_gmt":"2021-02-01T07:40:00","slug":"zarzadzanie-strategiczne-w-przedsiebiorstwie","status":"publish","type":"product","link":"https:\/\/ksiegarnia-akademicka.pl\/index.php\/product\/zarzadzanie-strategiczne-w-przedsiebiorstwie\/","title":{"rendered":"Zarz\u0105dzanie strategiczne w przedsi\u0119biorstwie"},"content":{"rendered":"<p>Autor:<br \/>\nZdzis\u0142aw Pier\u015bcionek<br \/>\nWydawca: Wydawnictwo Naukowe PWN<br \/>\nOprawa: Mi\u0119kka<br \/>\nFormat: 16.5&#215;23.5cm<br \/>\nLiczba stron: 504<br \/>\nRok wydania: 2015<br \/>\nJ\u0119zyk wydania: polski<\/p>\n<p>Ksi\u0105\u017cka przybli\u017ca czytelnikowi tematyk\u0119 zarz\u0105dzania strategicznego. Zawarto w niej zagadnienia podstawowe, kwestie zwi\u0105zane z konkurencyjno\u015bci\u0105, a tak\u017ce strategie, koncepcje ich tworzenia, metody oceny i sposoby wdra\u017cania na wszystkich szczeblach organizacji. Ksi\u0105\u017cka zosta\u0142a wzbogacona o nowe tematy, takie jak: strategie tworzenia i rozwoju sieci, outsourcing, sieci klastrowe, organiczna koncepcja zarz\u0105dzania strategicznego, strategiczna karta wynik\u00f3w, zarz\u0105dzanie wiedz\u0105 i technologi\u0105 oraz systemy zarz\u0105dzania strategicznego.<\/p>\n<p>Autor dostarcza czytelnikowi zweryfikowan\u0105, zaawansowan\u0105 wiedz\u0119 w dziedzinie zarz\u0105dzania strategicznego w przedsi\u0119biorstwie. Dzi\u0119ki tej ksi\u0105\u017cce czytelnicy poznaj\u0105 metody budowania strategii przedsi\u0119biorstwa oraz zasady ich wyboru. Opr\u00f3cz podstawowych wiadomo\u015bci prezentuje nowe koncepcje zarz\u0105dzania strategicznego, kt\u00f3re s\u0105 odpowiedzi\u0105 na wzrost ryzyka i niepewno\u015bci dzia\u0142ania przedsi\u0119biorstw, nowe technologie informacyjne oraz na nowe warunki umi\u0119dzynarodowienia przedsi\u0119biorstw.<\/p>\n","protected":false},"excerpt":{"rendered":"<p>Autor: Zdzis\u0142aw Pier\u015bcionek Wydawca: Wydawnictwo Naukowe PWN Oprawa: Mi\u0119kka Format: [&hellip;]<\/p>\n","protected":false},"featured_media":13798,"template":"","meta":[],"product_brand":[],"product_cat":[7511,31,30,7515],"product_tag":[269,918,4444],"class_list":{"0":"post-3980","1":"product","2":"type-product","3":"status-publish","4":"has-post-thumbnail","6":"product_cat-kierowanie-i-zarzadzanie","7":"product_cat-przedsiebiorstwo","8":"product_cat-zarzadzanie","9":"product_cat-zarzadzanie-przedsiebiorstwem","10":"product_tag-podrecznik-akademicki","11":"product_tag-zarzadzanie-przedsiebiorstwem","12":"product_tag-zarzadzanie-strategiczne","14":"first","15":"instock","16":"sale","17":"shipping-taxable","18":"purchasable","19":"product-type-simple"},"_links":{"self":[{"href":"https:\/\/ksiegarnia-akademicka.pl\/index.php\/wp-json\/wp\/v2\/product\/3980","targetHints":{"allow":["GET"]}}],"collection":[{"href":"https:\/\/ksiegarnia-akademicka.pl\/index.php\/wp-json\/wp\/v2\/product"}],"about":[{"href":"https:\/\/ksiegarnia-akademicka.pl\/index.php\/wp-json\/wp\/v2\/types\/product"}],"wp:featuredmedia":[{"embeddable":true,"href":"https:\/\/ksiegarnia-akademicka.pl\/index.php\/wp-json\/wp\/v2\/media\/13798"}],"wp:attachment":[{"href":"https:\/\/ksiegarnia-akademicka.pl\/index.php\/wp-json\/wp\/v2\/media?parent=3980"}],"wp:term":[{"taxonomy":"product_brand","embeddable":true,"href":"https:\/\/ksiegarnia-akademicka.pl\/index.php\/wp-json\/wp\/v2\/product_brand?post=3980"},{"taxonomy":"product_cat","embeddable":true,"href":"https:\/\/ksiegarnia-akademicka.pl\/index.php\/wp-json\/wp\/v2\/product_cat?post=3980"},{"taxonomy":"product_tag","embeddable":true,"href":"https:\/\/ksiegarnia-akademicka.pl\/index.php\/wp-json\/wp\/v2\/product_tag?post=3980"}],"curies":[{"name":"wp","href":"https:\/\/api.w.org\/{rel}","templated":true}]}}