{"id":3931,"date":"2018-05-22T12:49:15","date_gmt":"2018-05-22T10:49:15","guid":{"rendered":"http:\/\/ksiegarnia-akademicka.pl\/index.php\/product\/ustawa-o-policji-komentarz\/"},"modified":"2021-03-22T13:12:19","modified_gmt":"2021-03-22T12:12:19","slug":"ustawa-o-policji-komentarz","status":"publish","type":"product","link":"https:\/\/ksiegarnia-akademicka.pl\/index.php\/product\/ustawa-o-policji-komentarz\/","title":{"rendered":"Ustawa o Policji Komentarz"},"content":{"rendered":"<p>Redakcja: prof. nadzw. dr hab. Katarzyna Cha\u0142ubi\u0144ska-Jentkiewicz, dr Justyna Kurek<br \/>\nAutor: dr Bogdan Guzi\u0144ski, prof. nadzw. dr hab. Justyna Kara\u017aniewicz , dr Monika Nowikowska, dr Filip Radoniewicz, dr Pawe\u0142 Zaj\u0105c<br \/>\nSeria: Kr\u00f3tkie Komentarze Becka<br \/>\nRok wydania: 2021<br \/>\nOprawa: Mi\u0119kka<br \/>\nLiczba stron: 814<br \/>\nWymiary: 135&#215;220 mm<br \/>\nWaga: 860 g<\/p>\n<p>Komentarz omawia ustaw\u0119 z 6.4.1990 r. o Policji (t.j. Dz.U. z 2020 r. poz. 360 ze zm.), b\u0119d\u0105c\u0105 uregulowaniem statusu prawnego s\u0142u\u017cby mundurowej i jej funkcjonariuszy.<\/p>\n<p>Publikacja, wydana w przyst\u0119pnym formacie, jest jedynym tak kompleksowym om\u00f3wieniem ustawy o Policji \u2013 uwzgl\u0119dnia wszechstronny dorobek doktryny i judykatury oraz najnowsze orzecznictwo i aktualne pi\u015bmiennictwo z komentowanej dziedziny i dziedzin pokrewnych.<\/p>\n<p>W komentarzu szczeg\u00f3\u0142owo om\u00f3wiono zagadnienia dotycz\u0105ce:<\/p>\n<p>organizacji Policji,<br \/>\nzakresu uprawnie\u0144 Policji,<br \/>\nbandery i znak\u00f3w rozpoznawczych,<br \/>\ns\u0142u\u017cby w Policji,<br \/>\nkorpus\u00f3w i stopni policyjnych,<br \/>\nobowi\u0105zk\u00f3w i praw policjanta,<br \/>\nmieszka\u0144 funkcjonariuszy Policji,<br \/>\nuposa\u017cenia i innych \u015bwiadcze\u0144 pieni\u0119\u017cnych policjant\u00f3w,<br \/>\nodpowiedzialno\u015bci dyscyplinarnej i karnej policjant\u00f3w,<br \/>\nrealizacji wsp\u00f3lnych dzia\u0142a\u0144 na terenie Unii Europejskiej.<br \/>\nPublikacja uwzgl\u0119dnia najnowsze zmiany legislacyjne, wprowadzone m.in.:<\/p>\n<p>ustaw\u0105 z 18.11.2020 r. o dor\u0119czeniach elektronicznych (Dz.U. z 2020 r. poz. 2320 ze zm.), kt\u00f3ra wprowadzi\u0142a nowy art. 3a dotycz\u0105cy wy\u0142\u0105cze\u0144 od obowi\u0105zku dor\u0119czania korespondencji przy wykorzystaniu publicznej us\u0142ugi rejestrowanego dor\u0119czania elektronicznego albo publicznej us\u0142ugi hybrydowej; zmiany wchodz\u0105 w \u017cycie 1.7.2021 r.;<br \/>\nustaw\u0105 z 14.8.2020 r. o szczeg\u00f3lnych rozwi\u0105zaniach dotycz\u0105cych wsparcia s\u0142u\u017cb mundurowych nadzorowanych przez ministra w\u0142a\u015bciwego do spraw wewn\u0119trznych, o zmianie ustawy o S\u0142u\u017cbie Wi\u0119ziennej oraz niekt\u00f3rych innych ustaw (Dz.U. z 2020 r. poz. 1610), kt\u00f3ra wprowadza szereg instrument\u00f3w prawnych maj\u0105cych na celu optymalizacj\u0119 warunk\u00f3w pe\u0142nienia s\u0142u\u017cby oraz zwi\u0119kszenie motywacji do jej podejmowania, a tak\u017ce wzmacnia ochron\u0119 prawn\u0105 funkcjonariuszy. Ustawa m.in.: przyznaje \u015bwiadczenie motywacyjne dla funkcjonariuszy ze sta\u017cem powy\u017cej 25 lat s\u0142u\u017cby, wy\u017cywienie w naturze oraz \u015bwiadczenie pieni\u0119\u017cne w zamian za wy\u017cywienie w naturze, ekwiwalent pieni\u0119\u017cny za niewykorzystany urlop wypoczynkowy lub dodatkowy oraz wzmacnia ochron\u0119 prawn\u0105 funkcjonariuszy Policji, Stra\u017cy Granicznej i S\u0142u\u017cby Ochrony Pa\u0144stwa uczestnicz\u0105cych w post\u0119powaniu karnym; zmiany wesz\u0142y w \u017cycie 1.10.2020 r. 30.11.2020 r.<br \/>\nustawy z 30.4.2020 r. o zmianie ustawy \u2013 Kodeks post\u0119powania cywilnego oraz niekt\u00f3rych innych ustaw (Dz.U. z 2020 r. poz. 956), kt\u00f3ra wprowadzi\u0142a rozwi\u0105zania dotycz\u0105ce szybkiego izolowania osoby dotkni\u0119tej przemoc\u0105 od osoby stosuj\u0105cej przemoc, w sytuacjach gdy stwarza ona zagro\u017cenie dla \u017cycia lub zdrowia domownik\u00f3w; ustawa m.in.:<br \/>\nnadaje Policji uprawnienie do wydania nakazu natychmiastowego opuszczenia wsp\u00f3lnie zajmowanego mieszkania i jego bezpo\u015bredniego otoczenia lub zakazu zbli\u017cania si\u0119 do mieszkania i jego bezpo\u015bredniego otoczenia;<br \/>\nnadaje policjantowi kompetencj\u0119 do oceny, odr\u0119bnie dla osoby doros\u0142ej i dziecka, ryzyka bezpo\u015bredniego zagro\u017cenia dla \u017cycia i zdrowia ludzkiego;<br \/>\nwprowadza szereg przepis\u00f3w reguluj\u0105cych szczeg\u00f3\u0142owo post\u0119powanie policjant\u00f3w w ww. sytuacjach, m.in. dotycz\u0105cych zebrania dowod\u00f3w, przes\u0142uchania \u015bwiadk\u00f3w, sposobu z\u0142o\u017cenia za\u017calenia i zasad jego rozpatrywania; zmiany wesz\u0142y w \u017cycie 30.11.2020 r.<br \/>\nKomentarz zosta\u0142 przygotowany z my\u015bl\u0105 o funkcjonariuszach Policji i innych s\u0142u\u017cb mundurowych, urz\u0119dnikach administracji centralnej, samorz\u0105dowej, a tak\u017ce prywatnych przedsi\u0119biorcach. Stanowi tak\u017ce nieodzown\u0105 pomoc dla praktyk\u00f3w prawa, w tym adwokat\u00f3w, s\u0119dzi\u00f3w, prokurator\u00f3w, radc\u00f3w prawnych, a tak\u017ce dla aplikant\u00f3w, student\u00f3w oraz wszystkich os\u00f3b zainteresowanych poruszan\u0105 tematyk\u0105.<\/p>\n","protected":false},"excerpt":{"rendered":"<p>Redakcja: prof. nadzw. dr hab. Katarzyna Cha\u0142ubi\u0144ska-Jentkiewicz, dr Justyna Kurek [&hellip;]<\/p>\n","protected":false},"featured_media":14085,"template":"","meta":[],"product_brand":[],"product_cat":[7492,18],"product_tag":[4980,485,5166,5887],"class_list":{"0":"post-3931","1":"product","2":"type-product","3":"status-publish","4":"has-post-thumbnail","6":"product_cat-administracyjne","7":"product_cat-prawo","8":"product_tag-bezpieczenstwo-publiczne","9":"product_tag-prawo-administracyjne","10":"product_tag-seria-krotkie-komentarze-becka","11":"product_tag-ustawa-o-policji","13":"first","14":"instock","15":"sale","16":"shipping-taxable","17":"purchasable","18":"product-type-simple"},"_links":{"self":[{"href":"https:\/\/ksiegarnia-akademicka.pl\/index.php\/wp-json\/wp\/v2\/product\/3931","targetHints":{"allow":["GET"]}}],"collection":[{"href":"https:\/\/ksiegarnia-akademicka.pl\/index.php\/wp-json\/wp\/v2\/product"}],"about":[{"href":"https:\/\/ksiegarnia-akademicka.pl\/index.php\/wp-json\/wp\/v2\/types\/product"}],"wp:featuredmedia":[{"embeddable":true,"href":"https:\/\/ksiegarnia-akademicka.pl\/index.php\/wp-json\/wp\/v2\/media\/14085"}],"wp:attachment":[{"href":"https:\/\/ksiegarnia-akademicka.pl\/index.php\/wp-json\/wp\/v2\/media?parent=3931"}],"wp:term":[{"taxonomy":"product_brand","embeddable":true,"href":"https:\/\/ksiegarnia-akademicka.pl\/index.php\/wp-json\/wp\/v2\/product_brand?post=3931"},{"taxonomy":"product_cat","embeddable":true,"href":"https:\/\/ksiegarnia-akademicka.pl\/index.php\/wp-json\/wp\/v2\/product_cat?post=3931"},{"taxonomy":"product_tag","embeddable":true,"href":"https:\/\/ksiegarnia-akademicka.pl\/index.php\/wp-json\/wp\/v2\/product_tag?post=3931"}],"curies":[{"name":"wp","href":"https:\/\/api.w.org\/{rel}","templated":true}]}}