{"id":3891,"date":"2018-05-22T12:49:10","date_gmt":"2018-05-22T10:49:10","guid":{"rendered":"http:\/\/ksiegarnia-akademicka.pl\/index.php\/product\/masaz-leczniczy\/"},"modified":"2018-12-19T14:44:24","modified_gmt":"2018-12-19T13:44:24","slug":"masaz-leczniczy","status":"publish","type":"product","link":"https:\/\/ksiegarnia-akademicka.pl\/index.php\/product\/masaz-leczniczy\/","title":{"rendered":"Masa\u017c leczniczy Podstawy anatomiczne i techniki"},"content":{"rendered":"<p>Autor:<br \/>\nL. Allen<br \/>\nWydawca: Edra Urban &amp; Partner<br \/>\nOprawa: Mi\u0119kka<br \/>\nFormat: 21.0&#215;27.0cm<br \/>\nLiczba stron: 392<br \/>\nWydanie: 1<br \/>\nRok wydania: 2018<\/p>\n<p>Przedstawiamy Czytelnikowi podr\u0119cznik, kt\u00f3ry umo\u017cliwi mu zbudowa\u0107 mocne podstawy anatomii uk\u0142adu mi\u0119\u015bniowego, kt\u00f3re konieczne s\u0105 by przyswoi\u0107 podstawowe techniki terapii manualnej. Ksi\u0105\u017cka ta, pe\u0142na jest realistycznych rycin, ukazuj\u0105cych struktury wewn\u0119trzne cia\u0142a osadzone na fotografiach cia\u0142a \u017cywych modeli.<br \/>\nPonad 550 kolorowych rycin ukazuj\u0105cych mi\u0119\u015bnie, grupy mi\u0119\u015bniowe, okoliczne struktury anatomiczne, charakterystyczne punkty odniesienia na powierzchni cia\u0142a oraz po\u0142o\u017cenie r\u0105k terapeuty podczas masa\u017cu.<br \/>\nObrazowe przedstawienie prawid\u0142owych technik masa\u017cu.<br \/>\nJasne przedstawienie za pomoc\u0105 rycin prawid\u0142owych technik u\u0142o\u017cenia pacjenta oraz os\u0142aniania jego cia\u0142a podczas terapii manualnej.<br \/>\nOpisy przypadk\u00f3w, kt\u00f3re pomagaj\u0105 osadzi\u0107 zdobyt\u0105 wiedz\u0119 teoretyczna w ramach codzinnej praktyki terapeuty.<br \/>\nCele nauczania oraz pytania podsumowuj\u0105ce, kt\u00f3re opanowa\u0107 g\u0142\u00f3wne za\u0142o\u017cenia teoretyczne oraz praktyczne i oceni\u0107 swoj\u0105 wiedz\u0119.<\/p>\n","protected":false},"excerpt":{"rendered":"<p>Autor: L. Allen Wydawca: Edra Urban &amp; Partner Oprawa: Mi\u0119kka [&hellip;]<\/p>\n","protected":false},"featured_media":9838,"template":"","meta":[],"product_brand":[],"product_cat":[7493,44],"product_tag":[1498,5852,3994,5853],"class_list":{"0":"post-3891","1":"product","2":"type-product","3":"status-publish","4":"has-post-thumbnail","6":"product_cat-medycyna","7":"product_cat-nauki-medyczne","8":"product_tag-fizjoterapia","9":"product_tag-masaz-leczniczy","10":"product_tag-medycyna","11":"product_tag-rehabilitacja","13":"first","14":"instock","15":"sale","16":"shipping-taxable","17":"purchasable","18":"product-type-simple"},"_links":{"self":[{"href":"https:\/\/ksiegarnia-akademicka.pl\/index.php\/wp-json\/wp\/v2\/product\/3891","targetHints":{"allow":["GET"]}}],"collection":[{"href":"https:\/\/ksiegarnia-akademicka.pl\/index.php\/wp-json\/wp\/v2\/product"}],"about":[{"href":"https:\/\/ksiegarnia-akademicka.pl\/index.php\/wp-json\/wp\/v2\/types\/product"}],"wp:featuredmedia":[{"embeddable":true,"href":"https:\/\/ksiegarnia-akademicka.pl\/index.php\/wp-json\/wp\/v2\/media\/9838"}],"wp:attachment":[{"href":"https:\/\/ksiegarnia-akademicka.pl\/index.php\/wp-json\/wp\/v2\/media?parent=3891"}],"wp:term":[{"taxonomy":"product_brand","embeddable":true,"href":"https:\/\/ksiegarnia-akademicka.pl\/index.php\/wp-json\/wp\/v2\/product_brand?post=3891"},{"taxonomy":"product_cat","embeddable":true,"href":"https:\/\/ksiegarnia-akademicka.pl\/index.php\/wp-json\/wp\/v2\/product_cat?post=3891"},{"taxonomy":"product_tag","embeddable":true,"href":"https:\/\/ksiegarnia-akademicka.pl\/index.php\/wp-json\/wp\/v2\/product_tag?post=3891"}],"curies":[{"name":"wp","href":"https:\/\/api.w.org\/{rel}","templated":true}]}}