{"id":3758,"date":"2018-05-22T12:48:50","date_gmt":"2018-05-22T10:48:50","guid":{"rendered":"http:\/\/ksiegarnia-akademicka.pl\/index.php\/product\/handel-zagraniczny-organizacja-i-technika\/"},"modified":"2024-07-16T13:29:19","modified_gmt":"2024-07-16T11:29:19","slug":"handel-zagraniczny-organizacja-i-technika","status":"publish","type":"product","link":"https:\/\/ksiegarnia-akademicka.pl\/index.php\/product\/handel-zagraniczny-organizacja-i-technika\/","title":{"rendered":"Handel zagraniczny Organizacja i technika"},"content":{"rendered":"<p>Jan Rymarczyk<br \/>\nWydawca: PWE<br \/>\nOprawa: Kartonowa Foliowana<br \/>\nFormat: 16.3&#215;23.7<br \/>\nLiczba stron: 474<br \/>\nWydanie: 6<br \/>\nRok wydania: 2017<\/p>\n<p>Ksi\u0105\u017cka stanowi nowoczesne kompendium wiedzy z zakresu organizacji i techniki handlu zagranicznego. Autorzy uwzgl\u0119dnili w niej zmiany zachodz\u0105ce w tej sferze biznesu mi\u0119dzynarodowego, powodowane przede wszystkim zjawiskami zwi\u0105zanymi z globalizacj\u0105 i regionalizacj\u0105 (m.in. zosta\u0142y przedstawione nowa wersja mi\u0119dzynarodowych formu\u0142 handlowych oraz zmiany w praktyce polskiego handlu zagranicznego zwi\u0105zane z cz\u0142onkowstwem w Unii Europejskiej).<br \/>\nNajwa\u017cniejsze problemy om\u00f3wione w niniejszej ksi\u0105\u017cce to:<br \/>\nformy handlu zagranicznego,<br \/>\nrodzaje po\u015brednik\u00f3w w handlu zagranicznym,<br \/>\nnarz\u0119dzia regulacji i organizacji handlu zagranicznego w przedsi\u0119biorstwie,<br \/>\nrozliczenia transakcji i sposoby ich finansowania,<br \/>\nc\u0142a i procedury celne,<br \/>\ntransport i spedycja oraz ubezpieczenia w obrocie gospodarczym z zagranic\u0105,<br \/>\nryzyko i sposoby jego ograniczania,<br \/>\nzagadnienia arbitra\u017cu mi\u0119dzynarodowego,<br \/>\nteorie wymiany mi\u0119dzynarodowej oraz korzy\u015bci z niej wynikaj\u0105ce.<br \/>\nWi\u0119kszo\u015b\u0107 autor\u00f3w podr\u0119cznika to pracownicy Katedry Mi\u0119dzynarodowych Stosunk\u00f3w Gospodarczych Uniwersytetu Ekonomicznego we Wroc\u0142awiu posiadaj\u0105cy r\u00f3wnie\u017c do\u015bwiadczenie w praktycznej realizacji transakcji handlowych.<br \/>\nKsi\u0105\u017cka jest przeznaczona dla student\u00f3w kierunk\u00f3w ekonomicznych w wy\u017cszych uczelniach r\u00f3\u017cnego typu oraz pracownik\u00f3w przedsi\u0119biorstw i instytucji zwi\u0105zanych z handlem mi\u0119dzynarodowym.<\/p>\n","protected":false},"excerpt":{"rendered":"<p>Jan Rymarczyk Wydawca: PWE Oprawa: Kartonowa Foliowana Format: 16.3&#215;23.7 Liczba [&hellip;]<\/p>\n","protected":false},"featured_media":7788,"template":"","meta":[],"product_brand":[],"product_cat":[33,26],"product_tag":[216,532],"class_list":{"0":"post-3758","1":"product","2":"type-product","3":"status-publish","4":"has-post-thumbnail","6":"product_cat-handel","7":"product_cat-miedzynarodowe-stosunki-gospodarcze","8":"product_tag-handel-zagraniczny","9":"product_tag-msg","11":"first","12":"outofstock","13":"sale","14":"shipping-taxable","15":"purchasable","16":"product-type-simple"},"_links":{"self":[{"href":"https:\/\/ksiegarnia-akademicka.pl\/index.php\/wp-json\/wp\/v2\/product\/3758","targetHints":{"allow":["GET"]}}],"collection":[{"href":"https:\/\/ksiegarnia-akademicka.pl\/index.php\/wp-json\/wp\/v2\/product"}],"about":[{"href":"https:\/\/ksiegarnia-akademicka.pl\/index.php\/wp-json\/wp\/v2\/types\/product"}],"wp:featuredmedia":[{"embeddable":true,"href":"https:\/\/ksiegarnia-akademicka.pl\/index.php\/wp-json\/wp\/v2\/media\/7788"}],"wp:attachment":[{"href":"https:\/\/ksiegarnia-akademicka.pl\/index.php\/wp-json\/wp\/v2\/media?parent=3758"}],"wp:term":[{"taxonomy":"product_brand","embeddable":true,"href":"https:\/\/ksiegarnia-akademicka.pl\/index.php\/wp-json\/wp\/v2\/product_brand?post=3758"},{"taxonomy":"product_cat","embeddable":true,"href":"https:\/\/ksiegarnia-akademicka.pl\/index.php\/wp-json\/wp\/v2\/product_cat?post=3758"},{"taxonomy":"product_tag","embeddable":true,"href":"https:\/\/ksiegarnia-akademicka.pl\/index.php\/wp-json\/wp\/v2\/product_tag?post=3758"}],"curies":[{"name":"wp","href":"https:\/\/api.w.org\/{rel}","templated":true}]}}