{"id":3742,"date":"2018-05-22T12:48:48","date_gmt":"2018-05-22T10:48:48","guid":{"rendered":"http:\/\/ksiegarnia-akademicka.pl\/index.php\/product\/english-for-medicine-z-plyta-cd\/"},"modified":"2019-10-23T08:21:21","modified_gmt":"2019-10-23T06:21:21","slug":"english-for-medicine-z-plyta-cd","status":"publish","type":"product","link":"https:\/\/ksiegarnia-akademicka.pl\/index.php\/product\/english-for-medicine-z-plyta-cd\/","title":{"rendered":"English for medicine z p\u0142yt\u0105 CD"},"content":{"rendered":"<p>Autor:<br \/>\nJoanna Ciecierska<br \/>\nBarbara Jenike<br \/>\nWydawca: PZWL<br \/>\nOprawa: Mi\u0119kka<br \/>\nFormat: 18.5&#215;23.0cm<br \/>\nLiczba stron: 412<br \/>\nWydanie: 1<br \/>\nRok wydania: 2019<br \/>\nJ\u0119zyk wydania: polski, angielski<\/p>\n<p>Przewodnik do nauki medycznego j\u0119zyka angielskiego, przygotowany przez brytyjsko-polski zesp\u00f3\u0142 lekarzy, adresowany jest do lekarzy i student\u00f3w medycyny, kt\u00f3rzy znaj\u0105 j\u0119zyk angielski przynajmniej w stopniu \u015brednio zaawansowanym i maj\u0105 zamiar studiowa\u0107 lub pracowa\u0107 w jednym z kraj\u00f3w angloj\u0119zycznych.<br \/>\nKsi\u0105\u017cka stanowi doskona\u0142e \u017ar\u00f3d\u0142o wiedzy o j\u0119zyku i zwyczajach panuj\u0105cych w s\u0142u\u017cbie zdrowia w Wielkiej Brytanii. Zawiera zwroty, terminy i skr\u00f3ty medyczne, m.in. z zakresu medycyny ratunkowej, interny, po\u0142o\u017cnictwa i ginekologii, psychiatrii, pediatrii i chirurgii oraz przydatne w izbie przyj\u0119\u0107. Ostatni\u0105 cz\u0119\u015b\u0107 po\u015bwi\u0119cono potocznemu j\u0119zykowi angielskiemu zwi\u0105zanemu z tematyk\u0105 medyczn\u0105.<br \/>\nW obecnym wydaniu zmieni\u0142 si\u0119 uk\u0142ad ksi\u0105\u017cki. W cz\u0119\u015bci pierwszej dodano m.in. s\u0142ownictwo dotycz\u0105ce uzale\u017cnie\u0144. W cz\u0119\u015bci trzeciej umieszczono terminologi\u0119 z zakresu m.in. poradnictwa genetycznego, a cz\u0119\u015b\u0107 pi\u0105t\u0105 o s\u0142ownictwo z zakresu genetyki. W cz\u0119\u015bci sz\u00f3stej wzbogacone zosta\u0142o s\u0142ownictwo naukowe.<br \/>\nUk\u0142ad ksi\u0105\u017cki u\u0142atwia samodzieln\u0105 nauk\u0119, a do\u0142\u0105czone dwie p\u0142yty CD z nagraniami umo\u017cliwiaj\u0105 doskonalenie wymowy.<\/p>\n","protected":false},"excerpt":{"rendered":"<p>Autor: Joanna Ciecierska Barbara Jenike Wydawca: PZWL Oprawa: Mi\u0119kka Format: [&hellip;]<\/p>\n","protected":false},"featured_media":11717,"template":"","meta":[],"product_brand":[],"product_cat":[37,7493],"product_tag":[5736,5737,3994],"class_list":{"0":"post-3742","1":"product","2":"type-product","3":"status-publish","4":"has-post-thumbnail","6":"product_cat-jezyki-obce","7":"product_cat-medycyna","8":"product_tag-english-for-medicine","9":"product_tag-jezyk-angielski-w-medycynie","10":"product_tag-medycyna","12":"first","13":"instock","14":"sale","15":"shipping-taxable","16":"purchasable","17":"product-type-simple"},"_links":{"self":[{"href":"https:\/\/ksiegarnia-akademicka.pl\/index.php\/wp-json\/wp\/v2\/product\/3742","targetHints":{"allow":["GET"]}}],"collection":[{"href":"https:\/\/ksiegarnia-akademicka.pl\/index.php\/wp-json\/wp\/v2\/product"}],"about":[{"href":"https:\/\/ksiegarnia-akademicka.pl\/index.php\/wp-json\/wp\/v2\/types\/product"}],"wp:featuredmedia":[{"embeddable":true,"href":"https:\/\/ksiegarnia-akademicka.pl\/index.php\/wp-json\/wp\/v2\/media\/11717"}],"wp:attachment":[{"href":"https:\/\/ksiegarnia-akademicka.pl\/index.php\/wp-json\/wp\/v2\/media?parent=3742"}],"wp:term":[{"taxonomy":"product_brand","embeddable":true,"href":"https:\/\/ksiegarnia-akademicka.pl\/index.php\/wp-json\/wp\/v2\/product_brand?post=3742"},{"taxonomy":"product_cat","embeddable":true,"href":"https:\/\/ksiegarnia-akademicka.pl\/index.php\/wp-json\/wp\/v2\/product_cat?post=3742"},{"taxonomy":"product_tag","embeddable":true,"href":"https:\/\/ksiegarnia-akademicka.pl\/index.php\/wp-json\/wp\/v2\/product_tag?post=3742"}],"curies":[{"name":"wp","href":"https:\/\/api.w.org\/{rel}","templated":true}]}}