{"id":374,"date":"2018-05-22T12:41:20","date_gmt":"2018-05-22T10:41:20","guid":{"rendered":"http:\/\/ksiegarnia-akademicka.pl\/index.php\/product\/prawo-wlasnosci-przemyslowej\/"},"modified":"2022-02-08T09:06:47","modified_gmt":"2022-02-08T08:06:47","slug":"prawo-wlasnosci-przemyslowej","status":"publish","type":"product","link":"https:\/\/ksiegarnia-akademicka.pl\/index.php\/product\/prawo-wlasnosci-przemyslowej\/","title":{"rendered":"Prawo w\u0142asno\u015bci przemys\u0142owej Twoje prawo"},"content":{"rendered":"<p>Redakcja: \u017belazowska Wioletta<br \/>\nWydawca: C.H. Beck<br \/>\nOprawa: Mi\u0119kka<br \/>\nFormat: 12.2&#215;17.5cm<br \/>\nLiczba stron: 184<br \/>\nWydanie: 16<br \/>\nRok wydania: 2022<br \/>\nJ\u0119zyk wydania: polski<\/p>\n<p>Stan prawny: 14 stycznia 2022 r.<\/p>\n<p>Ksi\u0105\u017cka zawiera:<\/p>\n<p>Tekst ustawy Prawo w\u0142asno\u015bci przemys\u0142owej,<br \/>\nRozporz\u0105dzenia,<br \/>\nIndeks rzeczowy.<br \/>\nSeria &#8222;Twoje Prawo&#8221; zawiera:<\/p>\n<p>Boldowanie najnowszych zmian<br \/>\nPrzypisy od Redakcji<br \/>\nCzytelne has\u0142a i teksty<br \/>\nIndeks rzeczowy<\/p>\n","protected":false},"excerpt":{"rendered":"<p>Redakcja: \u017belazowska Wioletta Wydawca: C.H. Beck Oprawa: Mi\u0119kka Format: 12.2&#215;17.5cm [&hellip;]<\/p>\n","protected":false},"featured_media":15230,"template":"","meta":[],"product_brand":[],"product_cat":[7491,18],"product_tag":[1016,4935,2240],"class_list":{"0":"post-374","1":"product","2":"type-product","3":"status-publish","4":"has-post-thumbnail","6":"product_cat-cywilne","7":"product_cat-prawo","8":"product_tag-prawo-autorskie","9":"product_tag-prawo-wlasnosci-przemyslowej","10":"product_tag-seria-twoje-prawo","12":"first","13":"instock","14":"sale","15":"shipping-taxable","16":"purchasable","17":"product-type-simple"},"_links":{"self":[{"href":"https:\/\/ksiegarnia-akademicka.pl\/index.php\/wp-json\/wp\/v2\/product\/374","targetHints":{"allow":["GET"]}}],"collection":[{"href":"https:\/\/ksiegarnia-akademicka.pl\/index.php\/wp-json\/wp\/v2\/product"}],"about":[{"href":"https:\/\/ksiegarnia-akademicka.pl\/index.php\/wp-json\/wp\/v2\/types\/product"}],"wp:featuredmedia":[{"embeddable":true,"href":"https:\/\/ksiegarnia-akademicka.pl\/index.php\/wp-json\/wp\/v2\/media\/15230"}],"wp:attachment":[{"href":"https:\/\/ksiegarnia-akademicka.pl\/index.php\/wp-json\/wp\/v2\/media?parent=374"}],"wp:term":[{"taxonomy":"product_brand","embeddable":true,"href":"https:\/\/ksiegarnia-akademicka.pl\/index.php\/wp-json\/wp\/v2\/product_brand?post=374"},{"taxonomy":"product_cat","embeddable":true,"href":"https:\/\/ksiegarnia-akademicka.pl\/index.php\/wp-json\/wp\/v2\/product_cat?post=374"},{"taxonomy":"product_tag","embeddable":true,"href":"https:\/\/ksiegarnia-akademicka.pl\/index.php\/wp-json\/wp\/v2\/product_tag?post=374"}],"curies":[{"name":"wp","href":"https:\/\/api.w.org\/{rel}","templated":true}]}}