{"id":3679,"date":"2018-05-22T12:48:39","date_gmt":"2018-05-22T10:48:39","guid":{"rendered":"http:\/\/ksiegarnia-akademicka.pl\/index.php\/product\/iii-rzesza-popkultury-i-inne-stany\/"},"modified":"2021-03-29T10:43:23","modified_gmt":"2021-03-29T08:43:23","slug":"iii-rzesza-popkultury-i-inne-stany","status":"publish","type":"product","link":"https:\/\/ksiegarnia-akademicka.pl\/index.php\/product\/iii-rzesza-popkultury-i-inne-stany\/","title":{"rendered":"III Rzesza Popkultury i inne stany"},"content":{"rendered":"<p>Autor:<br \/>\nBart\u0142omiej Dobroczy\u0144ski<br \/>\nWydawca: Znak<br \/>\nOprawa: Mi\u0119kka<br \/>\nFormat: 14.5&#215;20.5cm<br \/>\nLiczba stron: 237<br \/>\nWydanie: 1<br \/>\nRok wydania: 2004<\/p>\n<p>Mo\u017ce nie ma ju\u017c autentycznej kultury, bo nie wpuszczono jej do naszego lokalu z &#8222;dor selekszyn&#8221;? Zgadzasz si\u0119 z tym? Wy\u015blij SMS na numer\u2026<\/p>\n<p>Nie spos\u00f3b uchroni\u0107 si\u0119 przed zalewem tandety. Oddajemy do r\u0105k czytelnik\u00f3w krytyczny przewodnik po popkulturze, a tak\u017ce instrukcj\u0119 jej obs\u0142ugi. Pe\u0142ne pasji szkice psychologa pomog\u0105 odr\u00f3\u017cni\u0107 co\u015b, co jest tylko papk\u0105, od wytworu niechby nawet popowej kultury. Autor uwa\u017ca, \u017ce niekt\u00f3re warto\u015bciowe zjawiska s\u0105 ci\u0105gle niedoceniane &#8211; na przyk\u0142ad muzyka rockowa. <\/p>\n<p>Ksi\u0105\u017cka nie utyskuje na \u015bwiat, wszak ci\u0105gle istniej\u0105 na nim fascynuj\u0105ce zjawiska: pisarstwo Wiktora Pielewina, \u015bwiadome ojcostwo i nieidealistyczna mi\u0142o\u015b\u0107. Oraz Frank Zappa.<\/p>\n","protected":false},"excerpt":{"rendered":"<p>Autor: Bart\u0142omiej Dobroczy\u0144ski Wydawca: Znak Oprawa: Mi\u0119kka Format: 14.5&#215;20.5cm Liczba [&hellip;]<\/p>\n","protected":false},"featured_media":9249,"template":"","meta":[],"product_brand":[],"product_cat":[27,7508],"product_tag":[1109,1110,4329,246],"class_list":{"0":"post-3679","1":"product","2":"type-product","3":"status-publish","4":"has-post-thumbnail","6":"product_cat-nauki-spoleczne","7":"product_cat-socjologia","8":"product_tag-cywilizacja","9":"product_tag-kultura","10":"product_tag-publicystyka","11":"product_tag-socjologia","13":"first","14":"instock","15":"sale","16":"shipping-taxable","17":"purchasable","18":"product-type-simple"},"_links":{"self":[{"href":"https:\/\/ksiegarnia-akademicka.pl\/index.php\/wp-json\/wp\/v2\/product\/3679","targetHints":{"allow":["GET"]}}],"collection":[{"href":"https:\/\/ksiegarnia-akademicka.pl\/index.php\/wp-json\/wp\/v2\/product"}],"about":[{"href":"https:\/\/ksiegarnia-akademicka.pl\/index.php\/wp-json\/wp\/v2\/types\/product"}],"wp:featuredmedia":[{"embeddable":true,"href":"https:\/\/ksiegarnia-akademicka.pl\/index.php\/wp-json\/wp\/v2\/media\/9249"}],"wp:attachment":[{"href":"https:\/\/ksiegarnia-akademicka.pl\/index.php\/wp-json\/wp\/v2\/media?parent=3679"}],"wp:term":[{"taxonomy":"product_brand","embeddable":true,"href":"https:\/\/ksiegarnia-akademicka.pl\/index.php\/wp-json\/wp\/v2\/product_brand?post=3679"},{"taxonomy":"product_cat","embeddable":true,"href":"https:\/\/ksiegarnia-akademicka.pl\/index.php\/wp-json\/wp\/v2\/product_cat?post=3679"},{"taxonomy":"product_tag","embeddable":true,"href":"https:\/\/ksiegarnia-akademicka.pl\/index.php\/wp-json\/wp\/v2\/product_tag?post=3679"}],"curies":[{"name":"wp","href":"https:\/\/api.w.org\/{rel}","templated":true}]}}