{"id":3636,"date":"2018-05-22T12:48:33","date_gmt":"2018-05-22T10:48:33","guid":{"rendered":"http:\/\/ksiegarnia-akademicka.pl\/index.php\/product\/austriacka-szkola-ekonomii-dla-inwestorow-czyli-ludwig-von-mises-wchodzi-na-gielde\/"},"modified":"2019-01-05T11:10:35","modified_gmt":"2019-01-05T10:10:35","slug":"austriacka-szkola-ekonomii-dla-inwestorow-czyli-ludwig-von-mises-wchodzi-na-gielde","status":"publish","type":"product","link":"https:\/\/ksiegarnia-akademicka.pl\/index.php\/product\/austriacka-szkola-ekonomii-dla-inwestorow-czyli-ludwig-von-mises-wchodzi-na-gielde\/","title":{"rendered":"Austriacka Szko\u0142a Ekonomii dla inwestor\u00f3w czyli Ludwig von Mises wchodzi na gie\u0142d\u0119"},"content":{"rendered":"<p>Autor:<br \/>\nMark Skousen<br \/>\nT\u0142umacze: Fijor Jan M.<br \/>\nWydawca: Fijorr Publishing<br \/>\nOprawa: Mi\u0119kka<br \/>\nFormat: 14.5&#215;20.5cm<br \/>\nLiczba stron: 136<br \/>\nWydanie: 1<br \/>\nRok wydania: 2012<\/p>\n<p>W moim g\u0142\u0119bokim przekonaniu nie ma drugiej szko\u0142y ekonomicznej, kt\u00f3ra &#8211; w\u0142a\u015bnie jak szko\u0142a austriacka &#8211; oferowa\u0142aby tak dog\u0142\u0119bn\u0105, poprawn\u0105 i sprawdzaj\u0105c\u0105 si\u0119 w praktyce teori\u0119.<br \/>\nW dzisiejszym pe\u0142nym nieprzewidywalno\u015bci i gwa\u0142townych zwrot\u00f3w \u015bwiecie jest to niezwykle wa\u017cna cecha. Zw\u0142aszcza z inwestycyjnego punktu widzenia.<br \/>\nMark Skousen<\/p>\n","protected":false},"excerpt":{"rendered":"<p>Autor: Mark Skousen T\u0142umacze: Fijor Jan M. Wydawca: Fijorr Publishing [&hellip;]<\/p>\n","protected":false},"featured_media":10086,"template":"","meta":[],"product_brand":[],"product_cat":[17,7498],"product_tag":[7767,337,3402],"class_list":{"0":"post-3636","1":"product","2":"type-product","3":"status-publish","4":"has-post-thumbnail","6":"product_cat-ekonomia","7":"product_cat-teoria-ekonomii","8":"product_tag-austriacka-szkola-ekonomii","9":"product_tag-ekonomia","10":"product_tag-teoria-ekonomii","12":"first","13":"instock","14":"sale","15":"shipping-taxable","16":"purchasable","17":"product-type-simple"},"_links":{"self":[{"href":"https:\/\/ksiegarnia-akademicka.pl\/index.php\/wp-json\/wp\/v2\/product\/3636","targetHints":{"allow":["GET"]}}],"collection":[{"href":"https:\/\/ksiegarnia-akademicka.pl\/index.php\/wp-json\/wp\/v2\/product"}],"about":[{"href":"https:\/\/ksiegarnia-akademicka.pl\/index.php\/wp-json\/wp\/v2\/types\/product"}],"wp:featuredmedia":[{"embeddable":true,"href":"https:\/\/ksiegarnia-akademicka.pl\/index.php\/wp-json\/wp\/v2\/media\/10086"}],"wp:attachment":[{"href":"https:\/\/ksiegarnia-akademicka.pl\/index.php\/wp-json\/wp\/v2\/media?parent=3636"}],"wp:term":[{"taxonomy":"product_brand","embeddable":true,"href":"https:\/\/ksiegarnia-akademicka.pl\/index.php\/wp-json\/wp\/v2\/product_brand?post=3636"},{"taxonomy":"product_cat","embeddable":true,"href":"https:\/\/ksiegarnia-akademicka.pl\/index.php\/wp-json\/wp\/v2\/product_cat?post=3636"},{"taxonomy":"product_tag","embeddable":true,"href":"https:\/\/ksiegarnia-akademicka.pl\/index.php\/wp-json\/wp\/v2\/product_tag?post=3636"}],"curies":[{"name":"wp","href":"https:\/\/api.w.org\/{rel}","templated":true}]}}