{"id":3610,"date":"2018-05-22T12:48:29","date_gmt":"2018-05-22T10:48:29","guid":{"rendered":"http:\/\/ksiegarnia-akademicka.pl\/index.php\/product\/laboratorium-magazynowe-podrecznik-technikum-szkola-policealna\/"},"modified":"2019-01-02T10:09:50","modified_gmt":"2019-01-02T09:09:50","slug":"laboratorium-magazynowe-podrecznik-technikum-szkola-policealna","status":"publish","type":"product","link":"https:\/\/ksiegarnia-akademicka.pl\/index.php\/product\/laboratorium-magazynowe-podrecznik-technikum-szkola-policealna\/","title":{"rendered":"Laboratorium magazynowe Podr\u0119cznik Technikum, szko\u0142a policealna"},"content":{"rendered":"<p>Redakcja: Tru\u015b Teresa, Janu\u0142a Eugeniusz<br \/>\nWydawca: Difin<br \/>\nOprawa: Mi\u0119kka<br \/>\nFormat: 16.0&#215;23.0cm<br \/>\nLiczba stron: 296<br \/>\nRok wydania: 2011<\/p>\n<p>Wa\u017cne miejsce w strukturze logistyki zajmuje gospodarka zapasami, zwi\u0105zana z funkcjonowaniem magazyn\u00f3w. Niemo\u017cliwe jest zrozumienie czynno\u015bci magazynowych bez praktycznych \u0107wicze\u0144, a tak\u017ce analizowania konkretnych modeli sytuacyjnych i przyk\u0142ad\u00f3w. Prezentowany podr\u0119cznik stanowi kompendium wiedzy praktycznej w zakresie logistyki. Ksi\u0105\u017cka zawiera szereg przyk\u0142ad\u00f3w i zada\u0144, rozumianych jako bezpo\u015bredni\u0105 pomoc w rozwi\u0105zywaniu konkretnych problem\u00f3w z zakresu pracy nowoczesnego, dobrze zarz\u0105dzanego magazynu, wykorzystuj\u0105cego gospodark\u0119 elektroniczn\u0105, zintegrowane systemy w strefach przyj\u0119cia, kompletowania i wysy\u0142ki. Takich magazyn\u00f3w jest w naszej gospodarce ju\u017c do\u015b\u0107 du\u017co, a przybywa coraz wi\u0119cej. \u017beby m\u00f3c w takich magazynach efektywnie pracowa\u0107 albo nimi efektywnie zarz\u0105dza\u0107 trzeba posiada\u0107 nie tylko wiedz\u0119, ale i co nie mniej wa\u017cne, praktyczne umiej\u0119tno\u015bci. Podane systemowe przyk\u0142ady i rozwi\u0105zania prowadz\u0105 w\u0142a\u015bnie do nabywania tego rodzaju umiej\u0119tno\u015bci i przybli\u017caj\u0105 teori\u0119 do praktyki.<\/p>\n","protected":false},"excerpt":{"rendered":"<p>Redakcja: Tru\u015b Teresa, Janu\u0142a Eugeniusz Wydawca: Difin Oprawa: Mi\u0119kka Format: [&hellip;]<\/p>\n","protected":false},"featured_media":8366,"template":"","meta":[],"product_brand":[],"product_cat":[7517,31],"product_tag":[502,523,5553,5661],"class_list":{"0":"post-3610","1":"product","2":"type-product","3":"status-publish","4":"has-post-thumbnail","6":"product_cat-logistyka","7":"product_cat-przedsiebiorstwo","8":"product_tag-logistyka","9":"product_tag-magazynowanie","10":"product_tag-seria-technik-logistyk","11":"product_tag-zarzadzanie-logistyka","13":"first","14":"instock","15":"sale","16":"shipping-taxable","17":"purchasable","18":"product-type-simple"},"_links":{"self":[{"href":"https:\/\/ksiegarnia-akademicka.pl\/index.php\/wp-json\/wp\/v2\/product\/3610","targetHints":{"allow":["GET"]}}],"collection":[{"href":"https:\/\/ksiegarnia-akademicka.pl\/index.php\/wp-json\/wp\/v2\/product"}],"about":[{"href":"https:\/\/ksiegarnia-akademicka.pl\/index.php\/wp-json\/wp\/v2\/types\/product"}],"wp:featuredmedia":[{"embeddable":true,"href":"https:\/\/ksiegarnia-akademicka.pl\/index.php\/wp-json\/wp\/v2\/media\/8366"}],"wp:attachment":[{"href":"https:\/\/ksiegarnia-akademicka.pl\/index.php\/wp-json\/wp\/v2\/media?parent=3610"}],"wp:term":[{"taxonomy":"product_brand","embeddable":true,"href":"https:\/\/ksiegarnia-akademicka.pl\/index.php\/wp-json\/wp\/v2\/product_brand?post=3610"},{"taxonomy":"product_cat","embeddable":true,"href":"https:\/\/ksiegarnia-akademicka.pl\/index.php\/wp-json\/wp\/v2\/product_cat?post=3610"},{"taxonomy":"product_tag","embeddable":true,"href":"https:\/\/ksiegarnia-akademicka.pl\/index.php\/wp-json\/wp\/v2\/product_tag?post=3610"}],"curies":[{"name":"wp","href":"https:\/\/api.w.org\/{rel}","templated":true}]}}