{"id":360,"date":"2018-05-22T12:41:18","date_gmt":"2018-05-22T10:41:18","guid":{"rendered":"http:\/\/ksiegarnia-akademicka.pl\/index.php\/product\/partycypacja-wyborcza-w-polsce\/"},"modified":"2021-03-16T12:12:18","modified_gmt":"2021-03-16T11:12:18","slug":"partycypacja-wyborcza-w-polsce","status":"publish","type":"product","link":"https:\/\/ksiegarnia-akademicka.pl\/index.php\/product\/partycypacja-wyborcza-w-polsce\/","title":{"rendered":"Partycypacja wyborcza w Polsce"},"content":{"rendered":"<p>Autor:<br \/>\nMiko\u0142aj Cze\u015bnik<br \/>\nWydawca: Scholar<br \/>\nOprawa: Mi\u0119kka<br \/>\nFormat: 14.5&#215;20.8cm<br \/>\nLiczba stron: 240<br \/>\nWydanie: 1<br \/>\nRok wydania: 2015<\/p>\n<p>Polska demokracja znalaz\u0142a si\u0119 w kryzysie. Wadliwie dzia\u0142aj\u0105 g\u0142\u00f3wne instytucje pa\u0144stwa. Nie s\u0105 w stanie nale\u017cycie wype\u0142nia\u0107 swoich podstawowych funkcji, przez co spo\u0142eczne zaufanie do nich spada do niepokoj\u0105co niskiego poziomu. Jednym z element\u00f3w kryzysu jest nik\u0142e uczestnictwo obywateli w demokratycznych procedurach, owocuj\u0105ce powa\u017cnym deficytem legitymizacyjnym.<\/p>\n","protected":false},"excerpt":{"rendered":"<p>Autor: Miko\u0142aj Cze\u015bnik Wydawca: Scholar Oprawa: Mi\u0119kka Format: 14.5&#215;20.8cm Liczba [&hellip;]<\/p>\n","protected":false},"featured_media":8020,"template":"","meta":[],"product_brand":[],"product_cat":[7496,27,7507,18],"product_tag":[74,932,2500],"class_list":{"0":"post-360","1":"product","2":"type-product","3":"status-publish","4":"has-post-thumbnail","6":"product_cat-konstytucyjne","7":"product_cat-nauki-spoleczne","8":"product_cat-politologia","9":"product_cat-prawo","10":"product_tag-politologia","11":"product_tag-prawo-wyborcze","12":"product_tag-wybory","14":"first","15":"instock","16":"sale","17":"shipping-taxable","18":"purchasable","19":"product-type-simple"},"_links":{"self":[{"href":"https:\/\/ksiegarnia-akademicka.pl\/index.php\/wp-json\/wp\/v2\/product\/360","targetHints":{"allow":["GET"]}}],"collection":[{"href":"https:\/\/ksiegarnia-akademicka.pl\/index.php\/wp-json\/wp\/v2\/product"}],"about":[{"href":"https:\/\/ksiegarnia-akademicka.pl\/index.php\/wp-json\/wp\/v2\/types\/product"}],"wp:featuredmedia":[{"embeddable":true,"href":"https:\/\/ksiegarnia-akademicka.pl\/index.php\/wp-json\/wp\/v2\/media\/8020"}],"wp:attachment":[{"href":"https:\/\/ksiegarnia-akademicka.pl\/index.php\/wp-json\/wp\/v2\/media?parent=360"}],"wp:term":[{"taxonomy":"product_brand","embeddable":true,"href":"https:\/\/ksiegarnia-akademicka.pl\/index.php\/wp-json\/wp\/v2\/product_brand?post=360"},{"taxonomy":"product_cat","embeddable":true,"href":"https:\/\/ksiegarnia-akademicka.pl\/index.php\/wp-json\/wp\/v2\/product_cat?post=360"},{"taxonomy":"product_tag","embeddable":true,"href":"https:\/\/ksiegarnia-akademicka.pl\/index.php\/wp-json\/wp\/v2\/product_tag?post=360"}],"curies":[{"name":"wp","href":"https:\/\/api.w.org\/{rel}","templated":true}]}}