{"id":3574,"date":"2018-05-22T12:48:24","date_gmt":"2018-05-22T10:48:24","guid":{"rendered":"http:\/\/ksiegarnia-akademicka.pl\/index.php\/product\/miedzynarodowa-integracja-rynkow-finansowych\/"},"modified":"2018-12-18T08:52:55","modified_gmt":"2018-12-18T07:52:55","slug":"miedzynarodowa-integracja-rynkow-finansowych","status":"publish","type":"product","link":"https:\/\/ksiegarnia-akademicka.pl\/index.php\/product\/miedzynarodowa-integracja-rynkow-finansowych\/","title":{"rendered":"Mi\u0119dzynarodowa integracja rynk\u00f3w finansowych"},"content":{"rendered":"<p>Autor:<br \/>\nS\u0142awomir I. Bukowski<br \/>\nWydawca: Difin<br \/>\nOprawa: Mi\u0119kka<br \/>\nFormat: 16.0&#215;23.0cm<br \/>\nLiczba stron: 182<br \/>\nRok wydania: 2011<\/p>\n<p>W ostatnich 20 latach nast\u0105pi\u0142y w gospodarce \u015bwiatowej daleko id\u0105ce zmiany zwi\u0105zane z rozwojem gospodarki opartej na wiedzy, liberalizacj\u0105 handlu i przep\u0142ywu czynnik\u00f3w produkcji, umi\u0119dzynarodowieniem gospodarek oraz rozwojem integracji regionalnej, w tym w ramach Unii Europejskiej. Naturalnym nast\u0119pstwem tych zjawisk jest globalizacja rynk\u00f3w finansowych, oznaczaj\u0105ca wzrost ich integracji w skali \u015bwiata, oraz szybki post\u0119p w integracji rynk\u00f3w finansowych kraj\u00f3w Unii Europejskiej, przede wszystkim w obszarze euro. <\/p>\n<p>W publikacji przedstawiono podstawowe zagadnienia teoretyczne i praktyczne dotycz\u0105ce proces\u00f3w integracji rynk\u00f3w finansowych w skali mi\u0119dzynarodowej. W szczeg\u00f3lno\u015bci om\u00f3wiono uwarunkowania, efekty, bariery i metody pomiaru stopnia integracji rynk\u00f3w finansowych, ze szczeg\u00f3lnym uwzgl\u0119dnieniem obszaru euro oraz integracji polskiego rynku z tym obszarem.<\/p>\n","protected":false},"excerpt":{"rendered":"<p>Autor: S\u0142awomir I. Bukowski Wydawca: Difin Oprawa: Mi\u0119kka Format: 16.0&#215;23.0cm [&hellip;]<\/p>\n","protected":false},"featured_media":9796,"template":"","meta":[],"product_brand":[],"product_cat":[17,7499,26],"product_tag":[337,5278,3272,5328,217],"class_list":{"0":"post-3574","1":"product","2":"type-product","3":"status-publish","4":"has-post-thumbnail","6":"product_cat-ekonomia","7":"product_cat-makro-i-mikroekonomia","8":"product_cat-miedzynarodowe-stosunki-gospodarcze","9":"product_tag-ekonomia","10":"product_tag-ekonomia-miedzynarodowa","11":"product_tag-rynki-finansowe","12":"product_tag-strefa-euro","13":"product_tag-unia-monetarna","15":"first","16":"instock","17":"sale","18":"shipping-taxable","19":"purchasable","20":"product-type-simple"},"_links":{"self":[{"href":"https:\/\/ksiegarnia-akademicka.pl\/index.php\/wp-json\/wp\/v2\/product\/3574","targetHints":{"allow":["GET"]}}],"collection":[{"href":"https:\/\/ksiegarnia-akademicka.pl\/index.php\/wp-json\/wp\/v2\/product"}],"about":[{"href":"https:\/\/ksiegarnia-akademicka.pl\/index.php\/wp-json\/wp\/v2\/types\/product"}],"wp:featuredmedia":[{"embeddable":true,"href":"https:\/\/ksiegarnia-akademicka.pl\/index.php\/wp-json\/wp\/v2\/media\/9796"}],"wp:attachment":[{"href":"https:\/\/ksiegarnia-akademicka.pl\/index.php\/wp-json\/wp\/v2\/media?parent=3574"}],"wp:term":[{"taxonomy":"product_brand","embeddable":true,"href":"https:\/\/ksiegarnia-akademicka.pl\/index.php\/wp-json\/wp\/v2\/product_brand?post=3574"},{"taxonomy":"product_cat","embeddable":true,"href":"https:\/\/ksiegarnia-akademicka.pl\/index.php\/wp-json\/wp\/v2\/product_cat?post=3574"},{"taxonomy":"product_tag","embeddable":true,"href":"https:\/\/ksiegarnia-akademicka.pl\/index.php\/wp-json\/wp\/v2\/product_tag?post=3574"}],"curies":[{"name":"wp","href":"https:\/\/api.w.org\/{rel}","templated":true}]}}