{"id":353,"date":"2018-05-22T12:41:17","date_gmt":"2018-05-22T10:41:17","guid":{"rendered":"http:\/\/ksiegarnia-akademicka.pl\/index.php\/product\/ustroj-organow-ochrony-prawnej\/"},"modified":"2021-10-26T10:18:27","modified_gmt":"2021-10-26T08:18:27","slug":"ustroj-organow-ochrony-prawnej","status":"publish","type":"product","link":"https:\/\/ksiegarnia-akademicka.pl\/index.php\/product\/ustroj-organow-ochrony-prawnej\/","title":{"rendered":"Ustr\u00f3j organ\u00f3w ochrony prawnej Cz\u0119\u015b\u0107 szczeg\u00f3\u0142owa"},"content":{"rendered":"<p>Nale\u017cy do serii:<br \/>\nSERIA AKADEMICKA<br \/>\nAutor:<br \/>\nJoanna Bodio<br \/>\nGrzegorz Borkowski<br \/>\nTomasz Demendecki<br \/>\nWydawca: Wolters Kluwer<br \/>\nOprawa: Mi\u0119kka<br \/>\nFormat: 17.0&#215;24.0cm<br \/>\nLiczba stron: 512<br \/>\nWydanie: 5<br \/>\nRok wydania: 2016<br \/>\nJ\u0119zyk wydania: polski<\/p>\n<p>W publikacji przedstawiono klasyfikacj\u0119 organ\u00f3w ochrony prawnej oraz om\u00f3wiono zasady organizacji, dzia\u0142ania i kompetencji poszczeg\u00f3lnych organ\u00f3w rozstrzygaj\u0105cych, pojednawczych, kontroli legalno\u015bci i pomocy prawnej. Zawarto ich zwi\u0119z\u0142\u0105 charakterystyk\u0119 z uwzgl\u0119dnieniem osobistego charakteru \u015bwiadczonych przez nie us\u0142ug, specjalistycznej wiedzy, niezale\u017cno\u015bci zawodowej i etosu zawodowego przejawiaj\u0105cego si\u0119 w zaufaniu publicznym.<\/p>\n<p>Autorzy przybli\u017cyli tak\u017ce kwestie niezawis\u0142o\u015bci s\u0119dzi\u00f3w, niezale\u017cno\u015bci s\u0105d\u00f3w, zasad dzia\u0142ania i organizacji prokuratury oraz funkcjonowania innych zawod\u00f3w prawniczych i pozaprawniczych, z uwzgl\u0119dnieniem najnowszych zmian w ustawodawstwie i orzecznictwie.<\/p>\n<p>Istotne zmiany legislacyjne, kt\u00f3re zasz\u0142y od czasu poprzedniego wydania, jak r\u00f3wnie\u017c bogate orzecznictwo &#8211; zw\u0142aszcza Trybuna\u0142u Konstytucyjnego &#8211; dotycz\u0105ce organ\u00f3w ochrony prawnej, a tak\u017ce pojawienie si\u0119 nowych organ\u00f3w zaliczanych do przedmiotowej kategorii spowodowa\u0142y konieczno\u015b\u0107 przygotowania pi\u0105tego wydania, uwzgl\u0119dniaj\u0105cego stan prawny na dzie\u0144 15 listopada 2015 r. W publikacji om\u00f3wiono ponadto zmiany, kt\u00f3re wejd\u0105 w \u017cycie 1 stycznia 2016 r.<\/p>\n","protected":false},"excerpt":{"rendered":"<p>Nale\u017cy do serii: SERIA AKADEMICKA Autor: Joanna Bodio Grzegorz Borkowski [&hellip;]<\/p>\n","protected":false},"featured_media":14796,"template":"","meta":[],"product_brand":[],"product_cat":[7496,18],"product_tag":[873,330],"class_list":{"0":"post-353","1":"product","2":"type-product","3":"status-publish","4":"has-post-thumbnail","6":"product_cat-konstytucyjne","7":"product_cat-prawo","8":"product_tag-prawo-konstytucyjne","9":"product_tag-seria-akademicka","11":"first","12":"instock","13":"sale","14":"shipping-taxable","15":"purchasable","16":"product-type-simple"},"_links":{"self":[{"href":"https:\/\/ksiegarnia-akademicka.pl\/index.php\/wp-json\/wp\/v2\/product\/353","targetHints":{"allow":["GET"]}}],"collection":[{"href":"https:\/\/ksiegarnia-akademicka.pl\/index.php\/wp-json\/wp\/v2\/product"}],"about":[{"href":"https:\/\/ksiegarnia-akademicka.pl\/index.php\/wp-json\/wp\/v2\/types\/product"}],"wp:featuredmedia":[{"embeddable":true,"href":"https:\/\/ksiegarnia-akademicka.pl\/index.php\/wp-json\/wp\/v2\/media\/14796"}],"wp:attachment":[{"href":"https:\/\/ksiegarnia-akademicka.pl\/index.php\/wp-json\/wp\/v2\/media?parent=353"}],"wp:term":[{"taxonomy":"product_brand","embeddable":true,"href":"https:\/\/ksiegarnia-akademicka.pl\/index.php\/wp-json\/wp\/v2\/product_brand?post=353"},{"taxonomy":"product_cat","embeddable":true,"href":"https:\/\/ksiegarnia-akademicka.pl\/index.php\/wp-json\/wp\/v2\/product_cat?post=353"},{"taxonomy":"product_tag","embeddable":true,"href":"https:\/\/ksiegarnia-akademicka.pl\/index.php\/wp-json\/wp\/v2\/product_tag?post=353"}],"curies":[{"name":"wp","href":"https:\/\/api.w.org\/{rel}","templated":true}]}}