{"id":350,"date":"2018-05-22T12:41:17","date_gmt":"2018-05-22T10:41:17","guid":{"rendered":"http:\/\/ksiegarnia-akademicka.pl\/index.php\/product\/prawo-konstytucyjne\/"},"modified":"2018-12-11T14:05:02","modified_gmt":"2018-12-11T13:05:02","slug":"prawo-konstytucyjne","status":"publish","type":"product","link":"https:\/\/ksiegarnia-akademicka.pl\/index.php\/product\/prawo-konstytucyjne\/","title":{"rendered":"Prawo konstytucyjne Kompendium"},"content":{"rendered":"<p>Autor:<br \/>\nMaciej Pisz<br \/>\nPawe\u0142 Ochmann<br \/>\nRedakcja: Piotrowski Ryszard<br \/>\nWydawca: C.H. Beck<br \/>\nOprawa: Mi\u0119kka<br \/>\nFormat: 16.0&#215;24.0cm<br \/>\nLiczba stron: 294<br \/>\nWydanie: 2<br \/>\nRok wydania: 2018<\/p>\n<p>Niniejsza publikacja uwzgl\u0119dnia stan prawny na dzie\u0144 12.8.2018 r. Ksi\u0105\u017cka stanowi drugie wydanie (zmienione i uaktualnione), po 4 latach od momentu ukazania si\u0119 pierwszego wydania publikacji na rynku wydawniczym. Obejmuje zmiany dotycz\u0105ce m.in. ustawy z 8.12.2017 r. o S\u0105dzie Najwy\u017cszym (Dz.U. z 2018 r. poz. 5).<\/p>\n<p>Skrypt jest rezultatem wsp\u00f3\u0142pracy dw\u00f3ch m\u0142odych autor\u00f3w wywodz\u0105cych si\u0119 z wiod\u0105cych polskich uczelni (Uniwersytet Warszawski i Uniwersytet Jagiello\u0144ski). Stanowi to istotn\u0105 zalet\u0119 ksi\u0105\u017cki.<\/p>\n<p>Omawiana problematyka zosta\u0142a przedstawiona w spos\u00f3b kompleksowy i porz\u0105dkuj\u0105cy, \u0142\u0105cz\u0105cy r\u00f3\u017cne koncepcje doktrynalne. Kluczowe zagadnienia prawa konstytucyjnego autorzy przedstawiaj\u0105 w spos\u00f3b zwi\u0119z\u0142y, tote\u017c opracowanie stanowi uzupe\u0142nienie wyk\u0142adu akademickiego prawa konstytucyjnego. Opiek\u0119 naukow\u0105 nad projektem sprawowa\u0142 doc. dr Ryszard Piotrowski.<\/p>\n","protected":false},"excerpt":{"rendered":"<p>Autor: Maciej Pisz Pawe\u0142 Ochmann Redakcja: Piotrowski Ryszard Wydawca: C.H. [&hellip;]<\/p>\n","protected":false},"featured_media":9411,"template":"","meta":[],"product_brand":[],"product_cat":[7496,18],"product_tag":[5470,873,691],"class_list":{"0":"post-350","1":"product","2":"type-product","3":"status-publish","4":"has-post-thumbnail","6":"product_cat-konstytucyjne","7":"product_cat-prawo","8":"product_tag-kompendium","9":"product_tag-prawo-konstytucyjne","10":"product_tag-seria-skrypty-becka","12":"first","13":"instock","14":"sale","15":"shipping-taxable","16":"purchasable","17":"product-type-simple"},"_links":{"self":[{"href":"https:\/\/ksiegarnia-akademicka.pl\/index.php\/wp-json\/wp\/v2\/product\/350","targetHints":{"allow":["GET"]}}],"collection":[{"href":"https:\/\/ksiegarnia-akademicka.pl\/index.php\/wp-json\/wp\/v2\/product"}],"about":[{"href":"https:\/\/ksiegarnia-akademicka.pl\/index.php\/wp-json\/wp\/v2\/types\/product"}],"wp:featuredmedia":[{"embeddable":true,"href":"https:\/\/ksiegarnia-akademicka.pl\/index.php\/wp-json\/wp\/v2\/media\/9411"}],"wp:attachment":[{"href":"https:\/\/ksiegarnia-akademicka.pl\/index.php\/wp-json\/wp\/v2\/media?parent=350"}],"wp:term":[{"taxonomy":"product_brand","embeddable":true,"href":"https:\/\/ksiegarnia-akademicka.pl\/index.php\/wp-json\/wp\/v2\/product_brand?post=350"},{"taxonomy":"product_cat","embeddable":true,"href":"https:\/\/ksiegarnia-akademicka.pl\/index.php\/wp-json\/wp\/v2\/product_cat?post=350"},{"taxonomy":"product_tag","embeddable":true,"href":"https:\/\/ksiegarnia-akademicka.pl\/index.php\/wp-json\/wp\/v2\/product_tag?post=350"}],"curies":[{"name":"wp","href":"https:\/\/api.w.org\/{rel}","templated":true}]}}