{"id":3432,"date":"2018-05-22T12:48:04","date_gmt":"2018-05-22T10:48:04","guid":{"rendered":"http:\/\/ksiegarnia-akademicka.pl\/index.php\/product\/szkody-osobowe-kompensowane-z-ubezpieczenia-komunikacyjnego-oc-analiza-rynku\/"},"modified":"2018-12-14T16:40:33","modified_gmt":"2018-12-14T15:40:33","slug":"szkody-osobowe-kompensowane-z-ubezpieczenia-komunikacyjnego-oc-analiza-rynku","status":"publish","type":"product","link":"https:\/\/ksiegarnia-akademicka.pl\/index.php\/product\/szkody-osobowe-kompensowane-z-ubezpieczenia-komunikacyjnego-oc-analiza-rynku\/","title":{"rendered":"Szkody osobowe kompensowane z ubezpieczenia komunikacyjnego OC. Analiza rynku"},"content":{"rendered":"<p>Nale\u017cy do serii:<br \/>\nWSP\u00d3\u0141CZESNE UBEZPIECZENIA<br \/>\nRedakcja: Kwiecie\u0144 Ilona<br \/>\nWydawca: Poltext<br \/>\nOprawa: Mi\u0119kka<br \/>\nFormat: 16.0&#215;23.5cm<br \/>\nLiczba stron: 296<br \/>\nRok wydania: 2011<\/p>\n<p>Publikacja prezentuje aktualne tendencje w obszarze szk\u00f3d na osobie, kompensowanych w ramach ubezpieczenia odpowiedzialno\u015bci cywilnej posiadaczy pojazd\u00f3w mechanicznych. Autorzy analizuj\u0105 istniej\u0105ce regulacje prawne i uwarunkowania systemowe oraz ekonomiczne aspekty problemu, dynamik\u0119 i struktur\u0119 szk\u00f3d, procesy likwidacji szkody, implikacje dla gospodarki finansowej zak\u0142ad\u00f3w ubezpiecze\u0144. Wiele uwagi po\u015bwi\u0119caj\u0105 szkodom wyrz\u0105dzonym przez nieznanych lub nieubezpieczonych kieruj\u0105cych, instytucji zado\u015b\u0107uczynienia oraz roli doradc\u00f3w odszkodowawczych. Przedstawiaj\u0105 tendencje w zakresie szk\u00f3d osobowych kompensowanych z ubezpieczenia komunikacyjnego OC na rynku europejskim. Ksi\u0105\u017cka stanowi przyczynek do dyskusji o kierunkach rozwoju i konsekwencjach r\u00f3\u017cnych rozwi\u0105za\u0144 z jednej strony dla rynku ubezpiecze\u0144 komunikacyjnych, a z drugiej dla funkcjonowania obowi\u0105zkowego ubezpieczenia OC jako \u017ar\u00f3d\u0142a kompensacji szk\u00f3d powsta\u0142ych w zwi\u0105zku ze zdarzeniami na drogach.<\/p>\n","protected":false},"excerpt":{"rendered":"<p>Nale\u017cy do serii: WSP\u00d3\u0141CZESNE UBEZPIECZENIA Redakcja: Kwiecie\u0144 Ilona Wydawca: Poltext [&hellip;]<\/p>\n","protected":false},"featured_media":9671,"template":"","meta":[],"product_brand":[],"product_cat":[21],"product_tag":[5561,249,3792],"class_list":{"0":"post-3432","1":"product","2":"type-product","3":"status-publish","4":"has-post-thumbnail","6":"product_cat-ubezpieczenia","7":"product_tag-szkody-osobowe","8":"product_tag-ubezpieczenia","9":"product_tag-ubezpieczenia-komunikacyjne","11":"first","12":"instock","13":"sale","14":"shipping-taxable","15":"purchasable","16":"product-type-simple"},"_links":{"self":[{"href":"https:\/\/ksiegarnia-akademicka.pl\/index.php\/wp-json\/wp\/v2\/product\/3432","targetHints":{"allow":["GET"]}}],"collection":[{"href":"https:\/\/ksiegarnia-akademicka.pl\/index.php\/wp-json\/wp\/v2\/product"}],"about":[{"href":"https:\/\/ksiegarnia-akademicka.pl\/index.php\/wp-json\/wp\/v2\/types\/product"}],"wp:featuredmedia":[{"embeddable":true,"href":"https:\/\/ksiegarnia-akademicka.pl\/index.php\/wp-json\/wp\/v2\/media\/9671"}],"wp:attachment":[{"href":"https:\/\/ksiegarnia-akademicka.pl\/index.php\/wp-json\/wp\/v2\/media?parent=3432"}],"wp:term":[{"taxonomy":"product_brand","embeddable":true,"href":"https:\/\/ksiegarnia-akademicka.pl\/index.php\/wp-json\/wp\/v2\/product_brand?post=3432"},{"taxonomy":"product_cat","embeddable":true,"href":"https:\/\/ksiegarnia-akademicka.pl\/index.php\/wp-json\/wp\/v2\/product_cat?post=3432"},{"taxonomy":"product_tag","embeddable":true,"href":"https:\/\/ksiegarnia-akademicka.pl\/index.php\/wp-json\/wp\/v2\/product_tag?post=3432"}],"curies":[{"name":"wp","href":"https:\/\/api.w.org\/{rel}","templated":true}]}}