{"id":3406,"date":"2018-05-22T12:48:00","date_gmt":"2018-05-22T10:48:00","guid":{"rendered":"http:\/\/ksiegarnia-akademicka.pl\/index.php\/product\/prawo-ochrony-srodowiska-komentarz-2\/"},"modified":"2024-12-04T13:23:32","modified_gmt":"2024-12-04T12:23:32","slug":"prawo-ochrony-srodowiska-komentarz-2","status":"publish","type":"product","link":"https:\/\/ksiegarnia-akademicka.pl\/index.php\/product\/prawo-ochrony-srodowiska-komentarz-2\/","title":{"rendered":"Prawo ochrony \u015brodowiska. Komentarz"},"content":{"rendered":"<p>Autor: mec. Magdalena Bar, prof. dr hab. Marek G\u00f3rski, dr Jerzy Jendro\u015bka, dr Jan Jerzma\u0144ski, dr Marcin Pcha\u0142ek, prof. dr hab. Wojciech Radecki, dr Sergiusz Urban<br \/>\nWydawnictwo: C.H. Beck<br \/>\nSeria: Du\u017ce Komentarze Becka<br \/>\nRok wydania: 2018<br \/>\nWydanie: 3<br \/>\nISBN: 978-83-8128-948-1<br \/>\nLiczba stron: 1088<br \/>\nOprawa: Twarda <\/p>\n<p>Komentarz do ustawy z 27.4.2001 r. \u2013 Prawo ochrony \u015brodowiska stanowi szczeg\u00f3\u0142owe zagadnienia przedmiotowej dziedziny, zawiera r\u00f3wnie\u017c szereg przyk\u0142ad\u00f3w kompleksowo wyja\u015bniaj\u0105cych poszczeg\u00f3lne rozwi\u0105zania i mechanizmy, dzi\u0119ki czemu ma on walor praktyczny.<\/p>\n<p>W spos\u00f3b wyczerpuj\u0105cy i zarazem praktyczny niniejsza ksi\u0105\u017cka pozwala zapozna\u0107 si\u0119 z kwestiami dotycz\u0105cymi m.in.:<\/p>\n<p>ochrony jako\u015bci i ogranicze\u0144 w korzystaniu ze \u015brodowiska,<br \/>\npozwole\u0144 na wprowadzanie do \u015brodowiska substancji lub energii,<br \/>\npowa\u017cnych awarii,<br \/>\nop\u0142at za korzystanie ze \u015brodowiska,<br \/>\nadministracyjnych kar pieni\u0119\u017cnych,<br \/>\nodpowiedzialno\u015bci w ochronie \u015brodowiska,<br \/>\norgan\u00f3w administracji i instytucji ochrony \u015brodowiska: ich zada\u0144 i w\u0142a\u015bciwo\u015bci w poszczeg\u00f3lnych sprawach, a tak\u017ce procedur kontrolnych.<br \/>\nNiniejsze, 3. wydanie, bazuj\u0105ce na tek\u015bcie jednolitym z 13.4.2018 r. (Dz.U. 2018 r. poz. 799 ze zm.) uwzgl\u0119dnia najnowsze zmiany ustawodawcze, zawarte m.in. w:<\/p>\n<p>ustawie z 14.12.2017 r. o zmianie ustawy o Inspekcji Ochrony \u015arodowiska oraz ustawy \u2013 Prawo ochrony \u015brodowiska (Dz.U. z 2018 r. poz. 88), reguluj\u0105ca kwestie systemowego oraz naukowego wsparcia dzia\u0142a\u0144 Inspekcji Ochrony \u015arodowiska, prowadzonych na rzecz wykonywania ocen jako\u015bci powietrza oraz systemu monitoringu zanieczyszcze\u0144 powietrza wynikami modelowania matematycznego;<br \/>\nustawie z 30.3.2018 r. \u2013 Przepisy wprowadzaj\u0105ce ustaw\u0119 \u2013 Prawo przedsi\u0119biorc\u00f3w oraz inne ustawy dotycz\u0105ce dzia\u0142alno\u015bci gospodarczej (Dz.U. z 2018 r. poz. 650); kt\u00f3ra precyzje poj\u0119cie przedsi\u0119biorcy, w odniesieniu do prawa ochrony \u015brodowiska;<br \/>\nustawie z 12.10.2017 r. o zmianie ustawy o gospodarce opakowaniami i odpadami opakowaniowymi oraz niekt\u00f3rych innych ustaw (Dz. z 2017 r. poz. 2056), kt\u00f3rej celem jest implementacja dyrektywy europejskiej. Wprowadzi\u0142a ona odp\u0142atno\u015b\u0107 za wydanie lekkiej torby na zakupy z tworzywa sztucznego w postaci op\u0142aty recyklingowej jak i okre\u015bli\u0142a jej poj\u0119cie;<br \/>\nustawie z 15.9.2017 r. o zmianie ustawy \u2013 Prawo ochrony \u015brodowiska (Dz.U. z 2017 r. poz. 1999), kt\u00f3ra wprowadza mo\u017cliwo\u015b\u0107 powo\u0142ywania cz\u0142onk\u00f3w zarz\u0105d\u00f3w wojew\u00f3dzkich funduszy ochrony \u015brodowiska i gospodarki wodnej przez wojewod\u00f3w, je\u017celi w ustawowym terminie nie uczyni\u0105 tego zarz\u0105dy wojew\u00f3dztw albo rady nadzorcze wojew\u00f3dzkich funduszy ochrony \u015brodowiska i gospodarki wodnej;<br \/>\nustawie z 20.7.2018 r. o zmianie ustawy \u2013 Prawo ochrony \u015brodowiska oraz ustawy o odpadach (Dz.U. z 2018 r. poz. 1564), kt\u00f3ry dotyczy bardziej restrykcyjnych warunk\u00f3w pozwolenia zintegrowanego, w tym wymog\u00f3w dotycz\u0105cych monitorowania wielko\u015bci emisji ni\u017c wynikaj\u0105 z konkluzji BAT oraz doprecyzowania procedury uznania przedmiotu lub substancji za produkt uboczny;<br \/>\nustawie o zmianie ustawy o Inspekcji Ochrony \u015arodowiska oraz niekt\u00f3rych innych ustaw (Dz.U. z 2018 r. poz. 1479), kt\u00f3rej celem jest zagwarantowanie bezpiecze\u0144stwa ekologicznego obywateli poprzez skuteczne prowadzenie kontroli w zakresie korzystania ze \u015brodowiska;<br \/>\nustawie o zmianie ustawy \u2013 Prawo ochrony \u015brodowiska, kt\u00f3ra m.in. przewiduje utworzenie nowego podmiotu dzia\u0142aj\u0105cego w formie sp\u00f3\u0142ki akcyjnej i pe\u0142ni\u0105cego rol\u0119 inwestora rozwijaj\u0105cego drewniane budownictwo mieszkaniowe \u2013 Polskie Domy Drewniane Sp\u00f3\u0142ka<br \/>\nustawie o zmianie ustawy \u2013 Prawo wodne oraz niekt\u00f3rych innych ustaw, kt\u00f3rej celem jestrozstrzygni\u0119cie w\u0105tpliwo\u015bci interpretacyjnych, kt\u00f3re powsta\u0142y w procesie stosowania Prawa wodnego, w szczeg\u00f3lno\u015bci w odniesieniu do udzielania zg\u00f3d i przyrzecze\u0144 wodnoprawnych oraz pozwole\u0144 zintegrowanych, gospodarowania nieruchomo\u015bciami Skarby Pa\u0144stwa, a tak\u017ce stosowania nowego systemu op\u0142at za us\u0142ugi wodne.<br \/>\nPonadto zawiera planowane zmiany legislacyjne, zawarte w:<\/p>\n<p>komisyjnym projekcie ustawy o zmianie ustawy o ochronie przyrody (Druk sejmowy Nr 2354), kt\u00f3ry reguluje sytuacj\u0119 gdy w przypadku nieruchomo\u015bci wpisanej do rejestru zabytk\u00f3w, W\u00f3jt, burmistrz albo prezydent miasta, a tak\u017ce wojew\u00f3dzki konserwator zabytk\u00f3w mog\u0105 podj\u0105\u0107 decyzj\u0119 o usuni\u0119ciu drzewa, je\u017celi stwierdz\u0105, \u017ce drzewo, ze wzgl\u0119du na sw\u00f3j stan, stanowi zagro\u017cenie dla \u017cycia lub zdrowia ludzi lub dla obiekt\u00f3w budowlanych znajduj\u0105cych si\u0119 na terenie s\u0105siedniej nieruchomo\u015bci;<br \/>\nposelski projekt ustawy o zmianie ustawy \u2013 Prawo ochrony \u015brodowiska (Druk sejmowy Nr 2702), kt\u00f3ry okre\u015bla poziom alarmowy dla py\u0142u zawieszonego PM10 dla okresu u\u015bredniania wynik\u00f3w pomiar\u00f3w o d\u0142ugo\u015bci 24 godzin.<br \/>\nOpr\u00f3cz zaprezentowania zmian legislacyjnych Komentarza przywo\u0142uje r\u00f3wnie\u017c aktualne pi\u015bmiennictwo z komentowanej dziedziny i dziedzin pokrewnych oraz przedstawia \u2013 poza wcze\u015bniej zamieszczonym i wci\u0105\u017c aktualnym \u2013 najnowsze orzecznictwo przedmiotowe.<\/p>\n<p>Dla wygody Czytelnik\u00f3w, u\u0142atwiaj\u0105c szybk\u0105 orientacj\u0119 w tek\u015bcie, niniejszy Komentarz wyr\u00f3\u017cnia si\u0119 szczeg\u00f3\u0142ow\u0105 struktur\u0105 wewn\u0119trzn\u0105, z precyzyjnym, przejrzystym i jednolitym podzia\u0142em zagadnie\u0144. Niniejsza pozycja to nieodzowna pomoc dla praktyk\u00f3w, w szczeg\u00f3lno\u015bci s\u0119dzi\u00f3w, referendarzy s\u0105dowych, radc\u00f3w prawnych, adwokat\u00f3w, stanowi ona r\u00f3wnie\u017c nieocenion\u0105 baz\u0119 wiedzy dla doktorant\u00f3w, aplikant\u00f3w zawod\u00f3w prawniczych i student\u00f3w.<\/p>\n","protected":false},"excerpt":{"rendered":"<p>Autor: mec. Magdalena Bar, prof. dr hab. Marek G\u00f3rski, dr [&hellip;]<\/p>\n","protected":false},"featured_media":9993,"template":"","meta":[],"product_brand":[],"product_cat":[7492,18,39],"product_tag":[2654,781],"class_list":{"0":"post-3406","1":"product","2":"type-product","3":"status-publish","4":"has-post-thumbnail","6":"product_cat-administracyjne","7":"product_cat-prawo","8":"product_cat-srodowisko-prawo-i-zarzadzanie","9":"product_tag-prawo-ochrony-srodowiska","10":"product_tag-seria-duze-komentarze-becka","12":"first","13":"instock","14":"sale","15":"shipping-taxable","16":"purchasable","17":"product-type-simple"},"_links":{"self":[{"href":"https:\/\/ksiegarnia-akademicka.pl\/index.php\/wp-json\/wp\/v2\/product\/3406","targetHints":{"allow":["GET"]}}],"collection":[{"href":"https:\/\/ksiegarnia-akademicka.pl\/index.php\/wp-json\/wp\/v2\/product"}],"about":[{"href":"https:\/\/ksiegarnia-akademicka.pl\/index.php\/wp-json\/wp\/v2\/types\/product"}],"wp:featuredmedia":[{"embeddable":true,"href":"https:\/\/ksiegarnia-akademicka.pl\/index.php\/wp-json\/wp\/v2\/media\/9993"}],"wp:attachment":[{"href":"https:\/\/ksiegarnia-akademicka.pl\/index.php\/wp-json\/wp\/v2\/media?parent=3406"}],"wp:term":[{"taxonomy":"product_brand","embeddable":true,"href":"https:\/\/ksiegarnia-akademicka.pl\/index.php\/wp-json\/wp\/v2\/product_brand?post=3406"},{"taxonomy":"product_cat","embeddable":true,"href":"https:\/\/ksiegarnia-akademicka.pl\/index.php\/wp-json\/wp\/v2\/product_cat?post=3406"},{"taxonomy":"product_tag","embeddable":true,"href":"https:\/\/ksiegarnia-akademicka.pl\/index.php\/wp-json\/wp\/v2\/product_tag?post=3406"}],"curies":[{"name":"wp","href":"https:\/\/api.w.org\/{rel}","templated":true}]}}