{"id":335,"date":"2018-05-22T12:41:15","date_gmt":"2018-05-22T10:41:15","guid":{"rendered":"http:\/\/ksiegarnia-akademicka.pl\/index.php\/product\/proces-karny-zarys-systemu\/"},"modified":"2023-03-08T12:49:52","modified_gmt":"2023-03-08T11:49:52","slug":"proces-karny-zarys-systemu","status":"publish","type":"product","link":"https:\/\/ksiegarnia-akademicka.pl\/index.php\/product\/proces-karny-zarys-systemu\/","title":{"rendered":"Proces karny Zarys systemu"},"content":{"rendered":"<p>Autor:<br \/>\nStanis\u0142aw Walto\u015b<br \/>\nPiotr Hofma\u0144ski<br \/>\nWydawca: Wolters Kluwer<br \/>\nOprawa: Mi\u0119kka<br \/>\nFormat: 24.0&#215;23.8<br \/>\nLiczba stron: 728<br \/>\nWydanie: 15<br \/>\nRok wydania: 2022<\/p>\n<p>Oddajemy do r\u0105k Czytelnik\u00f3w kolejne \u2013 ju\u017c pi\u0119tnaste \u2013 wydanie znanego i lubianego przez student\u00f3w podr\u0119cznika akademickiego stanowi\u0105cego wyk\u0142ad post\u0119powania karnego. Om\u00f3wienie t\u0142a historycznego i prawnopor\u00f3wnawczego, analiza warstwy empirycznej, odes\u0142ania do praktyki, najnowsze dost\u0119pne dane statystyczne, a tak\u017ce bogate zestawienia literatury oraz indeks rzeczowy umo\u017cliwiaj\u0105 pog\u0142\u0119bienie przedstawianych temat\u00f3w.<br \/>\nOzdob\u0105 ksi\u0105\u017cki s\u0105 rysunki Szymona Kobyli\u0144skiego, kt\u00f3re mimo up\u0142ywu czasu nie trac\u0105 swojego satyrycznego wyd\u017awi\u0119ku.<br \/>\nAutorzy uwzgl\u0119dnili wszystkie ostatnie zmiany polskiej procedury karnej \u2013 \u0142\u0105cznie z krytycznie ocenianymi nowelizacjami Kodeksu post\u0119powania karnego z 19 VII 2019 r. i z 31 III 2020 r.<\/p>\n","protected":false},"excerpt":{"rendered":"<p>Autor: Stanis\u0142aw Walto\u015b Piotr Hofma\u0144ski Wydawca: Wolters Kluwer Oprawa: Mi\u0119kka [&hellip;]<\/p>\n","protected":false},"featured_media":12745,"template":"","meta":[],"product_brand":[],"product_cat":[7490,18],"product_tag":[577,296,314],"class_list":{"0":"post-335","1":"product","2":"type-product","3":"status-publish","4":"has-post-thumbnail","6":"product_cat-karne","7":"product_cat-prawo","8":"product_tag-podreczniki","9":"product_tag-prawo-karne","10":"product_tag-proces-karny","12":"first","13":"instock","14":"sale","15":"shipping-taxable","16":"purchasable","17":"product-type-simple"},"_links":{"self":[{"href":"https:\/\/ksiegarnia-akademicka.pl\/index.php\/wp-json\/wp\/v2\/product\/335","targetHints":{"allow":["GET"]}}],"collection":[{"href":"https:\/\/ksiegarnia-akademicka.pl\/index.php\/wp-json\/wp\/v2\/product"}],"about":[{"href":"https:\/\/ksiegarnia-akademicka.pl\/index.php\/wp-json\/wp\/v2\/types\/product"}],"wp:featuredmedia":[{"embeddable":true,"href":"https:\/\/ksiegarnia-akademicka.pl\/index.php\/wp-json\/wp\/v2\/media\/12745"}],"wp:attachment":[{"href":"https:\/\/ksiegarnia-akademicka.pl\/index.php\/wp-json\/wp\/v2\/media?parent=335"}],"wp:term":[{"taxonomy":"product_brand","embeddable":true,"href":"https:\/\/ksiegarnia-akademicka.pl\/index.php\/wp-json\/wp\/v2\/product_brand?post=335"},{"taxonomy":"product_cat","embeddable":true,"href":"https:\/\/ksiegarnia-akademicka.pl\/index.php\/wp-json\/wp\/v2\/product_cat?post=335"},{"taxonomy":"product_tag","embeddable":true,"href":"https:\/\/ksiegarnia-akademicka.pl\/index.php\/wp-json\/wp\/v2\/product_tag?post=335"}],"curies":[{"name":"wp","href":"https:\/\/api.w.org\/{rel}","templated":true}]}}