{"id":331,"date":"2018-05-22T12:41:14","date_gmt":"2018-05-22T10:41:14","guid":{"rendered":"http:\/\/ksiegarnia-akademicka.pl\/index.php\/product\/prawo-pracy-i-ubezpieczen-spolecznych\/"},"modified":"2021-03-16T12:17:02","modified_gmt":"2021-03-16T11:17:02","slug":"prawo-pracy-i-ubezpieczen-spolecznych","status":"publish","type":"product","link":"https:\/\/ksiegarnia-akademicka.pl\/index.php\/product\/prawo-pracy-i-ubezpieczen-spolecznych\/","title":{"rendered":"Prawo pracy i ubezpiecze\u0144 spo\u0142ecznych"},"content":{"rendered":"<p>Autor:<br \/>\nZbigniew Salwa<br \/>\nWydawca: LexisNexis<br \/>\nOprawa: Mi\u0119kka<br \/>\nFormat: 17.0&#215;23.5cm<br \/>\nLiczba stron: 376<br \/>\nWydanie: 11<br \/>\nRok wydania: 2007<\/p>\n<p>Prezentujemy Pa\u0144stwu aktualizowane wydanie znanego i cenionego przez czytelnik\u00f3w podr\u0119cznika. Sk\u0142ada si\u0119 on z czterech cz\u0119\u015bci:<br \/>\n&#8211; w pierwszej ukazane zosta\u0142y og\u00f3lnoteoretyczne problemy prawa pracy, m.in. kierunki rozwoju prawa pracy, jego w\u0142a\u015bciwo\u015bci i funkcje, zasady i \u017ar\u00f3d\u0142a;<br \/>\n&#8211; w drugiej Autor przedstawi\u0142 konstrukcje prawne oraz tre\u015b\u0107 poszczeg\u00f3lnych instytucji prawa pracy;<br \/>\n&#8211; w trzeciej, po\u015bwi\u0119conej zbiorowemu prawu pracy, om\u00f3wi\u0142 uprawnienia zwi\u0105zk\u00f3w zawodowych, organizacji pracodawc\u00f3w, samorz\u0105du pracowniczego, rozwi\u0105zywanie spor\u00f3w zbiorowych i prawo do strajku;<br \/>\n&#8211; czwarta przedstawia system ubezpiecze\u0144 spo\u0142ecznych oraz poszczeg\u00f3lne \u015bwiadczenia przys\u0142uguj\u0105ce ubezpieczonym. <\/p>\n<p>Ca\u0142o\u015bci dope\u0142nia szczeg\u00f3\u0142owa literatura przedmiotu. Podr\u0119cznik cechuje jasna konstrukcja wyk\u0142adu oraz przyst\u0119pno\u015b\u0107 w przedstawianiu problem\u00f3w i instytucji prawnych.<\/p>\n","protected":false},"excerpt":{"rendered":"<p>Autor: Zbigniew Salwa Wydawca: LexisNexis Oprawa: Mi\u0119kka Format: 17.0&#215;23.5cm Liczba [&hellip;]<\/p>\n","protected":false},"featured_media":8061,"template":"","meta":[],"product_brand":[],"product_cat":[18,7550],"product_tag":[799,793,643,802],"class_list":{"0":"post-331","1":"product","2":"type-product","3":"status-publish","4":"has-post-thumbnail","6":"product_cat-prawo","7":"product_cat-prawo-pracy","8":"product_tag-czas-pracy","9":"product_tag-prawo-pracy","10":"product_tag-ubezpieczenia-spoleczne","11":"product_tag-zwiazki-zawodowe","13":"first","14":"instock","15":"sale","16":"shipping-taxable","17":"purchasable","18":"product-type-simple"},"_links":{"self":[{"href":"https:\/\/ksiegarnia-akademicka.pl\/index.php\/wp-json\/wp\/v2\/product\/331","targetHints":{"allow":["GET"]}}],"collection":[{"href":"https:\/\/ksiegarnia-akademicka.pl\/index.php\/wp-json\/wp\/v2\/product"}],"about":[{"href":"https:\/\/ksiegarnia-akademicka.pl\/index.php\/wp-json\/wp\/v2\/types\/product"}],"wp:featuredmedia":[{"embeddable":true,"href":"https:\/\/ksiegarnia-akademicka.pl\/index.php\/wp-json\/wp\/v2\/media\/8061"}],"wp:attachment":[{"href":"https:\/\/ksiegarnia-akademicka.pl\/index.php\/wp-json\/wp\/v2\/media?parent=331"}],"wp:term":[{"taxonomy":"product_brand","embeddable":true,"href":"https:\/\/ksiegarnia-akademicka.pl\/index.php\/wp-json\/wp\/v2\/product_brand?post=331"},{"taxonomy":"product_cat","embeddable":true,"href":"https:\/\/ksiegarnia-akademicka.pl\/index.php\/wp-json\/wp\/v2\/product_cat?post=331"},{"taxonomy":"product_tag","embeddable":true,"href":"https:\/\/ksiegarnia-akademicka.pl\/index.php\/wp-json\/wp\/v2\/product_tag?post=331"}],"curies":[{"name":"wp","href":"https:\/\/api.w.org\/{rel}","templated":true}]}}