{"id":33,"date":"2018-05-20T23:21:57","date_gmt":"2018-05-20T21:21:57","guid":{"rendered":"http:\/\/ksiegarnia-akademicka.pl\/?post_type=product&#038;p=33"},"modified":"2019-07-10T10:59:12","modified_gmt":"2019-07-10T08:59:12","slug":"adam-mickiewicz-zycie-romantyka","status":"publish","type":"product","link":"https:\/\/ksiegarnia-akademicka.pl\/index.php\/product\/adam-mickiewicz-zycie-romantyka\/","title":{"rendered":"Adam Mickiewicz \u017bycie romantyka"},"content":{"rendered":"<p>Pierwsza od wielu lat biografia Mickiewicza napisana przez ameryka\u0144skiego autora.<br \/>\nAmeryka\u0144ski historyk literatury zmierzy\u0142 si\u0119 nie tylko z dzie\u0142em i \u017cyciem poety, ale r\u00f3wnie\u017c z po\u015bwi\u0119con\u0105 mu rozleg\u0142\u0105 literatur\u0105. W Polsce obiektywizm Koropeckiego jest czym\u015b po\u017c\u0105danym. Tym bardziej, \u017ce \u0142\u0105czy w biografii zajmuj\u0105c\u0105, niemal\u017ce powie\u015bciow\u0105 narracj\u0119 z b\u0142yskotliwymi refleksjami historyka literatury.<\/p>\n<p>Roman Koropeckyj \u2013 historyk literatury, profesor slawistyki na Uniwersytecie Kalifornijskim w Los Angeles. Uko\u0144czy\u0142 Uniwersytet Columbii w Nowym Jorku w 1976 oraz Uniwersytet Harvarda. Jest autorem wielu rozpraw naukowych o literaturze polskiej, ukrai\u0144skiej i rosyjskiej.<\/p>\n<ul>\n<li><strong>Tytu\u0142:<\/strong>\u00a0Adam Mickiewicz \u017bycie romantyka<\/li>\n<li><strong>Autor:<\/strong>\u00a0Koropeckyj Roman<\/li>\n<li><strong>Wydawnictwo:<\/strong>\u00a0W.A.B.<\/li>\n<li><strong>Rok:<\/strong>\u00a02013<\/li>\n<li><strong>S\u0142owa kluczowe:<\/strong>\u00a0literatura polska, pisarzei poeci, Adam Mickiewicz, biografie<\/li>\n<\/ul>\n","protected":false},"excerpt":{"rendered":"<p>Pierwsza od wielu lat biografia Mickiewicza napisana przez ameryka\u0144skiego autora. [&hellip;]<\/p>\n","protected":false},"featured_media":35,"template":"","meta":[],"product_brand":[],"product_cat":[38],"product_tag":[71,69,70],"class_list":{"0":"post-33","1":"product","2":"type-product","3":"status-publish","4":"has-post-thumbnail","6":"product_cat-historia","7":"product_tag-historia","8":"product_tag-koropeckyj-roman","9":"product_tag-w-a-b","11":"first","12":"outofstock","13":"shipping-taxable","14":"purchasable","15":"product-type-simple"},"_links":{"self":[{"href":"https:\/\/ksiegarnia-akademicka.pl\/index.php\/wp-json\/wp\/v2\/product\/33","targetHints":{"allow":["GET"]}}],"collection":[{"href":"https:\/\/ksiegarnia-akademicka.pl\/index.php\/wp-json\/wp\/v2\/product"}],"about":[{"href":"https:\/\/ksiegarnia-akademicka.pl\/index.php\/wp-json\/wp\/v2\/types\/product"}],"wp:featuredmedia":[{"embeddable":true,"href":"https:\/\/ksiegarnia-akademicka.pl\/index.php\/wp-json\/wp\/v2\/media\/35"}],"wp:attachment":[{"href":"https:\/\/ksiegarnia-akademicka.pl\/index.php\/wp-json\/wp\/v2\/media?parent=33"}],"wp:term":[{"taxonomy":"product_brand","embeddable":true,"href":"https:\/\/ksiegarnia-akademicka.pl\/index.php\/wp-json\/wp\/v2\/product_brand?post=33"},{"taxonomy":"product_cat","embeddable":true,"href":"https:\/\/ksiegarnia-akademicka.pl\/index.php\/wp-json\/wp\/v2\/product_cat?post=33"},{"taxonomy":"product_tag","embeddable":true,"href":"https:\/\/ksiegarnia-akademicka.pl\/index.php\/wp-json\/wp\/v2\/product_tag?post=33"}],"curies":[{"name":"wp","href":"https:\/\/api.w.org\/{rel}","templated":true}]}}