{"id":3280,"date":"2018-05-22T12:47:42","date_gmt":"2018-05-22T10:47:42","guid":{"rendered":"http:\/\/ksiegarnia-akademicka.pl\/index.php\/product\/postepowanie-cywilne-2\/"},"modified":"2023-01-16T10:32:35","modified_gmt":"2023-01-16T09:32:35","slug":"postepowanie-cywilne-2","status":"publish","type":"product","link":"https:\/\/ksiegarnia-akademicka.pl\/index.php\/product\/postepowanie-cywilne-2\/","title":{"rendered":"Post\u0119powanie cywilne"},"content":{"rendered":"<p>Seria: Podr\u0119czniki Prawnicze<br \/>\nAutor: prof. UWM, dr hab. Maciej Rzewuski<br \/>\nWydawca: C.H. Beck<br \/>\nRok wydania: 2022<br \/>\nWydanie: 3<br \/>\nOprawa: Mi\u0119kka<br \/>\nLiczba stron: 661<br \/>\nWaga: 820 g <\/p>\n<p>W podr\u0119czniku w przejrzysty spos\u00f3b opisano ca\u0142o\u015b\u0107 problematyki z zakresu procedury cywilnej, z odwo\u0142aniem si\u0119 do ugruntowanych, ale te\u017c najnowszych pogl\u0105d\u00f3w przedstawicieli doktryny i judykatury.<\/p>\n<p>W trzecim wydaniu podr\u0119cznika uwzgl\u0119dniono zmiany Kodeksu post\u0119powania cywilnego zwi\u0105zane przede wszystkim z: dor\u0119czeniami w sprawach cywilnych, pomoc\u0105 prawn\u0105 z urz\u0119du, post\u0119powaniem upominawczym i nakazowym oraz szeroko rozumian\u0105 egzekucj\u0105 s\u0105dow\u0105. Analizie poddano kolejne istotne modyfikacje przepis\u00f3w proceduralnych oraz wybranych regulacji oko\u0142okodeksowych, b\u0119d\u0105ce pr\u00f3b\u0105 odpowiedzi ustawodawcy na pytania, jakie przed polskim wymiarem sprawiedliwo\u015bci postawi\u0142a pandemia COVID-19.<\/p>\n<p>Opracowanie stanowi kanon wiedzy niezb\u0119dnej ka\u017cdemu studentowi prawa. Ponadto mo\u017ce by\u0107 wykorzystane jako materia\u0142 dydaktyczny dla aplikant\u00f3w wszystkich zawod\u00f3w prawniczych i u\u017cyteczne kompendium wiedzy dla os\u00f3b zajmuj\u0105cych si\u0119 stosowaniem prawa cywilnego na co dzie\u0144.<\/p>\n<p>Publikacja zosta\u0142a przygotowana przez profesor\u00f3w i doktor\u00f3w prawa reprezentuj\u0105cych r\u00f3\u017cne o\u015brodki akademickie w Polsce, wykonuj\u0105cych zawody: s\u0119dziego, adwokata, radcy prawnego i mediatora.<\/p>\n","protected":false},"excerpt":{"rendered":"<p>Seria: Podr\u0119czniki Prawnicze Autor: prof. UWM, dr hab. Maciej Rzewuski [&hellip;]<\/p>\n","protected":false},"featured_media":16042,"template":"","meta":[],"product_brand":[],"product_cat":[7491,18],"product_tag":[692,615,701],"class_list":{"0":"post-3280","1":"product","2":"type-product","3":"status-publish","4":"has-post-thumbnail","6":"product_cat-cywilne","7":"product_cat-prawo","8":"product_tag-postepowanie-cywilne","9":"product_tag-prawo-cywilne","10":"product_tag-seria-podreczniki-prawnicze","12":"first","13":"instock","14":"sale","15":"shipping-taxable","16":"purchasable","17":"product-type-simple"},"_links":{"self":[{"href":"https:\/\/ksiegarnia-akademicka.pl\/index.php\/wp-json\/wp\/v2\/product\/3280","targetHints":{"allow":["GET"]}}],"collection":[{"href":"https:\/\/ksiegarnia-akademicka.pl\/index.php\/wp-json\/wp\/v2\/product"}],"about":[{"href":"https:\/\/ksiegarnia-akademicka.pl\/index.php\/wp-json\/wp\/v2\/types\/product"}],"wp:featuredmedia":[{"embeddable":true,"href":"https:\/\/ksiegarnia-akademicka.pl\/index.php\/wp-json\/wp\/v2\/media\/16042"}],"wp:attachment":[{"href":"https:\/\/ksiegarnia-akademicka.pl\/index.php\/wp-json\/wp\/v2\/media?parent=3280"}],"wp:term":[{"taxonomy":"product_brand","embeddable":true,"href":"https:\/\/ksiegarnia-akademicka.pl\/index.php\/wp-json\/wp\/v2\/product_brand?post=3280"},{"taxonomy":"product_cat","embeddable":true,"href":"https:\/\/ksiegarnia-akademicka.pl\/index.php\/wp-json\/wp\/v2\/product_cat?post=3280"},{"taxonomy":"product_tag","embeddable":true,"href":"https:\/\/ksiegarnia-akademicka.pl\/index.php\/wp-json\/wp\/v2\/product_tag?post=3280"}],"curies":[{"name":"wp","href":"https:\/\/api.w.org\/{rel}","templated":true}]}}