{"id":3172,"date":"2018-05-22T12:47:28","date_gmt":"2018-05-22T10:47:28","guid":{"rendered":"http:\/\/ksiegarnia-akademicka.pl\/index.php\/product\/wiktymologia\/"},"modified":"2021-01-04T10:18:27","modified_gmt":"2021-01-04T09:18:27","slug":"wiktymologia","status":"publish","type":"product","link":"https:\/\/ksiegarnia-akademicka.pl\/index.php\/product\/wiktymologia\/","title":{"rendered":"Wiktymologia"},"content":{"rendered":"<p>Autor:<br \/>\nBrunon Ho\u0142yst<br \/>\nWydawca: Wolters Kluwer<br \/>\nOprawa: Twarda<br \/>\nFormat: 16.8&#215;24.0cm<br \/>\nLiczba stron: 1408<br \/>\nWydanie: 4<br \/>\nRok wydania: 2015<br \/>\nJ\u0119zyk wydania: polski<\/p>\n<p>Niniejsze wydanie odbiega swoj\u0105 tre\u015bci\u0105 i zakresem od Wiktymologii z 2006 roku. Zrezygnowano z niekt\u00f3rych rozdzia\u0142\u00f3w, a zamiast nich zosta\u0142y om\u00f3wione nowe zagadnienia, takie jak:<br \/>\n&#8211; wiktymologia kulturowa,<br \/>\n&#8211; teoretyczne perspektywy wiktymizacji kryminalnej,<br \/>\n&#8211; wiktymizacja os\u00f3b o odmiennej orientacji seksualnej,<br \/>\n&#8211; kredytobiorcy jako ofiary,<br \/>\n&#8211; p\u0142e\u0107 w relacji do wiktymizacji.<\/p>\n<p>W podr\u0119czniku zosta\u0142y rozszerzone problemy dotycz\u0105ce mi\u0119dzy innymi podatno\u015bci wiktymizacyjnej, powt\u00f3rnej wiktymizacji i klasyfikacji ofiar. Dokonano tak\u017ce aktualizacji danych statystycznych dotycz\u0105cych patologii r\u00f3\u017cnych sfer \u017cycia spo\u0142ecznego.<\/p>\n","protected":false},"excerpt":{"rendered":"<p>Autor: Brunon Ho\u0142yst Wydawca: Wolters Kluwer Oprawa: Twarda Format: 16.8&#215;24.0cm [&hellip;]<\/p>\n","protected":false},"featured_media":13746,"template":"","meta":[],"product_brand":[],"product_cat":[7490,18],"product_tag":[296,1863],"class_list":{"0":"post-3172","1":"product","2":"type-product","3":"status-publish","4":"has-post-thumbnail","6":"product_cat-karne","7":"product_cat-prawo","8":"product_tag-prawo-karne","9":"product_tag-wiktymologia","11":"first","12":"instock","13":"sale","14":"shipping-taxable","15":"purchasable","16":"product-type-simple"},"_links":{"self":[{"href":"https:\/\/ksiegarnia-akademicka.pl\/index.php\/wp-json\/wp\/v2\/product\/3172","targetHints":{"allow":["GET"]}}],"collection":[{"href":"https:\/\/ksiegarnia-akademicka.pl\/index.php\/wp-json\/wp\/v2\/product"}],"about":[{"href":"https:\/\/ksiegarnia-akademicka.pl\/index.php\/wp-json\/wp\/v2\/types\/product"}],"wp:featuredmedia":[{"embeddable":true,"href":"https:\/\/ksiegarnia-akademicka.pl\/index.php\/wp-json\/wp\/v2\/media\/13746"}],"wp:attachment":[{"href":"https:\/\/ksiegarnia-akademicka.pl\/index.php\/wp-json\/wp\/v2\/media?parent=3172"}],"wp:term":[{"taxonomy":"product_brand","embeddable":true,"href":"https:\/\/ksiegarnia-akademicka.pl\/index.php\/wp-json\/wp\/v2\/product_brand?post=3172"},{"taxonomy":"product_cat","embeddable":true,"href":"https:\/\/ksiegarnia-akademicka.pl\/index.php\/wp-json\/wp\/v2\/product_cat?post=3172"},{"taxonomy":"product_tag","embeddable":true,"href":"https:\/\/ksiegarnia-akademicka.pl\/index.php\/wp-json\/wp\/v2\/product_tag?post=3172"}],"curies":[{"name":"wp","href":"https:\/\/api.w.org\/{rel}","templated":true}]}}