{"id":3142,"date":"2018-05-22T12:47:24","date_gmt":"2018-05-22T10:47:24","guid":{"rendered":"http:\/\/ksiegarnia-akademicka.pl\/index.php\/product\/rachunkowosc-finansowa-i-podatkowa\/"},"modified":"2021-02-01T09:29:26","modified_gmt":"2021-02-01T08:29:26","slug":"rachunkowosc-finansowa-i-podatkowa","status":"publish","type":"product","link":"https:\/\/ksiegarnia-akademicka.pl\/index.php\/product\/rachunkowosc-finansowa-i-podatkowa\/","title":{"rendered":"Rachunkowo\u015b\u0107 finansowa i podatkowa"},"content":{"rendered":"<p>Redakcja: Cebrowska Teresa<br \/>\nWydawca: Wydawnictwo Naukowe PWN<br \/>\nOprawa: Mi\u0119kka<br \/>\nFormat: 17.0&#215;24.0cm<br \/>\nLiczba stron: 724<br \/>\nWydanie: 2<br \/>\nRok wydania: 2020<br \/>\nJ\u0119zyk wydania: polski<\/p>\n<p>Nowe, uaktualnione i poszerzone wydanie ciesz\u0105cego si\u0119 du\u017c\u0105 popularno\u015bci\u0105 podr\u0119cznika z dziedziny rachunkowo\u015bci finansowej z uwzgl\u0119dnieniem zagadnie\u0144 podatkowych!<br \/>\nAutorzy powo\u0142uj\u0105 si\u0119 na najnowsze rozwi\u0105zania prawne, obowi\u0105zuj\u0105ce w 2010 roku, w tym:<br \/>\nzmiany w ustawie o rachunkowo\u015bci i prawie podatkowym,<br \/>\nnowe i zmienione Mi\u0119dzynarodowe Standardy Rachunkowo\u015bci oraz Mi\u0119dzynarodowe Standardy Sprawozdawczo\u015bci Finansowej,<br \/>\nzmiany w prawie UE.<br \/>\nKompleksowe uj\u0119cie tematu przy zachowaniu jasnego i przejrzystego j\u0119zyka to niew\u0105tpliwe atuty ksi\u0105\u017cki. Ponadto do jej zalet mo\u017cna zaliczy\u0107:<br \/>\nosadzenie rachunkowo\u015bci w otoczeniu prawno-podatkowym,<br \/>\nbogata i wieloaspektowa interpretacja prezentowanych zagadnie\u0144,<br \/>\nzar\u00f3wno teoretyczne, jak i praktyczne przedstawienie omawianych zagadnie\u0144.<\/p>\n<p>Podr\u0119cznik jest przeznaczony dla:<br \/>\nstudent\u00f3w kierunk\u00f3w ekonomicznych i prawno-ekonomicznych,<br \/>\ndyrektor\u00f3w finansowych, g\u0142\u00f3wnych ksi\u0119gowych i pracownik\u00f3w s\u0142u\u017cb finansowo-ksi\u0119gowych,<br \/>\nbieg\u0142ych rewident\u00f3w,<br \/>\nw\u0142a\u015bcicieli i pracownik\u00f3w biur rachunkowych,<br \/>\ndoradc\u00f3w podatkowych.<\/p>\n<p>Autorami podr\u0119cznika s\u0105 do\u015bwiadczeni dydaktycy, pracownicy naukowi Uniwersytetu Ekonomicznego we Wroc\u0142awiu, cz\u0142onkowie wielu og\u00f3lnopolskich gremi\u00f3w naukowych, doradczych i samorz\u0105dowych oraz biegli rewidenci.<\/p>\n","protected":false},"excerpt":{"rendered":"<p>Redakcja: Cebrowska Teresa Wydawca: Wydawnictwo Naukowe PWN Oprawa: Mi\u0119kka Format: [&hellip;]<\/p>\n","protected":false},"featured_media":13807,"template":"","meta":[],"product_brand":[],"product_cat":[23],"product_tag":[1496,3987,4488],"class_list":{"0":"post-3142","1":"product","2":"type-product","3":"status-publish","4":"has-post-thumbnail","6":"product_cat-rachunkowosc","7":"product_tag-rachunkowosc","8":"product_tag-rachunkowosc-finansowa","9":"product_tag-rachunkowosc-podatkowa","11":"first","12":"instock","13":"sale","14":"shipping-taxable","15":"purchasable","16":"product-type-simple"},"_links":{"self":[{"href":"https:\/\/ksiegarnia-akademicka.pl\/index.php\/wp-json\/wp\/v2\/product\/3142","targetHints":{"allow":["GET"]}}],"collection":[{"href":"https:\/\/ksiegarnia-akademicka.pl\/index.php\/wp-json\/wp\/v2\/product"}],"about":[{"href":"https:\/\/ksiegarnia-akademicka.pl\/index.php\/wp-json\/wp\/v2\/types\/product"}],"wp:featuredmedia":[{"embeddable":true,"href":"https:\/\/ksiegarnia-akademicka.pl\/index.php\/wp-json\/wp\/v2\/media\/13807"}],"wp:attachment":[{"href":"https:\/\/ksiegarnia-akademicka.pl\/index.php\/wp-json\/wp\/v2\/media?parent=3142"}],"wp:term":[{"taxonomy":"product_brand","embeddable":true,"href":"https:\/\/ksiegarnia-akademicka.pl\/index.php\/wp-json\/wp\/v2\/product_brand?post=3142"},{"taxonomy":"product_cat","embeddable":true,"href":"https:\/\/ksiegarnia-akademicka.pl\/index.php\/wp-json\/wp\/v2\/product_cat?post=3142"},{"taxonomy":"product_tag","embeddable":true,"href":"https:\/\/ksiegarnia-akademicka.pl\/index.php\/wp-json\/wp\/v2\/product_tag?post=3142"}],"curies":[{"name":"wp","href":"https:\/\/api.w.org\/{rel}","templated":true}]}}