{"id":3122,"date":"2018-05-22T12:47:21","date_gmt":"2018-05-22T10:47:21","guid":{"rendered":"http:\/\/ksiegarnia-akademicka.pl\/index.php\/product\/prawo-o-postepowaniu-przed-sadami-administracyjnymi-komentarz-2\/"},"modified":"2019-03-25T15:04:21","modified_gmt":"2019-03-25T14:04:21","slug":"prawo-o-postepowaniu-przed-sadami-administracyjnymi-komentarz-2","status":"publish","type":"product","link":"https:\/\/ksiegarnia-akademicka.pl\/index.php\/product\/prawo-o-postepowaniu-przed-sadami-administracyjnymi-komentarz-2\/","title":{"rendered":"Prawo o post\u0119powaniu przed s\u0105dami administracyjnymi Komentarz"},"content":{"rendered":"<p>Nale\u017cy do serii:<br \/>\nDU\u017bE KOMENTARZE BECKA<br \/>\nRedakcja: Hauser Roman, prof. Wierzbowski Marek<br \/>\nWydawca: C.H. Beck<br \/>\nOprawa: Twarda z obwolut\u0105<br \/>\nFormat: 16.0&#215;24.0cm<br \/>\nLiczba stron: 1300<br \/>\nWydanie: 5<br \/>\nRok wydania: 2017<br \/>\nJ\u0119zyk wydania: polski<\/p>\n<p>Prawo o post\u0119powaniu przed s\u0105dami administracyjnymi. Komentarz, to praktyczny komentarz do ustawy z 30.8.2002 r. \u2013 Prawo o post\u0119powaniu przed s\u0105dami administracyjnymi (t.j. Dz.U. z 2016 r. poz. 718 ze zm.), b\u0119d\u0105cy profesjonalnym opracowaniem zawieraj\u0105cym tekst ustawy wraz z obszernie om\u00f3wionymi tezami.<\/p>\n<p>Kolejne 5. wydanie komentarza uwzgl\u0119dnia zmiany wprowadzone ustaw\u0105 z 7.4.2017 r. o zmianie ustawy \u2013 Kodeks post\u0119powania administracyjnego oraz niekt\u00f3rych innych ustaw (Dz.U. z 2017 r. poz. 935), kt\u00f3ra wchodzi w \u017cycie 1.6.2017 r. Celem niniejszej zmiany jest wprowadzenie rozwi\u0105za\u0144, kt\u00f3re dotycz\u0105:<\/p>\n<p>zachowania terminu na wniesienie skargi w razie skierowania jej wprost do s\u0105du administracyjnego \u2013 termin na wniesienie skargi do s\u0105du administracyjnego, uwa\u017ca si\u0119 za zachowany wtedy, gdy przed jego up\u0142ywem strona wnios\u0142a skarg\u0119 wprost do s\u0105du administracyjnego;<br \/>\nusuni\u0119cia wymogu wezwania organu do usuni\u0119cia naruszenia prawa \u2013 obowi\u0105zek jego skierowania przed z\u0142o\u017ceniem skargi do wojew\u00f3dzkiego s\u0105du administracyjnego dotyczy\u0142 tzw. innych akt\u00f3w i czynno\u015bci (w tym indywidualnych interpretacji podatkowych) oraz akt\u00f3w prawa miejscowego;<br \/>\npost\u0119powania mediacyjnego w toku post\u0119powania przed s\u0105dami administracyjnymi \u2013 wprowadzenie klasycznego modelu mediacji, w kt\u00f3rym mediator w \u017cadnej sytuacji, nawet potencjalnie, nie jest zaanga\u017cowany w rozstrzyganie sprawy w przypadku fiaska mediacji.<\/p>\n<p>Ponadto wprowadzane zmiany zmierzaj\u0105 do zapewnienia adekwatno\u015bci administracyjnych kar pieni\u0119\u017cnych do zaistnia\u0142ych przypadk\u00f3w naruszenia prawa. Jego celem jest uregulowanie og\u00f3lnych dyrektyw wymiaru kar, przes\u0142anek odst\u0105pienia od na\u0142o\u017cenia kary, termin\u00f3w przedawnienia na\u0142o\u017cenia i egzekucji kary oraz warunk\u00f3w udzielania ulg w zap\u0142acie kar pieni\u0119\u017cnych. Obecnie, nak\u0142adanie kar administracyjnych cechuje niejednokrotnie automatyzm, kt\u00f3ry mo\u017ce powodowa\u0107 nieuzasadnione zr\u00f3\u017cnicowanie sytuacji podmiot\u00f3w podlegaj\u0105cych ukaraniu.<\/p>\n<p>Ponadto uwzgl\u0119dniono wszystkie dotychczas uchwalone zmiany dotycz\u0105ce:<\/p>\n<p>wprowadzenia kolejnego etapu procesu zmian legislacyjnych w obszarze informatyzacji i cyfryzacji podmiot\u00f3w realizuj\u0105cych zadania publiczne (ustawa z 10.1.2014 r., Dz.U. z 2014 r. poz. 183) \u2013 wej\u015bcie w \u017cycie 15.5.2018 r.;<br \/>\nwprowadzenia jawno\u015bci o\u015bwiadcze\u0144 maj\u0105tkowych s\u0119dzi\u00f3w; wprowadzenia rozwi\u0105za\u0144, kt\u00f3re zapewni\u0105, \u017ce post\u0119powania dyscyplinarne wobec s\u0119dzi\u00f3w i prokurator\u00f3w wszcz\u0119te przed up\u0142ywem pi\u0119ciu lat od chwili pope\u0142nienia czynu przedawnia\u0107 si\u0119 b\u0119d\u0105 z up\u0142ywem o\u015bmiu lat od chwili pope\u0142nienia czynu, a tak\u017ce odformalizowania i zwi\u0119kszenia efektywno\u015bci skargi wnoszonej na przewlek\u0142o\u015b\u0107 post\u0119powania oraz zapewnienia odpowiedniej rekompensaty za przewlek\u0142o\u015b\u0107 post\u0119powania (ustawa z z 30.11.2016 r., Dz.U. z 2016 r. poz. 2103) \u2013 wej\u015bcie w \u017cycie 6.1.2017 r.;<br \/>\ndostosowania przepis\u00f3w okre\u015blaj\u0105cych organy uprawnione do podejmowania za Skarb Pa\u0144stwa czynno\u015bci w post\u0119powaniu przed s\u0105dami administracyjnymi, konieczne w zwi\u0105zku z rozszerzeniem zakresu dzia\u0142ania Prokuratorii Generalnej Rzeczypospolitej Polskiej o zast\u0119pstwo Skarbu Pa\u0144stwa, pa\u0144stwowych jednostek organizacyjnych nieposiadaj\u0105cych osobowo\u015bci prawnej albo organ\u00f3w administracji rz\u0105dowej w post\u0119powaniu przed s\u0105dami administracyjnymi (ustawa z 15.12.2016 r., Dz.U. z 2016 r. poz. 2261) \u2013 wej\u015bcie w \u017cycie 1.1.2017 r.;<br \/>\nusprawnienia post\u0119powania w sprawie wszcz\u0119cia post\u0119powania przymusowej restrukturyzacji, uwzgl\u0119dnienie specyfiki przedmiotu tego post\u0119powania oraz przyspieszenie procesu weryfikacji prawid\u0142owo\u015bci decyzji w post\u0119powaniu s\u0105dowoadministracyjnym (ustawa z 10.6.2016 r., Dz.U. z 2016 r. poz. 996) \u2013 wej\u015bcie w \u017cycie 9.10.2016 r.;<br \/>\nprzes\u0142anek oraz warunk\u00f3w wniesienia skargi do s\u0105du administracyjnego (ustawa z 13.5.2016 r., Dz.U. z 2016 r. poz. 846) \u2013 wej\u015bcie z \u017cycie 15.7.2016 r.<\/p>\n","protected":false},"excerpt":{"rendered":"<p>Nale\u017cy do serii: DU\u017bE KOMENTARZE BECKA Redakcja: Hauser Roman, prof. [&hellip;]<\/p>\n","protected":false},"featured_media":10629,"template":"","meta":[],"product_brand":[],"product_cat":[7492,18],"product_tag":[2867,485,781],"class_list":{"0":"post-3122","1":"product","2":"type-product","3":"status-publish","4":"has-post-thumbnail","6":"product_cat-administracyjne","7":"product_cat-prawo","8":"product_tag-postepowanie-przed-sadami-administracyjnymi","9":"product_tag-prawo-administracyjne","10":"product_tag-seria-duze-komentarze-becka","12":"first","13":"instock","14":"sale","15":"shipping-taxable","16":"purchasable","17":"product-type-simple"},"_links":{"self":[{"href":"https:\/\/ksiegarnia-akademicka.pl\/index.php\/wp-json\/wp\/v2\/product\/3122","targetHints":{"allow":["GET"]}}],"collection":[{"href":"https:\/\/ksiegarnia-akademicka.pl\/index.php\/wp-json\/wp\/v2\/product"}],"about":[{"href":"https:\/\/ksiegarnia-akademicka.pl\/index.php\/wp-json\/wp\/v2\/types\/product"}],"wp:featuredmedia":[{"embeddable":true,"href":"https:\/\/ksiegarnia-akademicka.pl\/index.php\/wp-json\/wp\/v2\/media\/10629"}],"wp:attachment":[{"href":"https:\/\/ksiegarnia-akademicka.pl\/index.php\/wp-json\/wp\/v2\/media?parent=3122"}],"wp:term":[{"taxonomy":"product_brand","embeddable":true,"href":"https:\/\/ksiegarnia-akademicka.pl\/index.php\/wp-json\/wp\/v2\/product_brand?post=3122"},{"taxonomy":"product_cat","embeddable":true,"href":"https:\/\/ksiegarnia-akademicka.pl\/index.php\/wp-json\/wp\/v2\/product_cat?post=3122"},{"taxonomy":"product_tag","embeddable":true,"href":"https:\/\/ksiegarnia-akademicka.pl\/index.php\/wp-json\/wp\/v2\/product_tag?post=3122"}],"curies":[{"name":"wp","href":"https:\/\/api.w.org\/{rel}","templated":true}]}}