{"id":3072,"date":"2018-05-22T12:47:14","date_gmt":"2018-05-22T10:47:14","guid":{"rendered":"http:\/\/ksiegarnia-akademicka.pl\/index.php\/product\/psychologia-rozwoju-czlowieka-podrecznik-akademicki\/"},"modified":"2023-10-24T10:33:32","modified_gmt":"2023-10-24T08:33:32","slug":"psychologia-rozwoju-czlowieka-podrecznik-akademicki","status":"publish","type":"product","link":"https:\/\/ksiegarnia-akademicka.pl\/index.php\/product\/psychologia-rozwoju-czlowieka-podrecznik-akademicki\/","title":{"rendered":"Psychologia rozwoju cz\u0142owieka"},"content":{"rendered":"<p>Redakcja: Trempa\u0142a Janusz<br \/>\nWydawca: Wydawnictwo Naukowe PWN<br \/>\nOprawa: Twarda<br \/>\nFormat: 21.0&#215;28.0cm<br \/>\nLiczba stron: 544<br \/>\nWydanie: 1<br \/>\nRok wydania: 2022<br \/>\nJ\u0119zyk wydania: polski<\/p>\n<p>Nowoczesny polski podr\u0119cznik psychologii rozwojowej pokazuj\u0105cy ewolucj\u0119 dyscypliny, stan obecny i perspektywy przysz\u0142ych bada\u0144.<\/p>\n<p>Ksi\u0105\u017cka prezentuje:<\/p>\n<p>teoretyczne podstawy bada\u0144 nad rozwojem pozwalaj\u0105ce zrozumie\u0107 i wyja\u015bni\u0107 zmiany w zachowaniu cz\u0142owieka w ci\u0105gu \u017cycia,<br \/>\nobecny stan dyscypliny, najnowsze koncepcje, problemy i wyniki bada\u0144, a tak\u017ce klasyczne badania i teorie, kt\u00f3re wywar\u0142y istotny wp\u0142yw na kszta\u0142t wsp\u00f3\u0142czesnej psychologii rozwoju cz\u0142owieka,<br \/>\nzagadnienia stosowanej psychologii rozwojowej, pokazuj\u0105ce zastosowania wiedzy o rozwoju w wybranych obszarach praktyki spo\u0142ecznej,<br \/>\nrozwi\u0105zania dydaktyczne niezwykle przydatne w samodzielnej pracy studenta: bloki rozszerzaj\u0105ce, podsumowania rozdzia\u0142\u00f3w, s\u0142owa kluczowe, zadania kontrolne, s\u0142ownik poj\u0119\u0107, dodatkowe lektury.<\/p>\n","protected":false},"excerpt":{"rendered":"<p>Redakcja: Trempa\u0142a Janusz Wydawca: Wydawnictwo Naukowe PWN Oprawa: Twarda Format: [&hellip;]<\/p>\n","protected":false},"featured_media":11996,"template":"","meta":[],"product_brand":[],"product_cat":[27,7509],"product_tag":[269,1186,5322,1659],"class_list":{"0":"post-3072","1":"product","2":"type-product","3":"status-publish","4":"has-post-thumbnail","6":"product_cat-nauki-spoleczne","7":"product_cat-psychologia","8":"product_tag-podrecznik-akademicki","9":"product_tag-psychologia","10":"product_tag-psychologia-rozwoju","11":"product_tag-psychoterapia","13":"first","14":"outofstock","15":"sale","16":"shipping-taxable","17":"purchasable","18":"product-type-simple"},"_links":{"self":[{"href":"https:\/\/ksiegarnia-akademicka.pl\/index.php\/wp-json\/wp\/v2\/product\/3072","targetHints":{"allow":["GET"]}}],"collection":[{"href":"https:\/\/ksiegarnia-akademicka.pl\/index.php\/wp-json\/wp\/v2\/product"}],"about":[{"href":"https:\/\/ksiegarnia-akademicka.pl\/index.php\/wp-json\/wp\/v2\/types\/product"}],"wp:featuredmedia":[{"embeddable":true,"href":"https:\/\/ksiegarnia-akademicka.pl\/index.php\/wp-json\/wp\/v2\/media\/11996"}],"wp:attachment":[{"href":"https:\/\/ksiegarnia-akademicka.pl\/index.php\/wp-json\/wp\/v2\/media?parent=3072"}],"wp:term":[{"taxonomy":"product_brand","embeddable":true,"href":"https:\/\/ksiegarnia-akademicka.pl\/index.php\/wp-json\/wp\/v2\/product_brand?post=3072"},{"taxonomy":"product_cat","embeddable":true,"href":"https:\/\/ksiegarnia-akademicka.pl\/index.php\/wp-json\/wp\/v2\/product_cat?post=3072"},{"taxonomy":"product_tag","embeddable":true,"href":"https:\/\/ksiegarnia-akademicka.pl\/index.php\/wp-json\/wp\/v2\/product_tag?post=3072"}],"curies":[{"name":"wp","href":"https:\/\/api.w.org\/{rel}","templated":true}]}}