{"id":2871,"date":"2018-05-22T12:46:47","date_gmt":"2018-05-22T10:46:47","guid":{"rendered":"http:\/\/ksiegarnia-akademicka.pl\/index.php\/product\/projektowanie-ukladow-scalonych-cmos\/"},"modified":"2021-03-09T13:57:08","modified_gmt":"2021-03-09T12:57:08","slug":"projektowanie-ukladow-scalonych-cmos","status":"publish","type":"product","link":"https:\/\/ksiegarnia-akademicka.pl\/index.php\/product\/projektowanie-ukladow-scalonych-cmos\/","title":{"rendered":"Projektowanie uk\u0142ad\u00f3w scalonych CMOS"},"content":{"rendered":"<p>Autor:<br \/>\nAdam Go\u0142da<br \/>\nAndrzej Kos<br \/>\nWydawca: Wydawnictwa Komunikacji i \u0141\u0105czno\u015bci WK\u0141<br \/>\nOprawa: Mi\u0119kka<br \/>\nFormat: 16.5&#215;23.4cm<br \/>\nLiczba stron: 268<br \/>\nWydanie: 1<br \/>\nRok wydania: 2011<br \/>\nJ\u0119zyk wydania: polski<\/p>\n<p>Podr\u0119cznik po\u015bwi\u0119cony podstawowym zagadnieniom z zakresu projektowania uk\u0142ad\u00f3w scalonych CMOS, obecnie powszechnie stosowanym we wszystkich dziedzinach przemys\u0142u, telekomunikacji, medycynie i wielu innych. Podano podstawowe wiadomo\u015bci dotycz\u0105ce tranzystor\u00f3w MOS i element\u00f3w stosowanych w technologii CMOS, a tak\u017ce opis oprogramowania wspieraj\u0105cego hierarchiczne projektowanie uk\u0142ad\u00f3w scalonych. Przedstawiono projektowanie uk\u0142ad\u00f3w scalonych metodami bottom-up (od pojedynczego elementu do uk\u0142adu) oraz top-down (od funkcji uk\u0142adu do jego fizycznej realizacji).<br \/>\nOdbiorcy ksi\u0105\u017cki: studenci wydzia\u0142\u00f3w elektroniki, telekomunikacji i informatyki wy\u017cszych uczelni technicznych, studenci wydzia\u0142\u00f3w informatyki uniwersytet\u00f3w, s\u0142uchacze studi\u00f3w doktoranckich i podyplomowych.<\/p>\n","protected":false},"excerpt":{"rendered":"<p>Autor: Adam Go\u0142da Andrzej Kos Wydawca: Wydawnictwa Komunikacji i \u0141\u0105czno\u015bci [&hellip;]<\/p>\n","protected":false},"featured_media":9050,"template":"","meta":[],"product_brand":[],"product_cat":[41,8026],"product_tag":[5191,120,119,259],"class_list":{"0":"post-2871","1":"product","2":"type-product","3":"status-publish","4":"has-post-thumbnail","6":"product_cat-nauki-techniczne","7":"product_cat-telekomunikacja","8":"product_tag-cmos","9":"product_tag-elektronika","10":"product_tag-elektrotechnika","11":"product_tag-podreczniki-akademickie","13":"first","14":"instock","15":"sale","16":"shipping-taxable","17":"purchasable","18":"product-type-simple"},"_links":{"self":[{"href":"https:\/\/ksiegarnia-akademicka.pl\/index.php\/wp-json\/wp\/v2\/product\/2871","targetHints":{"allow":["GET"]}}],"collection":[{"href":"https:\/\/ksiegarnia-akademicka.pl\/index.php\/wp-json\/wp\/v2\/product"}],"about":[{"href":"https:\/\/ksiegarnia-akademicka.pl\/index.php\/wp-json\/wp\/v2\/types\/product"}],"wp:featuredmedia":[{"embeddable":true,"href":"https:\/\/ksiegarnia-akademicka.pl\/index.php\/wp-json\/wp\/v2\/media\/9050"}],"wp:attachment":[{"href":"https:\/\/ksiegarnia-akademicka.pl\/index.php\/wp-json\/wp\/v2\/media?parent=2871"}],"wp:term":[{"taxonomy":"product_brand","embeddable":true,"href":"https:\/\/ksiegarnia-akademicka.pl\/index.php\/wp-json\/wp\/v2\/product_brand?post=2871"},{"taxonomy":"product_cat","embeddable":true,"href":"https:\/\/ksiegarnia-akademicka.pl\/index.php\/wp-json\/wp\/v2\/product_cat?post=2871"},{"taxonomy":"product_tag","embeddable":true,"href":"https:\/\/ksiegarnia-akademicka.pl\/index.php\/wp-json\/wp\/v2\/product_tag?post=2871"}],"curies":[{"name":"wp","href":"https:\/\/api.w.org\/{rel}","templated":true}]}}