{"id":2844,"date":"2018-05-22T12:46:43","date_gmt":"2018-05-22T10:46:43","guid":{"rendered":"http:\/\/ksiegarnia-akademicka.pl\/index.php\/product\/kodeks-wykroczen-komentarz-5\/"},"modified":"2019-07-10T12:06:46","modified_gmt":"2019-07-10T10:06:46","slug":"kodeks-wykroczen-komentarz-5","status":"publish","type":"product","link":"https:\/\/ksiegarnia-akademicka.pl\/index.php\/product\/kodeks-wykroczen-komentarz-5\/","title":{"rendered":"Kodeks wykrocze\u0144. Komentarz"},"content":{"rendered":"<p>Redakcja: Bojarski Tadeusz<br \/>\nWydawca: Wolters Kluwer<br \/>\nOprawa: Twarda<br \/>\nLiczba stron: 772<br \/>\nWydanie: 6<br \/>\nRok wydania: 2019<br \/>\nJ\u0119zyk wydania: polski<\/p>\n<p>W komentarzu wyczerpuj\u0105co om\u00f3wiono m.in. zasady odpowiedzialno\u015bci za wykroczenia, przewidziane za nie kary oraz regu\u0142y ich orzekania. Ponadto w opracowaniu znajduj\u0105 si\u0119 odniesienia do tych ustaw, kt\u00f3rych regulacje s\u0105 kluczowe dla wyk\u0142adni przepis\u00f3w cz\u0119\u015bci szczeg\u00f3lnej Kodeksu wykrocze\u0144.<\/p>\n<p>W publikacji uwzgl\u0119dniono zmiany do Kodeksu wykrocze\u0144 dotycz\u0105ce m.in.:<br \/>\n&#8211; odpowiedzialno\u015bci uczestnika zorganizowanej imprezy sportowej za posiadanie niebezpiecznych przedmiot\u00f3w,<br \/>\n&#8211; nieprzestrzegania ogranicze\u0144 w dost\u0119pie do strefy czystego transportu,<br \/>\n&#8211; przekazania osobie nieuprawnionej profesjonalnego dowodu rejestracyjnego.<\/p>\n","protected":false},"excerpt":{"rendered":"<p>Redakcja: Bojarski Tadeusz Wydawca: Wolters Kluwer Oprawa: Twarda Liczba stron: [&hellip;]<\/p>\n","protected":false},"featured_media":11380,"template":"","meta":[],"product_brand":[],"product_cat":[7490,18],"product_tag":[4672,296,315],"class_list":{"0":"post-2844","1":"product","2":"type-product","3":"status-publish","4":"has-post-thumbnail","6":"product_cat-karne","7":"product_cat-prawo","8":"product_tag-kodeks-wykroczen","9":"product_tag-prawo-karne","10":"product_tag-prawo-wykroczen","12":"first","13":"instock","14":"sale","15":"shipping-taxable","16":"purchasable","17":"product-type-simple"},"_links":{"self":[{"href":"https:\/\/ksiegarnia-akademicka.pl\/index.php\/wp-json\/wp\/v2\/product\/2844","targetHints":{"allow":["GET"]}}],"collection":[{"href":"https:\/\/ksiegarnia-akademicka.pl\/index.php\/wp-json\/wp\/v2\/product"}],"about":[{"href":"https:\/\/ksiegarnia-akademicka.pl\/index.php\/wp-json\/wp\/v2\/types\/product"}],"wp:featuredmedia":[{"embeddable":true,"href":"https:\/\/ksiegarnia-akademicka.pl\/index.php\/wp-json\/wp\/v2\/media\/11380"}],"wp:attachment":[{"href":"https:\/\/ksiegarnia-akademicka.pl\/index.php\/wp-json\/wp\/v2\/media?parent=2844"}],"wp:term":[{"taxonomy":"product_brand","embeddable":true,"href":"https:\/\/ksiegarnia-akademicka.pl\/index.php\/wp-json\/wp\/v2\/product_brand?post=2844"},{"taxonomy":"product_cat","embeddable":true,"href":"https:\/\/ksiegarnia-akademicka.pl\/index.php\/wp-json\/wp\/v2\/product_cat?post=2844"},{"taxonomy":"product_tag","embeddable":true,"href":"https:\/\/ksiegarnia-akademicka.pl\/index.php\/wp-json\/wp\/v2\/product_tag?post=2844"}],"curies":[{"name":"wp","href":"https:\/\/api.w.org\/{rel}","templated":true}]}}