{"id":2832,"date":"2018-05-22T12:46:41","date_gmt":"2018-05-22T10:46:41","guid":{"rendered":"http:\/\/ksiegarnia-akademicka.pl\/index.php\/product\/jak-mowic-zeby-dzieci-nas-sluchaly-jak-sluchac-zeby-dzieci-do-nas-mowily\/"},"modified":"2018-12-06T11:17:02","modified_gmt":"2018-12-06T10:17:02","slug":"jak-mowic-zeby-dzieci-nas-sluchaly-jak-sluchac-zeby-dzieci-do-nas-mowily","status":"publish","type":"product","link":"https:\/\/ksiegarnia-akademicka.pl\/index.php\/product\/jak-mowic-zeby-dzieci-nas-sluchaly-jak-sluchac-zeby-dzieci-do-nas-mowily\/","title":{"rendered":"Jak m\u00f3wi\u0107, \u017ceby dzieci nas s\u0142ucha\u0142y Jak s\u0142ucha\u0107, \u017ceby dzieci do nas m\u00f3wi\u0142y"},"content":{"rendered":"<p>Autor:<br \/>\nAdele Faber<br \/>\nElaine Mazlish<br \/>\nT\u0142umacze: Wi\u0119znowska Mariola, Horosiewicz Beata<br \/>\nWydawca: Media Rodzina<br \/>\nOprawa: Mi\u0119kka<br \/>\nFormat: 14.5&#215;20.5cm<br \/>\nLiczba stron: 431<br \/>\nRok wydania: 2013<\/p>\n<p>Praktyczne \u0107wiczenia i wskaz\u00f3wki u\u0142atwiaj\u0105ce opanowanie sztuki komunikowania si\u0119 z dzie\u0107mi &#8211; i\u2026 nie tylko z nimi &#8211; sprawiaj\u0105, \u017ce ksi\u0105\u017cka jest przeznaczona dla ka\u017cdego, kto chcia\u0142by lepiej rozumie\u0107 i m\u0105drzej kocha\u0107 dzieci oraz by\u0107 przez dzieci kochanym i rozumianym. Nowe wydanie poszerzone o pos\u0142owie \u201eNowe pokolenie\u201d, kt\u00f3re napisa\u0142a Joanna Faber, c\u00f3rka jednej z autorek. Wychowana wed\u0142ug metod przedstawianych w ksi\u0105\u017cce dzieli si\u0119 do\u015bwiadczeniami z dzieci\u0144stwa i wraz z rodzicami podejmuje wyzwania nowych czas\u00f3w, szukaj\u0105c nowych rozwi\u0105za\u0144.<\/p>\n","protected":false},"excerpt":{"rendered":"<p>Autor: Adele Faber Elaine Mazlish T\u0142umacze: Wi\u0119znowska Mariola, Horosiewicz Beata [&hellip;]<\/p>\n","protected":false},"featured_media":9140,"template":"","meta":[],"product_brand":[],"product_cat":[28],"product_tag":[3073,51,4451],"class_list":{"0":"post-2832","1":"product","2":"type-product","3":"status-publish","4":"has-post-thumbnail","6":"product_cat-pedagogika","7":"product_tag-dziecko","8":"product_tag-pedagogika","9":"product_tag-wychowanie","11":"first","12":"instock","13":"sale","14":"shipping-taxable","15":"purchasable","16":"product-type-simple"},"_links":{"self":[{"href":"https:\/\/ksiegarnia-akademicka.pl\/index.php\/wp-json\/wp\/v2\/product\/2832","targetHints":{"allow":["GET"]}}],"collection":[{"href":"https:\/\/ksiegarnia-akademicka.pl\/index.php\/wp-json\/wp\/v2\/product"}],"about":[{"href":"https:\/\/ksiegarnia-akademicka.pl\/index.php\/wp-json\/wp\/v2\/types\/product"}],"wp:featuredmedia":[{"embeddable":true,"href":"https:\/\/ksiegarnia-akademicka.pl\/index.php\/wp-json\/wp\/v2\/media\/9140"}],"wp:attachment":[{"href":"https:\/\/ksiegarnia-akademicka.pl\/index.php\/wp-json\/wp\/v2\/media?parent=2832"}],"wp:term":[{"taxonomy":"product_brand","embeddable":true,"href":"https:\/\/ksiegarnia-akademicka.pl\/index.php\/wp-json\/wp\/v2\/product_brand?post=2832"},{"taxonomy":"product_cat","embeddable":true,"href":"https:\/\/ksiegarnia-akademicka.pl\/index.php\/wp-json\/wp\/v2\/product_cat?post=2832"},{"taxonomy":"product_tag","embeddable":true,"href":"https:\/\/ksiegarnia-akademicka.pl\/index.php\/wp-json\/wp\/v2\/product_tag?post=2832"}],"curies":[{"name":"wp","href":"https:\/\/api.w.org\/{rel}","templated":true}]}}