{"id":2823,"date":"2018-05-22T12:46:40","date_gmt":"2018-05-22T10:46:40","guid":{"rendered":"http:\/\/ksiegarnia-akademicka.pl\/index.php\/product\/finansowe-determinanty-wzrostu-w-gospodarce-globalnej\/"},"modified":"2019-04-02T15:00:58","modified_gmt":"2019-04-02T13:00:58","slug":"finansowe-determinanty-wzrostu-w-gospodarce-globalnej","status":"publish","type":"product","link":"https:\/\/ksiegarnia-akademicka.pl\/index.php\/product\/finansowe-determinanty-wzrostu-w-gospodarce-globalnej\/","title":{"rendered":"Finansowe determinanty wzrostu w gospodarce globalnej"},"content":{"rendered":"<p>Redakcja: Bednarczyk Jan L.<br \/>\nWydawca: CeDeWu<br \/>\nOprawa: Mi\u0119kka<br \/>\nFormat: 16.5&#215;23.5cm<br \/>\nLiczba stron: 302<br \/>\nWydanie: 1<br \/>\nRok wydania: 2010<br \/>\nJ\u0119zyk wydania: polski<\/p>\n<p>Wsp\u00f3\u0142czesna gospodarka \u015bwiatowa znajduje si\u0119 w szczeg\u00f3lnej fazie rozwoju. Z jednej strony, pojawiaj\u0105 si\u0119 oznaki wychodzenia z jednego z najg\u0142\u0119bszych kryzys\u00f3w, jakie dotkn\u0119\u0142y kraje rozwini\u0119te w latach 2007-2008, za\u015b z drugiej strony &#8211; r\u00f3wnowaga wzrostu jest na tyle krucha, \u017ce znaczna cz\u0119\u015b\u0107 uczestnik\u00f3w \u017cycia gospodarczego przewiduje mo\u017cliwo\u015b\u0107 rozwini\u0119cia si\u0119 po tym kryzysie jedynie s\u0142abego o\u017cywienia lub nawet wyst\u0105pienia jego &#8222;drugiego dna&#8221;. \u0179r\u00f3de\u0142 tych pesymistycznych nastroj\u00f3w nale\u017cy upatrywa\u0107 niew\u0105tpliwie w przyczynach, kt\u00f3re leg\u0142y u podstaw ostatniego kryzysu, tj. niestabilno\u015bci rynk\u00f3w finansowych. Przejawem tej niestabilno\u015bci by\u0142 kryzys na rynku kredyt\u00f3w subprime w Stanach Zjednoczonych, ale jej przes\u0142anki pojawi\u0142y si\u0119 znacznie wcze\u015bniej i tkwi\u0105 g\u0142\u0119boko korzeniami zar\u00f3wno w polityce gospodarczej czo\u0142owych pot\u0119g wsp\u00f3\u0142czesnego \u015bwiata, \u017cywio\u0142owym rozwoju rynk\u00f3w finansowych, jak i wynikaj\u0105 z braku wystarczaj\u0105co skutecznych narz\u0119dzi koordynacji polityki antykryzysowej w skali globalnej.<br \/>\nPrzekazywana do r\u0105k Czytelnika ksi\u0105\u017cka prezentuje r\u00f3\u017cne aspekty problematyki wzrostu gospodarczego ze szczeg\u00f3lnym uwzgl\u0119dnieniem wp\u0142ywu na ten wzrost czynnik\u00f3w finansowych. Taki profil publikacji wynika z charakteru proces\u00f3w, jakie dokonuj\u0105 si\u0119 w globalnej gospodarce w\u0142a\u015bciwie od pocz\u0105tku tego wieku, odk\u0105d to narastanie ba\u0144ki spekulacyjnej w szeroko poj\u0119tym sektorze nieruchomo\u015bci, finansowanej kredytem bankowym, wywo\u0142a\u0142o za\u0142amanie si\u0119 koniunktury, nie obserwowane od czas\u00f3w Wielkiego Kryzysu lat 1929-1933. Istnieje zatem potrzeba przyjrzenia si\u0119 mechanizmom, kt\u00f3re wywo\u0142a\u0142y ostatnie wstrz\u0105sy w globalnej gospodarce m.in. po to, aby oceni\u0107 szans\u0119 finansowych mechanizm\u00f3w stabilizacji wdra\u017canych w ich efekcie.<\/p>\n","protected":false},"excerpt":{"rendered":"<p>Redakcja: Bednarczyk Jan L. Wydawca: CeDeWu Oprawa: Mi\u0119kka Format: 16.5&#215;23.5cm [&hellip;]<\/p>\n","protected":false},"featured_media":10735,"template":"","meta":[],"product_brand":[],"product_cat":[24],"product_tag":[551,755,378],"class_list":{"0":"post-2823","1":"product","2":"type-product","3":"status-publish","4":"has-post-thumbnail","6":"product_cat-polityka-gospodarcza","7":"product_tag-globalizacja","8":"product_tag-polityka-gospodarcza","9":"product_tag-wzrost-gospodarczy","11":"first","12":"instock","13":"sale","14":"shipping-taxable","15":"purchasable","16":"product-type-simple"},"_links":{"self":[{"href":"https:\/\/ksiegarnia-akademicka.pl\/index.php\/wp-json\/wp\/v2\/product\/2823","targetHints":{"allow":["GET"]}}],"collection":[{"href":"https:\/\/ksiegarnia-akademicka.pl\/index.php\/wp-json\/wp\/v2\/product"}],"about":[{"href":"https:\/\/ksiegarnia-akademicka.pl\/index.php\/wp-json\/wp\/v2\/types\/product"}],"wp:featuredmedia":[{"embeddable":true,"href":"https:\/\/ksiegarnia-akademicka.pl\/index.php\/wp-json\/wp\/v2\/media\/10735"}],"wp:attachment":[{"href":"https:\/\/ksiegarnia-akademicka.pl\/index.php\/wp-json\/wp\/v2\/media?parent=2823"}],"wp:term":[{"taxonomy":"product_brand","embeddable":true,"href":"https:\/\/ksiegarnia-akademicka.pl\/index.php\/wp-json\/wp\/v2\/product_brand?post=2823"},{"taxonomy":"product_cat","embeddable":true,"href":"https:\/\/ksiegarnia-akademicka.pl\/index.php\/wp-json\/wp\/v2\/product_cat?post=2823"},{"taxonomy":"product_tag","embeddable":true,"href":"https:\/\/ksiegarnia-akademicka.pl\/index.php\/wp-json\/wp\/v2\/product_tag?post=2823"}],"curies":[{"name":"wp","href":"https:\/\/api.w.org\/{rel}","templated":true}]}}