{"id":2788,"date":"2018-05-22T12:46:35","date_gmt":"2018-05-22T10:46:35","guid":{"rendered":"http:\/\/ksiegarnia-akademicka.pl\/index.php\/product\/gemba-kaizen-zdroworozsadkowe-niskokosztowe-podejscie-do-zarzadzania\/"},"modified":"2024-12-04T13:24:34","modified_gmt":"2024-12-04T12:24:34","slug":"gemba-kaizen-zdroworozsadkowe-niskokosztowe-podejscie-do-zarzadzania","status":"publish","type":"product","link":"https:\/\/ksiegarnia-akademicka.pl\/index.php\/product\/gemba-kaizen-zdroworozsadkowe-niskokosztowe-podejscie-do-zarzadzania\/","title":{"rendered":"Gemba Kaizen Zdroworozs\u0105dkowe podej\u015bcie do strategii ci\u0105g\u0142ego rozwoju"},"content":{"rendered":"<p>Imai Masaaki<br \/>\nT\u0142umacze: Witkowska Magda, Sa\u0142but Bartosz<br \/>\nWydawca: MT Biznes<br \/>\nOprawa: Mi\u0119kka ze skrzyde\u0142kami<br \/>\nFormat: 15.8&#215;23.3cm<br \/>\nLiczba stron: 484<br \/>\nWydanie: 1<br \/>\nRok wydania: 2018<\/p>\n<p>Niniejsze, drugie wydanie niezwyk\u0142ej ksi\u0105\u017cki Gemba kaizen to d\u0142ugo oczekiwana, kompleksowo zaktualizowana wersja precyzyjnego opracowania, kt\u00f3re omawia zasady japo\u0144skiej filozofii biznesu \u2013 filozofii ci\u0105g\u0142ego doskonalenia i innowacji w zakresie proces\u00f3w, czyli kaizen, w obszarze o zasadniczym znaczeniu z punktu widzenia wynik\u00f3w firmy. Chodzi o obszar, w kt\u00f3rym podejmowane s\u0105 kluczowe dzia\u0142ania, czyli o gemba. Umo\u017cliwia to sprawne wdra\u017canie efektywnych kosztowo udoskonale\u0144 w najwa\u017cniejszych procesach biznesowych.<br \/>\nPrzytoczone w ksi\u0105\u017cce przyk\u0142ady pokazuj\u0105, w jaki spos\u00f3b mo\u017cna obni\u017ca\u0107 koszty, poprawia\u0107 jako\u015b\u0107 i podnosi\u0107 poziom zadowolenia klienta.<br \/>\nTo kompleksowe opracowanie szczeg\u00f3\u0142owo omawia kluczowe zagadnienia gemba kaizen, takie jak:<br \/>\nJako\u015b\u0107, koszt i dostawa w obr\u0119bie gemba. Pi\u0119\u0107 krok\u00f3w organizacji miejsca pracy. Rozpoznawanie i eliminacja muda, czyli dzia\u0142a\u0144 niegeneruj\u0105cych warto\u015bci dodanej. Zarz\u0105dzanie wizualne. Rola kierownik\u00f3w w \u015brodowisku pracy zorganizowanym zgodnie z zasad\u0105 lean. Rola i zakres odpowiedzialno\u015bci mened\u017cer\u00f3w gemba, je\u017celi chodzi o utrzymywanie wysokich wynik\u00f3w. Zarz\u0105dzanie JIT i TFM. Rola dyrektora generalnego w przewodzeniu kulturze kaizen. \u201eJe\u017celi szukasz odpowiedzi na pytanie, co zrobi\u0107, aby Tw\u00f3j biznes by\u0142 bardziej op\u0142acalny i skuteczny, otw\u00f3rz t\u0119 ksi\u0105\u017ck\u0119 i nie szukaj ju\u017c dalej. Dobrze trafi\u0142e\u015b!<br \/>\nKaizen Institute, kt\u00f3ry reprezentujemy autor i ja, \u015bwi\u0119tuje swoje okr\u0105g\u0142e 15-lecie skutecznego funkcjonowania na rynku polskim i blisko 35-lecie na scenie \u015bwiatowej. Tysi\u0105ce zadowolonych firm w Polsce i na \u015bwiecie daje nam bardzo mocn\u0105 legitymacj\u0119 do zapewnienia Ciebie, \u017ce wykorzystanie kaizen do prostych codziennych usprawnie\u0144 prze\u0142o\u017cy si\u0119 na zwi\u0119kszenie efektywno\u015bci proces\u00f3w w Twojej ?rmie. Efekt w postaci wy\u017cszej produktywno\u015bci, lepszej jako\u015bci i zwi\u0119kszonych zysk\u00f3w osi\u0105ganych przy znacznie ni\u017cszym nak\u0142adzie koszt\u00f3w, czasu i inwestycji nie mo\u017ce by\u0107 dla Ciebie oboj\u0119tny.<br \/>\nJe\u017celi wdro\u017cysz podstawowe zasady, kt\u00f3re opisuje w niniejszej ksi\u0105\u017cce Masaaki Imai, droga do sukcesu jest otwarta. W pierwszej kolejno\u015bci staraj si\u0119 wdra\u017ca\u0107 rozwi\u0105zania, kt\u00f3re poci\u0105gaj\u0105 za sob\u0105 niskie koszty, i pami\u0119taj, \u017ce d\u0105\u017cenie do perfekcji z kaizen nie ma ko\u0144ca\u201d.<br \/>\nMariusz Bryke, CEO Kaizen Institute Poland<\/p>\n","protected":false},"excerpt":{"rendered":"<p>Imai Masaaki T\u0142umacze: Witkowska Magda, Sa\u0142but Bartosz Wydawca: MT Biznes [&hellip;]<\/p>\n","protected":false},"featured_media":8505,"template":"","meta":[],"product_brand":[],"product_cat":[7511,7517,31,30,7512,7515],"product_tag":[751,4445,100,918],"class_list":{"0":"post-2788","1":"product","2":"type-product","3":"status-publish","4":"has-post-thumbnail","6":"product_cat-kierowanie-i-zarzadzanie","7":"product_cat-logistyka","8":"product_cat-przedsiebiorstwo","9":"product_cat-zarzadzanie","10":"product_cat-zarzadzanie-jakoscia","11":"product_cat-zarzadzanie-przedsiebiorstwem","12":"product_tag-kaizen","13":"product_tag-zarzadzanie-i-organizacja","14":"product_tag-zarzadzanie-jakoscia","15":"product_tag-zarzadzanie-przedsiebiorstwem","17":"first","18":"outofstock","19":"sale","20":"shipping-taxable","21":"purchasable","22":"product-type-simple"},"_links":{"self":[{"href":"https:\/\/ksiegarnia-akademicka.pl\/index.php\/wp-json\/wp\/v2\/product\/2788","targetHints":{"allow":["GET"]}}],"collection":[{"href":"https:\/\/ksiegarnia-akademicka.pl\/index.php\/wp-json\/wp\/v2\/product"}],"about":[{"href":"https:\/\/ksiegarnia-akademicka.pl\/index.php\/wp-json\/wp\/v2\/types\/product"}],"wp:featuredmedia":[{"embeddable":true,"href":"https:\/\/ksiegarnia-akademicka.pl\/index.php\/wp-json\/wp\/v2\/media\/8505"}],"wp:attachment":[{"href":"https:\/\/ksiegarnia-akademicka.pl\/index.php\/wp-json\/wp\/v2\/media?parent=2788"}],"wp:term":[{"taxonomy":"product_brand","embeddable":true,"href":"https:\/\/ksiegarnia-akademicka.pl\/index.php\/wp-json\/wp\/v2\/product_brand?post=2788"},{"taxonomy":"product_cat","embeddable":true,"href":"https:\/\/ksiegarnia-akademicka.pl\/index.php\/wp-json\/wp\/v2\/product_cat?post=2788"},{"taxonomy":"product_tag","embeddable":true,"href":"https:\/\/ksiegarnia-akademicka.pl\/index.php\/wp-json\/wp\/v2\/product_tag?post=2788"}],"curies":[{"name":"wp","href":"https:\/\/api.w.org\/{rel}","templated":true}]}}